{"id":29466,"date":"2025-06-27T08:52:37","date_gmt":"2025-06-27T08:52:37","guid":{"rendered":"https:\/\/development-bgaming-players-hub.pantheonsite.io\/privacy-policy"},"modified":"2025-09-24T10:30:59","modified_gmt":"2025-09-24T10:30:59","slug":"privacy-policy","status":"publish","type":"page","link":"https:\/\/bgaming.com\/es\/privacy-policy","title":{"rendered":"Pol\u00edtica de privacidad"},"content":{"rendered":"\n<div class=\"hero-banner align wp-block-acf-hero-banner is-layout-flow wp-block-hero-banner-is-layout-flow\" id=\"hero-banner-acf-block-67abd84a1e2ed\">\n    <div class=\"acf-innerblocks-container\">\n\n<div class=\"wp-block-columns container is-layout-flex wp-container-core-columns-is-layout-28f84493 wp-block-columns-is-layout-flex\">\n<div class=\"wp-block-column hero-banner__wrapper has-violet-background-color has-background is-layout-flow wp-block-column-is-layout-flow\" style=\"border-radius:0.75rem;padding-top:132px;padding-bottom:132px\">\n<div class=\"wp-block-group hero-banner__data is-vertical is-content-justification-center is-layout-flex wp-container-core-group-is-layout-ce155fab wp-block-group-is-layout-flex\">\n<h1 class=\"wp-block-heading hero-banner__data_heading has-white-color has-text-color\" style=\"text-transform:uppercase\">POL\u00cdTICA DE PRIVACIDAD<\/h1>\n\n\n\n<p class=\"has-text-align-center has-white-color has-text-color\">Si tiene alguna pregunta o sugerencia con respecto a esta Pol\u00edtica de privacidad, p\u00f3ngase en contacto con nosotros.<\/p>\n\n\n\n<div class=\"wp-block-buttons hero-banner__data_button is-layout-flex wp-block-buttons-is-layout-flex\">\n<div class=\"wp-block-button is-style-vite-outline-yellow-button\"><a class=\"wp-block-button__link wp-element-button\" href=\"https:\/\/bgaming.com\/contact-us\">Contacte con nosotros<\/a><\/div>\n<\/div>\n<\/div>\n<\/div>\n<\/div>\n\n<\/div>\n<\/div>\n\n<div class=\"text-navigation align wp-block-acf-text-navigation is-layout-flow wp-block-text-navigation-is-layout-flow\" id=\"text-navigation-acf-block-681c74301fbb9\">\n    <div class=\"header-nav-current container\">\n        <span class=\"open-nav-mobile\"><\/span>\n            <\/div>\n\n    <div class=\"container\">\n        <div class=\"wrapper\">\n\t                        <div class=\"navigation\">\n                    <div class=\"mobile-quick-list\">\n                        Enlaces R\u00e1pidos                        <span class=\"closed-nav\">\n                            <svg width=\"16\" height=\"16\" viewBox=\"0 0 16 16\" fill=\"none\" xmlns=\"http:\/\/www.w3.org\/2000\/svg\">\n                                <path d=\"M3.33398 3.33398L12.6667 12.6667\" stroke=\"#292D32\" stroke-width=\"1.5\" stroke-linecap=\"round\" stroke-linejoin=\"round\"\/>\n                                <path d=\"M3.33331 12.6667L12.666 3.33398\" stroke=\"#292D32\" stroke-width=\"1.5\" stroke-linecap=\"round\" stroke-linejoin=\"round\"\/>\n                            <\/svg>\n                        <\/span>\n                    <\/div>\n\t\t\t                                <div class=\"navigation-item\">\n\t\t\t\t\t                                        <div class=\"navigation-title\">\n\t\t\t\t\t\t\t        V\u00ednculos r\u00e1pidos                                <\/div>\n\t\t\t\t\t        \t\t\t\t\t                                        <div class=\"navigation-list\">\n\t\t\t\t\t\t\t                                                <a href=\"#what-data-bgaming-collects\">Datos que BGaming recopila<\/a>\n\t\t\t\t\t\t\t                                                <a href=\"#use-of-your-personal-data\">Uso de sus datos<\/a>\n\t\t\t\t\t\t\t                                                <a href=\"#data-retention\">Retenci\u00f3n de datos<\/a>\n\t\t\t\t\t\t\t                                                <a href=\"#cookies-policy\">Pol\u00edtica de cookies<\/a>\n\t\t\t\t\t\t\t                                                <a href=\"#security\">Seguridad<\/a>\n\t\t\t\t\t\t\t                                                <a href=\"#transfer-ownership\">Transferir la propiedad<\/a>\n\t\t\t\t\t\t\t                                        <\/div>\n\t\t\t\t\t                                <\/div>\n\t\t\t        \t                                <\/div>\n\t        \t                        <div class=\"content\">\n\t\t\t        \n\t<div \n\t class=\"content-block text-block\">\n\t\t<h2 class=\"heading-style-h3\">INTRODUCCI\u00d3N<\/h2>\n<p>Esta pol\u00edtica de privacidad establece c\u00f3mo y por qu\u00e9 recopilamos, procesamos y almacenamos cualquier informaci\u00f3n (en adelante, \u00abDatos personales\u00bb) que comparta con nosotros para que podamos identificarlo como persona cuando utiliza el sitio web bgaming.com (en adelante, el Sitio web) y\/o juega a cualquiera de nuestros juegos de casino (en adelante, los Juegos) a trav\u00e9s de nuestros clientes (en adelante, los Operadores) y\/o utiliza otros servicios proporcionados.<\/p>\n<p>Esta Pol\u00edtica se aplica cuando actuamos como controladores de datos con respecto a la informaci\u00f3n relacionada con los visitantes del sitio web y los usuarios de los Servicios.<\/p>\n<p>Tenga la seguridad de que nos comprometemos a proteger su privacidad y salvaguardar sus datos. Al utilizar nuestro sitio web y\/o nuestros servicios, usted confirma su consentimiento con la Pol\u00edtica de privacidad. Cualquier modificaci\u00f3n de esta Pol\u00edtica se mostrar\u00e1 en el sitio web y se considerar\u00e1 v\u00e1lida inmediatamente despu\u00e9s de la fecha de publicaci\u00f3n. Debe consultar esta p\u00e1gina de vez en cuando para asegurarse de que est\u00e1 de acuerdo con los cambios en la Pol\u00edtica.<\/p>\n<p>Si no est\u00e1 de acuerdo con los t\u00e9rminos de esta Pol\u00edtica, debe dejar de usar el sitio web.<\/p>\n\n\t\t\t<\/div>\n\n\t<div \n\t\t\tid=\"what-data-bgaming-collects\" class=\"content-block text-block\">\n\t\t<div class=\"padding-bottom padding-xxsmall\">\n<div class=\"padding-bottom padding-xxsmall\">\n<h2 class=\"heading-style-h3\">QU\u00c9 DATOS RECOPILA BGAMING<\/h2>\n<\/div>\n<div class=\"text-rich-text w-richtext\">\n<p>BGaming recopila informaci\u00f3n de identificaci\u00f3n personal, como nombre y apellidos, fecha de nacimiento, direcci\u00f3n f\u00edsica, direcci\u00f3n de correo electr\u00f3nico, n\u00famero de tel\u00e9fono, etc. Esta informaci\u00f3n se obtiene mediante su env\u00edo voluntario a trav\u00e9s de nuestro<br \/>\nSitio web o p\u00f3ngase en contacto con nosotros directamente enviando un correo electr\u00f3nico a info@bgaming.com para informarnos sobre nuestros productos y servicios, solicitar uno de nuestros puestos o registrarse en nuestro sitio web.<\/p>\n<p>Podemos conservar la correspondencia que nos env\u00ede con fines de mantenimiento de registros y\/o procesar su informaci\u00f3n personal para cumplir con nuestras obligaciones legales, o cuando tengamos un motivo leg\u00edtimo para hacerlo de acuerdo con esta Pol\u00edtica.<\/p>\n<p>Tambi\u00e9n hay informaci\u00f3n recopilada autom\u00e1ticamente por BGaming, como su direcci\u00f3n IP din\u00e1mica, el tipo de navegador y el sistema operativo, la fuente de referencia, etc., as\u00ed como informaci\u00f3n sobre el momento, la frecuencia y el patr\u00f3n de su<br \/>\nuso de nuestros sitios web o servicios. Esta informaci\u00f3n se utiliza para la operaci\u00f3n del servicio, para mantener la calidad del servicio y para proporcionar estad\u00edsticas generales sobre el uso del sitio web.<\/p>\n<\/div>\n<\/div>\n\n\t\t\t<\/div>\n\n\t<div \n\t\t\tid=\"use-of-your-personal-data\" class=\"content-block text-block\">\n\t\t<div class=\"padding-bottom padding-xxsmall\">\n<h3 class=\"heading-style-h3\">USO DE SUS DATOS PERSONALES<\/h3>\n<\/div>\n<div class=\"text-rich-text w-richtext\">\n<p>Podemos utilizar su informaci\u00f3n con los siguientes fines:<\/p>\n<ul role=\"list\">\n<li>proporcionar los Servicios y mejorar la calidad del Sitio web y los Servicios;<\/li>\n<li>proporcionarle informaci\u00f3n y actualizaciones para utilizar el sitio web y los servicios de manera m\u00e1s eficaz;<\/li>\n<li>implementar nuestras actividades de marketing;<\/li>\n<li>satisfacer sus demandas de asistencia al operador;<\/li>\n<li>tramitar una solicitud de empleo;<\/li>\n<\/ul>\n<p>Adem\u00e1s de los fines mencionados anteriormente, siempre podemos usar sus datos personales seg\u00fan lo exijan las leyes y los reglamentos para cumplir con las responsabilidades legales y reglamentarias. Ocasionalmente, podemos utilizar su direcci\u00f3n de correo electr\u00f3nico para informarle sobre nuestros servicios, los pr\u00f3ximos cambios o mejoras, las noticias y los eventos. Le brindamos la oportunidad de rechazar la distribuci\u00f3n de dichos mensajes o suspender las notificaciones con los objetivos anteriores si se pone en contacto con nosotros y confirma que no desea informarle.<\/p>\n<p>El \u00fanico tipo de mensajes que no puede negarse a aceptar son los anuncios obligatorios relacionados con los servicios, la suspensi\u00f3n planificada o la interrupci\u00f3n de los Servicios.<\/p>\n<p>\u00bfCon qui\u00e9n compartimos sus datos?<\/p>\n<p>Podemos divulgar sus datos personales a cualquier miembro de nuestra empresa (es decir, nuestras empresas matrices, sus empresas matrices y todas las filiales de dichas empresas) cuando sea razonablemente necesario para los fines establecidos en esta Pol\u00edtica.<\/p>\n<p>Podemos divulgar sus datos personales a nuestros asesores profesionales y socios comerciales cuando sea razonablemente necesario para gestionar los riesgos, obtener asesoramiento profesional o para establecer y defender nuestras reclamaciones legales, ya sea en un procedimiento judicial o extrajudicial.<\/p>\n<p>Nunca vendemos ni alquilamos su informaci\u00f3n personal a terceros.<\/p>\n<p>Tenga en cuenta tambi\u00e9n que, para proporcionarle servicios eficientes, nosotros o nuestros proveedores de servicios podemos requerir la transferencia de sus datos personales a otro pa\u00eds dentro o fuera del Espacio Econ\u00f3mico Europeo (EEE). Por lo tanto, al utilizar el sitio web y comunicarse electr\u00f3nicamente con nosotros, usted reconoce y acepta que procesemos sus datos en estos pa\u00edses.<\/p>\n<\/div>\n\n\t\t\t<\/div>\n\n\t<div \n\t\t\tid=\"data-retention\" class=\"content-block text-block\">\n\t\t<div class=\"padding-bottom padding-xxsmall\">\n<div class=\"padding-bottom padding-xxsmall\">\n<h3 class=\"heading-style-h3\">RETENCI\u00d3N DE DATOS<\/h3>\n<\/div>\n<div class=\"text-rich-text w-richtext\">\n<p>Nos aseguraremos de que los datos personales que procesemos para cualquier prop\u00f3sito no se conserven durante m\u00e1s tiempo del necesario para ese prop\u00f3sito. Podremos conservar sus datos personales cuando dicha retenci\u00f3n sea necesaria para cumplir con una obligaci\u00f3n legal a la que estemos sujetos o para proteger sus intereses leg\u00edtimos o los intereses vitales de otra persona f\u00edsica. Tambi\u00e9n podemos conservar datos derivados de su informaci\u00f3n con fines anal\u00edticos cuando no implique una toma de decisiones automatizada.<\/p>\n<\/div>\n<\/div>\n\n\t\t\t<\/div>\n\n\t<div \n\t class=\"content-block text-block\">\n\t\t<div class=\"padding-bottom padding-xxsmall\">\n<div class=\"padding-bottom padding-xxsmall\">\n<div class=\"padding-bottom padding-xxsmall\">\n<h3 class=\"heading-style-h3\">18 A\u00d1OS O MENOS<\/h3>\n<\/div>\n<div class=\"text-rich-text w-richtext\">\n<p>Si tiene 18 a\u00f1os o menos, obtenga el permiso de sus padres o tutores antes de proporcionarnos cualquier informaci\u00f3n personal.<\/p>\n<\/div>\n<\/div>\n<\/div>\n\n\t\t\t<\/div>\n\n\t<div \n\t\t\tid=\"cookies-policy\" class=\"content-block text-block\">\n\t\t<div class=\"padding-bottom padding-xxsmall\">\n<div class=\"padding-bottom padding-xxsmall\">\n<div class=\"padding-bottom padding-xxsmall\">\n<div class=\"padding-bottom padding-xxsmall\">\n<h2 class=\"heading-style-h3\">POL\u00cdTICA DE COOKIES<\/h2>\n<\/div>\n<div class=\"text-rich-text w-richtext\">\n<p>Usamos cookies y tecnolog\u00edas de seguimiento similares para ayudarlo a personalizar su experiencia en l\u00ednea. Las cookies son peque\u00f1os archivos de texto que se almacenan en su computadora y que su navegador guarda. Las cookies no se pueden usar para ejecutar programas ni para enviar virus a su computadora. Las cookies se le asignan de forma exclusiva y solo las puede leer un servidor web del dominio que le emiti\u00f3 la cookie.<\/p>\n<p>La mayor\u00eda de las cookies que utilizamos son las denominadas \u00abcookies de sesi\u00f3n\u00bb. Se eliminan autom\u00e1ticamente despu\u00e9s de su visita. Otras cookies permanecen en la memoria de su dispositivo hasta que las elimine. Estas cookies permiten reconocer su navegador la pr\u00f3xima vez que visite el sitio.<\/p>\n<p>Usamos Google Analytics, un servicio de an\u00e1lisis web de Google Inc., 1600 Amphitheatre Parkway, Mountain View, CA 94043, EE. UU. Google Analytics obtiene informaci\u00f3n sobre el uso de los sitios web a trav\u00e9s de cookies. Se puede encontrar m\u00e1s informaci\u00f3n\u00a0<a href=\"https:\/\/support.google.com\/analytics\/answer\/6004245\" target=\"_blank\" rel=\"noopener nofollow\">aqu\u00ed<\/a>, incluido un enlace a\u00a0<a href=\"https:\/\/policies.google.com\/privacy?hl=en\" target=\"_blank\" rel=\"noopener nofollow\">Pol\u00edtica de privacidad de Google<\/a>.<\/p>\n<p>Tiene la posibilidad de aceptar o rechazar las cookies. La mayor\u00eda de los navegadores web aceptan autom\u00e1ticamente las cookies, pero normalmente puede modificar la configuraci\u00f3n de su navegador para rechazar las cookies si as\u00ed lo desea. Si decide rechazar las cookies, es posible que no pueda utilizar en su totalidad los servicios o sitios web que visite.<\/p>\n<\/div>\n<\/div>\n<\/div>\n<\/div>\n\n\t\t\t<\/div>\n\n\t<div \n\t\t\tid=\"security\" class=\"content-block text-block\">\n\t\t<div class=\"padding-bottom padding-xxsmall\">\n<div class=\"padding-bottom padding-xxsmall\">\n<div class=\"padding-bottom padding-xxsmall\">\n<div class=\"padding-bottom padding-xxsmall\">\n<div class=\"padding-bottom padding-xxsmall\">\n<h2 class=\"heading-style-h3\">SEGURIDAD<\/h2>\n<\/div>\n<div class=\"text-rich-text w-richtext\">\n<p>Empleamos una variedad de mecanismos de seguridad y mejores pr\u00e1cticas para proteger su informaci\u00f3n contra el acceso no autorizado, el procesamiento ilegal, la p\u00e9rdida accidental, la destrucci\u00f3n y los da\u00f1os.<\/p>\n<p>Este sitio web utiliza el cifrado SSL, lo que significa que los datos que nos transfiere a trav\u00e9s del sitio web no pueden ser le\u00eddos por terceros en el momento de la transferencia. Puede reconocer una conexi\u00f3n cifrada en la l\u00ednea de direcci\u00f3n de su navegador cuando dice \u00abhttps:\/\/\u00bb y aparece el icono de candado en la barra de direcciones.<\/p>\n<p>Mientras hacemos nuestra parte, le recordamos que tambi\u00e9n debe tomar medidas personales para garantizar la seguridad de su informaci\u00f3n, tanto f\u00edsica como electr\u00f3nicamente. Entre las medidas habituales se incluyen: utilizar un software antivirus y mantenerlo actualizado; actualizar peri\u00f3dicamente los sistemas operativos, los navegadores web y otras aplicaciones; garantizar que su ordenador o dispositivo m\u00f3vil est\u00e9 protegido con contrase\u00f1a; utilizar contrase\u00f1as seguras para todos los inicios de sesi\u00f3n.<\/p>\n<\/div>\n<\/div>\n<\/div>\n<\/div>\n<\/div>\n\n\t\t\t<\/div>\n\n\t<div \n\t\t\tid=\"transfer-ownership\" class=\"content-block text-block\">\n\t\t<div class=\"padding-bottom padding-xxsmall\">\n<div class=\"padding-bottom padding-xxsmall\">\n<div class=\"padding-bottom padding-xxsmall\">\n<div class=\"padding-bottom padding-xxsmall\">\n<div class=\"padding-bottom padding-xxsmall\">\n<div class=\"padding-bottom padding-xxsmall\">\n<h2 class=\"heading-style-h3\">TRANSFERIR LA PROPIEDAD<\/h2>\n<\/div>\n<div class=\"text-rich-text w-richtext\">\n<p>En caso de cambio de propiedad, como una fusi\u00f3n, adquisici\u00f3n o venta de nuestros activos, toda la informaci\u00f3n puede transmitirse de acuerdo con esta Pol\u00edtica. Al transferir los datos, tomaremos todas las medidas necesarias para garantizar que sus datos personales se traten de forma segura y de conformidad con este documento.<\/p>\n<\/div>\n<\/div>\n<\/div>\n<\/div>\n<\/div>\n<\/div>\n\n\t\t\t<\/div>\n\n\t<div \n\t class=\"content-block text-block\">\n\t\t<div class=\"padding-bottom padding-xxsmall\">\n<div class=\"padding-bottom padding-xxsmall\">\n<div class=\"padding-bottom padding-xxsmall\">\n<div class=\"padding-bottom padding-xxsmall\">\n<div class=\"padding-bottom padding-xxsmall\">\n<div class=\"padding-bottom padding-xxsmall\">\n<div class=\"padding-bottom padding-xxsmall\">\n<h2 class=\"heading-style-h3\">CONTACTA CON NOSOTROS<\/h2>\n<\/div>\n<div class=\"text-rich-text w-richtext\">\n<p>Si tiene alguna pregunta o sugerencia con respecto a esta Pol\u00edtica de privacidad, p\u00f3ngase en contacto con nosotros por correo electr\u00f3nico:\u00a0<a href=\"mailto:info@bgaming.com\" target=\"_blank\" rel=\"noopener\">info@bgaming.com<\/a>.<\/p>\n<p>\u00daltima actualizaci\u00f3n: 25 de mayo de 2018<\/p>\n<\/div>\n<\/div>\n<\/div>\n<\/div>\n<\/div>\n<\/div>\n<\/div>\n\n\t\t\t<\/div>\n                <\/div>\n\t                <\/div>\n    <\/div>\n\n<\/div>\n\n\n<div\nclass=\"cta-banner align wp-block-acf-cta-banner is-layout-flow wp-block-cta-banner-is-layout-flow\" id=\"cta-banner-acf-block-67b3521e40a73\">\n\t<div class=\"cta-banner__bg-wrapper\" style=\"background-color: #ffcc29;background-image: url( https:\/\/bgaming.com\/wp-content\/uploads\/2025\/02\/bg.svg );\">\n\t\t<div class=\"container\">\n\t\t\t<div class=\"cta-banner__wrapper parallax-wrapper\">\n\t\t\t\t<div class=\"acf-innerblocks-container\">\n\n<div class=\"wp-block-columns cta-banner__data is-layout-flex wp-container-core-columns-is-layout-28f84493 wp-block-columns-is-layout-flex\">\n<div class=\"wp-block-column cta-banner__data_text is-layout-flow wp-block-column-is-layout-flow\">\n<h2 class=\"wp-block-heading\" style=\"text-transform:uppercase\">Comencemos una conversaci\u00f3n<\/h2>\n\n\n\n<p>\u00bfTe gustar\u00eda iniciar una conversaci\u00f3n con BGaming en cualquier campo? \u00a1Escr\u00edbenos!<\/p>\n\n\n\n<div class=\"wp-block-buttons is-layout-flex wp-block-buttons-is-layout-flex\">\n<div class=\"wp-block-button is-style-vite-outline-black-button\"><a class=\"wp-block-button__link wp-element-button\">Contacto<\/a><\/div>\n<\/div>\n<\/div>\n<\/div>\n\n<\/div>\n\n\t\t\t\t\t\t\t\t\t<div class=\"cta-banner__images parallax\">\n\t\t\t\t\t\t\t\t\t\t\t\t\t<div class=\"parallax-container image-coin-left\">\n\t\t\t\t\t\t\t\t<img src=\"https:\/\/bgaming.com\/wp-content\/uploads\/2025\/02\/left.webp\" loading=\"lazy\" decoding=\"async\" alt=\"\">\t\t\t\t\t\t\t<\/div>\n\t\t\t\t\t\t\t\t\t\t\t\t\t\t\t\t\t\t\t<div class=\"parallax-container main-image\">\n\t\t\t\t\t\t\t\t<img src=\"https:\/\/bgaming.com\/wp-content\/uploads\/2025\/02\/main.webp\" loading=\"lazy\" decoding=\"async\" alt=\"\">\t\t\t\t\t\t\t<\/div>\n\t\t\t\t\t\t\t\t\t\t\t\t\t\t\t\t\t\t\t<div class=\"parallax-container image-coin-right\">\n\t\t\t\t\t\t\t\t<img src=\"https:\/\/bgaming.com\/wp-content\/uploads\/2025\/02\/right.webp\" loading=\"lazy\" decoding=\"async\" alt=\"\">\t\t\t\t\t\t\t<\/div>\n\t\t\t\t\t\t\t\t\t\t\t<\/div>\n\t\t\t\t\t\t\t<\/div>\n\t\t<\/div>\n\t<\/div>\n<\/div>\n","protected":false},"excerpt":{"rendered":"","protected":false},"author":6688,"featured_media":0,"parent":0,"menu_order":0,"comment_status":"closed","ping_status":"closed","template":"","meta":{"_sitemap_exclude":false,"_sitemap_priority":"","_sitemap_frequency":"","footnotes":""},"page-group":[],"class_list":["post-29466","page","type-page","status-publish","hentry"],"acf":[],"_links":{"self":[{"href":"https:\/\/bgaming.com\/es\/wp-json\/wp\/v2\/pages\/29466","targetHints":{"allow":["GET"]}}],"collection":[{"href":"https:\/\/bgaming.com\/es\/wp-json\/wp\/v2\/pages"}],"about":[{"href":"https:\/\/bgaming.com\/es\/wp-json\/wp\/v2\/types\/page"}],"author":[{"embeddable":true,"href":"https:\/\/bgaming.com\/es\/wp-json\/wp\/v2\/users\/6688"}],"replies":[{"embeddable":true,"href":"https:\/\/bgaming.com\/es\/wp-json\/wp\/v2\/comments?post=29466"}],"version-history":[{"count":12,"href":"https:\/\/bgaming.com\/es\/wp-json\/wp\/v2\/pages\/29466\/revisions"}],"predecessor-version":[{"id":48034,"href":"https:\/\/bgaming.com\/es\/wp-json\/wp\/v2\/pages\/29466\/revisions\/48034"}],"wp:attachment":[{"href":"https:\/\/bgaming.com\/es\/wp-json\/wp\/v2\/media?parent=29466"}],"wp:term":[{"taxonomy":"page-group","embeddable":true,"href":"https:\/\/bgaming.com\/es\/wp-json\/wp\/v2\/page-group?post=29466"}],"curies":[{"name":"wp","href":"https:\/\/api.w.org\/{rel}","templated":true}]}}