{"id":31606,"date":"2025-07-30T10:16:28","date_gmt":"2025-07-30T10:16:28","guid":{"rendered":"https:\/\/development-bgaming-players-hub.pantheonsite.io\/terminos-y-condiciones-de-maxwin-club"},"modified":"2025-09-24T10:28:47","modified_gmt":"2025-09-24T10:28:47","slug":"terminos-y-condiciones-de-maxwin-club","status":"publish","type":"page","link":"https:\/\/bgaming.com\/es\/terminos-y-condiciones-de-maxwin-club","title":{"rendered":"T\u00e9rminos y condiciones de Maxwin club"},"content":{"rendered":"\n<div class=\"hero-banner align wp-block-acf-hero-banner is-layout-flow wp-block-hero-banner-is-layout-flow\" id=\"hero-banner-acf-block-67abd84a1e2ed\">\n    <div class=\"acf-innerblocks-container\">\n\n<div class=\"wp-block-columns container is-layout-flex wp-container-core-columns-is-layout-28f84493 wp-block-columns-is-layout-flex\">\n<div class=\"wp-block-column hero-banner__wrapper has-violet-background-color has-background is-layout-flow wp-block-column-is-layout-flow\" style=\"border-radius:0.75rem;padding-top:132px;padding-bottom:132px\">\n<div class=\"wp-block-group hero-banner__data is-vertical is-content-justification-center is-layout-flex wp-container-core-group-is-layout-ce155fab wp-block-group-is-layout-flex\">\n<h1 class=\"wp-block-heading hero-banner__data_heading has-white-color has-text-color\" style=\"text-transform:uppercase\">T\u00e9rminos y Condiciones<br>Club MaxWin<\/h1>\n\n\n\n<p class=\"has-text-align-left has-white-color has-text-color has-link-color wp-elements-e847a91a33d38baed0154cbfe4dd09d8\"><p class=\"has-text-align-left !m-0 has-white-color has-text-color has-link-color\" style=\"margin: 0!important;\">\u00a1Bienvenido al <a href=\"https:\/\/bgaming.com\/maxwin-club\">Club BGaming MaxWin<\/a>! Estos t\u00e9rminos y condiciones rigen su participaci\u00f3n en nuestro club exclusivo dise\u00f1ado espec\u00edficamente para que los streamers muestren sus mayores ganancias en toda la cartera de juegos de BGaming. Al participar en el Club MaxWin, usted acepta regirse por estos t\u00e9rminos y las pautas generales a continuaci\u00f3n. <\/p><\/p>\n<\/div>\n<\/div>\n<\/div>\n\n<\/div>\n<\/div>\n\n<div class=\"text-navigation align wp-block-acf-text-navigation has-global-padding is-layout-constrained wp-container-acf-text-navigation-is-layout-244a730b wp-block-text-navigation-is-layout-constrained\" id=\"text-navigation-acf-block-681c74301fbb9\">\n    <div class=\"header-nav-current container\">\n        <span class=\"open-nav-mobile\"><\/span>\n            <\/div>\n\n    <div class=\"container\">\n        <div class=\"wrapper\">\n\t                        <div class=\"navigation\">\n                    <div class=\"mobile-quick-list\">\n                        Enlaces R\u00e1pidos                        <span class=\"closed-nav\">\n                            <svg width=\"16\" height=\"16\" viewBox=\"0 0 16 16\" fill=\"none\" xmlns=\"http:\/\/www.w3.org\/2000\/svg\">\n                                <path d=\"M3.33398 3.33398L12.6667 12.6667\" stroke=\"#292D32\" stroke-width=\"1.5\" stroke-linecap=\"round\" stroke-linejoin=\"round\"\/>\n                                <path d=\"M3.33331 12.6667L12.666 3.33398\" stroke=\"#292D32\" stroke-width=\"1.5\" stroke-linecap=\"round\" stroke-linejoin=\"round\"\/>\n                            <\/svg>\n                        <\/span>\n                    <\/div>\n\t\t\t                                <div class=\"navigation-item\">\n\t\t\t\t\t                                        <div class=\"navigation-title\">\n\t\t\t\t\t\t\t        Enlaces r\u00e1pidos                                <\/div>\n\t\t\t\t\t        \t\t\t\t\t                                        <div class=\"navigation-list\">\n\t\t\t\t\t\t\t                                                <a href=\"#eligibility\">Elegibilidad<\/a>\n\t\t\t\t\t\t\t                                                <a href=\"#how-to-participate\">C\u00f3mo Participar<\/a>\n\t\t\t\t\t\t\t                                                <a href=\"#prizes\">Premios<\/a>\n\t\t\t\t\t\t\t                                                <a href=\"#general-conditions\">Condiciones Generales<\/a>\n\t\t\t\t\t\t\t                                                <a href=\"#intellectual-property\">Propiedad Intelectual<\/a>\n\t\t\t\t\t\t\t                                                <a href=\"#privacy\">Privacidad<\/a>\n\t\t\t\t\t\t\t                                                <a href=\"#limitation-of-liability\">Limitaci\u00f3n de Responsabilidad<\/a>\n\t\t\t\t\t\t\t                                                <a href=\"#changes-to-the-terms\">Cambios en los T\u00e9rminos<\/a>\n\t\t\t\t\t\t\t                                                <a href=\"#governing-law\">Ley Aplicable<\/a>\n\t\t\t\t\t\t\t                                        <\/div>\n\t\t\t\t\t                                <\/div>\n\t\t\t        \t                                <\/div>\n\t        \t                        <div class=\"content\">\n\t\t\t        \n\t<div \n\t\t\tid=\"eligibility\" class=\"content-block text-block\">\n\t\t<h2 class=\"heading-style-h5\">Elegibilidad<\/h2>\n<p>La participaci\u00f3n en el MaxWin Club est\u00e1 abierta exclusivamente a los streamers.<\/p>\n<p>Los streamers de cualquier pa\u00eds pueden participar y reclamar los premios.<\/p>\n<p>Los participantes deben tener al menos 18 a\u00f1os o ser mayores de edad seg\u00fan lo determinen las leyes del pa\u00eds en el que reside.<\/p>\n\n\t\t\t<\/div>\n\n\t<div \n\t\t\tid=\"how-to-participate\" class=\"content-block text-block\">\n\t\t<div class=\"padding-bottom padding-xxsmall\">\n<h2 class=\"heading-style-h5\">C\u00f3mo participar<\/h2>\n<p>Para entrar en el MaxWin Club de BGaming y competir por productos exclusivos de marca, sigue los pasos detallados a continuaci\u00f3n:<\/p>\n<p>Paso 1: Registra tu victoria<\/p>\n<p>Capture pruebas en v\u00eddeo de su ganancia m\u00e1xima. Este v\u00eddeo deber\u00eda mostrar claramente el importe de tu ganancia y mostrar la jugabilidad de cualquiera de los juegos de la cartera de BGaming.<\/p>\n<p>Aseg\u00farate de que la interfaz del juego y el importe de la ganancia est\u00e9n claramente visibles en el v\u00eddeo.<\/p>\n<p>Paso 2: Env\u00eda tu entrada<\/p>\n<p>Visite la p\u00e1gina de entrada oficial de BGaming MaxWin Club en nuestro sitio web.<\/p>\n<p>Complete el formulario de env\u00edo con todos los detalles requeridos. Esto incluye tu nombre, informaci\u00f3n de contacto y otros detalles relevantes sobre tu canal de streaming.<\/p>\n<p>Sube el enlace del v\u00eddeo para obtener tu ganancia m\u00e1xima. El enlace debe dirigir a una plataforma en la que el v\u00eddeo sea de acceso p\u00fablico y debe permanecer activo para poder verlo de forma continua sin restricciones.<\/p>\n<p>Paso 3: Requisitos de v\u00eddeo<\/p>\n<p>El v\u00eddeo enviado debe estar en un formato de v\u00eddeo est\u00e1ndar (p. ej., MP4) y no debe superar los 5 minutos de duraci\u00f3n.<\/p>\n<p>El v\u00eddeo debe ser de alta calidad, con audio y v\u00eddeo n\u00edtidos para verificar con precisi\u00f3n la victoria.<\/p>\n<p>El v\u00eddeo no debe comenzar m\u00e1s de 15 segundos antes de que se produzca la ganancia y terminar no m\u00e1s de 15 segundos despu\u00e9s de que se haya mostrado la ganancia.<\/p>\n<p>Paso 4: Cumplimiento y verificaci\u00f3n<\/p>\n<p>Su participaci\u00f3n debe cumplir con todos los t\u00e9rminos y condiciones establecidos por BGaming. Las participaciones que no cumplan con estos criterios se considerar\u00e1n inelegibles.<\/p>\n<p>BGaming se reserva el derecho de solicitar informaci\u00f3n o documentaci\u00f3n adicional para verificar la autenticidad de la ganancia y la elegibilidad del participante.<\/p>\n<p>Paso 5: Mant\u00e9n tu video en vivo<\/p>\n<p>Aseg\u00farese de que el enlace del v\u00eddeo permanezca activo durante al menos 30 d\u00edas despu\u00e9s del env\u00edo. Esto es para que el equipo de BGaming y la comunidad tengan tiempo suficiente para que el equipo de BGaming y la comunidad lo revisen y verifiquen.<\/p>\n<p>No mantener la visibilidad del v\u00eddeo puede resultar en la descalificaci\u00f3n.<\/p>\n<p>Paso 6: Reconocimiento de las reglas<\/p>\n<p>Al enviar su entrada, usted reconoce que ha le\u00eddo y aceptado las condiciones de participaci\u00f3n. Tambi\u00e9n acepta que su participaci\u00f3n y cualquier disputa que surja o est\u00e9 relacionada con el Club MaxWin se regir\u00e1n por estos t\u00e9rminos.<\/p>\n<\/div>\n\n\t\t\t<\/div>\n\n\t<div \n\t\t\tid=\"prizes\" class=\"content-block text-block\">\n\t\t<h2 class=\"heading-style-h5\">Premios<\/h2>\n<p>Los participantes del MaxWin Club que cumplan los requisitos recibir\u00e1n sets de productos de marca especiales de BGaming como recompensa por sus logros.<\/p>\n<p>Los premios no son transferibles y no se pueden cambiar por dinero en efectivo. La entrega del premio puede demorar hasta un mes (30 d\u00edas) o m\u00e1s, seg\u00fan diferentes factores, como la direcci\u00f3n de entrega, la log\u00edstica y la disponibilidad de los premios en un momento dado.<\/p>\n\n\t\t\t<\/div>\n\n\t<div \n\t\t\tid=\"general-conditions\" class=\"content-block text-block\">\n\t\t<div class=\"padding-bottom padding-xxsmall\">\n<h2 class=\"heading-style-h5\">Condiciones generales<\/h2>\n<\/div>\n<div class=\"text-rich-text w-richtext\">\n<p>BGaming se reserva el derecho de verificar la elegibilidad de cada participante y puede requerir informaci\u00f3n adicional o una prueba de identidad y edad.<\/p>\n<p>Nos reservamos el derecho de descalificar a cualquier participante si hay motivos para creer que ha habido un incumplimiento de estos t\u00e9rminos y condiciones o cualquier actividad fraudulenta.<\/p>\n<\/div>\n\n\t\t\t<\/div>\n\n\t<div \n\t\t\tid=\"intellectual-property\" class=\"content-block text-block\">\n\t\t<div class=\"padding-bottom padding-xxsmall\">\n<h2 class=\"heading-style-h5\">Propiedad intelectual<\/h2>\n<\/div>\n<div class=\"text-rich-text w-richtext\">\n<p>Al participar, concedes a BGaming una licencia no exclusiva, mundial y libre de regal\u00edas para usar, reproducir, publicar y mostrar tu v\u00eddeo con la ganancia m\u00e1xima en todos los medios con fines promocionales.<\/p>\n<p>Los participantes son responsables de garantizar que tienen todos los derechos y permisos necesarios relacionados con el contenido que env\u00edan.<\/p>\n<\/div>\n\n\t\t\t<\/div>\n\n\t<div \n\t\t\tid=\"privacy\" class=\"content-block text-block\">\n\t\t<h2>Privacidad<\/h2>\n<p>La informaci\u00f3n personal recopilada de los participantes se utilizar\u00e1 de acuerdo con\u00a0<a href=\"https:\/\/bgaming.com\/privacy-policy\">Pol\u00edtica de privacidad de BGaming<\/a>, \u00fanicamente con el fin de administrar el MaxWin Club.<\/p>\n\n\t\t\t<\/div>\n\n\t<div \n\t\t\tid=\"limitation-of-liability\" class=\"content-block text-block\">\n\t\t<div class=\"padding-bottom padding-xxsmall\">\n<h2 class=\"heading-style-h5\">Limitaci\u00f3n de responsabilidad<\/h2>\n<\/div>\n<div class=\"text-rich-text w-richtext\">\n<p>BGaming no se hace responsable de ninguna informaci\u00f3n incorrecta o inexacta, ya sea causada por los usuarios del sitio web o por cualquiera de los equipos o programas asociados o utilizados en el MaxWin Club.<\/p>\n<p>BGaming no se hace responsable de los fallos t\u00e9cnicos, de hardware o software de ning\u00fan tipo, de las conexiones de red perdidas o no disponibles, ni de las transmisiones inform\u00e1ticas fallidas, incompletas, ilegibles o retrasadas.<\/p>\n<\/div>\n\n\t\t\t<\/div>\n\n\t<div \n\t\t\tid=\"changes-to-the-terms\" class=\"content-block text-block\">\n\t\t<div class=\"padding-bottom padding-xxsmall\">\n<h2 class=\"heading-style-h5\">Cambios en los t\u00e9rminos<\/h2>\n<\/div>\n<div class=\"text-rich-text w-richtext\">BGaming se reserva el derecho de modificar estos t\u00e9rminos y condiciones en cualquier momento sin previo aviso. Se anima a los participantes a revisar los t\u00e9rminos con regularidad para asegurarse de estar al tanto de cualquier cambio.<\/div>\n\n\t\t\t<\/div>\n\n\t<div \n\t\t\tid=\"governing-law\" class=\"content-block text-block\">\n\t\t<div class=\"padding-bottom padding-xxsmall\">\n<h2 class=\"heading-style-h5\">Ley aplicable<\/h2>\n<\/div>\n<div class=\"text-rich-text w-richtext\">\n<p>Estos t\u00e9rminos y condiciones se regir\u00e1n e interpretar\u00e1n de acuerdo con las leyes de la jurisdicci\u00f3n en la que opera BGaming.<\/p>\n<p>Puede solicitar cualquier informaci\u00f3n adicional enviando un correo electr\u00f3nico a info@bgaming.com.<\/p>\n<\/div>\n\n\t\t\t<\/div>\n                <\/div>\n\t                <\/div>\n    <\/div>\n\n<\/div>\n\n\n<div\nclass=\"cta-banner align wp-block-acf-cta-banner is-layout-flow wp-block-cta-banner-is-layout-flow\" id=\"cta-banner-acf-block-67b3521e40a73\">\n\t<div class=\"cta-banner__bg-wrapper\" style=\"background-color: #ffcc29;background-image: url( https:\/\/bgaming.com\/wp-content\/uploads\/2025\/02\/bg.svg );\">\n\t\t<div class=\"container\">\n\t\t\t<div class=\"cta-banner__wrapper parallax-wrapper\">\n\t\t\t\t<div class=\"acf-innerblocks-container\">\n\n<div class=\"wp-block-columns cta-banner__data is-layout-flex wp-container-core-columns-is-layout-28f84493 wp-block-columns-is-layout-flex\">\n<div class=\"wp-block-column cta-banner__data_text is-layout-flow wp-block-column-is-layout-flow\">\n<h2 class=\"wp-block-heading\" style=\"text-transform:uppercase\">Comencemos una conversaci\u00f3n<\/h2>\n\n\n\n<p>\u00bfTe gustar\u00eda iniciar una conversaci\u00f3n con BGaming en cualquier campo? \u00a1Escr\u00edbenos! <\/p>\n\n\n\n<div class=\"wp-block-buttons is-layout-flex wp-block-buttons-is-layout-flex\">\n<div class=\"wp-block-button is-style-vite-outline-black-button\"><a class=\"wp-block-button__link wp-element-button\">Contacte con nosotros<\/a><\/div>\n<\/div>\n<\/div>\n<\/div>\n\n<\/div>\n\n\t\t\t\t\t\t\t\t\t<div class=\"cta-banner__images parallax\">\n\t\t\t\t\t\t\t\t\t\t\t\t\t<div class=\"parallax-container image-coin-left\">\n\t\t\t\t\t\t\t\t<img src=\"https:\/\/bgaming.com\/wp-content\/uploads\/2025\/02\/left.webp\" loading=\"lazy\" decoding=\"async\" alt=\"\">\t\t\t\t\t\t\t<\/div>\n\t\t\t\t\t\t\t\t\t\t\t\t\t\t\t\t\t\t\t<div class=\"parallax-container main-image\">\n\t\t\t\t\t\t\t\t<img src=\"https:\/\/bgaming.com\/wp-content\/uploads\/2025\/02\/main.webp\" loading=\"lazy\" decoding=\"async\" alt=\"\">\t\t\t\t\t\t\t<\/div>\n\t\t\t\t\t\t\t\t\t\t\t\t\t\t\t\t\t\t\t<div class=\"parallax-container image-coin-right\">\n\t\t\t\t\t\t\t\t<img src=\"https:\/\/bgaming.com\/wp-content\/uploads\/2025\/02\/right.webp\" loading=\"lazy\" decoding=\"async\" alt=\"\">\t\t\t\t\t\t\t<\/div>\n\t\t\t\t\t\t\t\t\t\t\t<\/div>\n\t\t\t\t\t\t\t<\/div>\n\t\t<\/div>\n\t<\/div>\n<\/div>\n","protected":false},"excerpt":{"rendered":"","protected":false},"author":2,"featured_media":0,"parent":0,"menu_order":0,"comment_status":"closed","ping_status":"closed","template":"","meta":{"_sitemap_exclude":false,"_sitemap_priority":"","_sitemap_frequency":"","footnotes":""},"page-group":[],"class_list":["post-31606","page","type-page","status-publish","hentry"],"acf":[],"_links":{"self":[{"href":"https:\/\/bgaming.com\/es\/wp-json\/wp\/v2\/pages\/31606","targetHints":{"allow":["GET"]}}],"collection":[{"href":"https:\/\/bgaming.com\/es\/wp-json\/wp\/v2\/pages"}],"about":[{"href":"https:\/\/bgaming.com\/es\/wp-json\/wp\/v2\/types\/page"}],"author":[{"embeddable":true,"href":"https:\/\/bgaming.com\/es\/wp-json\/wp\/v2\/users\/2"}],"replies":[{"embeddable":true,"href":"https:\/\/bgaming.com\/es\/wp-json\/wp\/v2\/comments?post=31606"}],"version-history":[{"count":24,"href":"https:\/\/bgaming.com\/es\/wp-json\/wp\/v2\/pages\/31606\/revisions"}],"predecessor-version":[{"id":47733,"href":"https:\/\/bgaming.com\/es\/wp-json\/wp\/v2\/pages\/31606\/revisions\/47733"}],"wp:attachment":[{"href":"https:\/\/bgaming.com\/es\/wp-json\/wp\/v2\/media?parent=31606"}],"wp:term":[{"taxonomy":"page-group","embeddable":true,"href":"https:\/\/bgaming.com\/es\/wp-json\/wp\/v2\/page-group?post=31606"}],"curies":[{"name":"wp","href":"https:\/\/api.w.org\/{rel}","templated":true}]}}