{"id":31626,"date":"2025-03-04T15:52:47","date_gmt":"2025-03-04T15:52:47","guid":{"rendered":"https:\/\/development-bgaming-players-hub.pantheonsite.io\/socios\/medios"},"modified":"2026-03-10T09:13:27","modified_gmt":"2026-03-10T09:13:27","slug":"media","status":"publish","type":"page","link":"https:\/\/bgaming.com\/es\/partners\/media","title":{"rendered":"Medios"},"content":{"rendered":"\n<div class=\"hero-banner align wp-block-acf-hero-banner is-layout-flow wp-block-hero-banner-is-layout-flow\" id=\"hero-banner-acf-block-67abd84a1e2ed\">\n    <div class=\"acf-innerblocks-container\">\n\n<div class=\"wp-block-columns container is-layout-flex wp-container-core-columns-is-layout-28f84493 wp-block-columns-is-layout-flex\">\n<div class=\"wp-block-column hero-banner__wrapper has-yellow-background-color has-background is-layout-flow wp-block-column-is-layout-flow\" style=\"border-radius:0.75rem;padding-top:132px;padding-bottom:132px\">\n<div class=\"wp-block-group hero-banner__data is-vertical is-content-justification-center is-layout-flex wp-container-core-group-is-layout-ce155fab wp-block-group-is-layout-flex\">\n<h1 class=\"wp-block-heading hero-banner__data_heading has-black-color has-text-color\" style=\"text-transform:uppercase\">Socios de medios<\/h1>\n\n\n\n<p class=\"has-text-align-center has-black-color has-text-color\">\u00a1Trabajamos con los principales medios de comunicaci\u00f3n de la industria para compartir nuestras \u00faltimas noticias con el mundo del iGaming!<\/p>\n\n\n\n<div class=\"wp-block-buttons hero-banner__data_button is-layout-flex wp-block-buttons-is-layout-flex\">\n<div class=\"wp-block-button is-style-vite-outline-black-button\"><a class=\"wp-block-button__link wp-element-button\" data-trigger-modal=\"become-our-partner-modal\" href=\"https:\/\/bgaming.com\/es\/contact-us\">convi\u00e9rtete en nuestro socio<\/a><\/div>\n<\/div>\n<\/div>\n<\/div>\n<\/div>\n\n<\/div>\n<\/div>\n\n\n<div class=\"partners partners-columna align wp-block-acf-partners is-layout-flow wp-block-partners-is-layout-flow\" id=\"partners-acf-block-67c726a369e4f\">\n        <div class=\"container\">\n        <div class=\"partners__wrap \">\n            <div class=\"partners__text\">\n                                    <p class=\"h2 partners__title\">Qui\u00e9n trabaja con nosotros<\/p>\n                                            <\/div>\n                            <div class=\"partners__list\" id=\"partners-list\" data-total=\"25\"\n                     data-offset=\"25\">\n                                                                    <a href=\"\" id=\"6003\" class=\"partner-item hover-logo\"  rel=\"nofollow\">\n                            <img src=\"https:\/\/bgaming.com\/wp-content\/uploads\/2025\/04\/640df4c41e12af6f2f9adb4c_casino-bonus-1.svg\" loading=\"lazy\" decoding=\"async\" alt=\"Partner Colourful\" class=\"icon\">                        <\/a>\n                                                                    <a href=\"https:\/\/casinoshunter.com\/online-casinos\/bgaming\/\" id=\"6023\" class=\"partner-item hover-logo\" rel=\"nofollow noopener\" target=\"_blank\">\n                            <img src=\"https:\/\/bgaming.com\/wp-content\/uploads\/2025\/04\/63f5c8c095d06081ead1dee4_casinos-hunter.svg\" loading=\"lazy\" decoding=\"async\" alt=\"Partner Colourful\" class=\"icon\">                        <\/a>\n                                                                    <a href=\"https:\/\/slotbeats.com\/\" id=\"7114\" class=\"partner-item hover-logo\" rel=\"nofollow noopener\" target=\"_blank\">\n                            <img src=\"https:\/\/bgaming.com\/wp-content\/uploads\/2025\/04\/63fc5850a48b006f9d400f8b_slot-beats-1.svg\" loading=\"lazy\" decoding=\"async\" alt=\"Partner Colourful\" class=\"icon\">                        <\/a>\n                                                                    <a href=\"https:\/\/lcb.org\/games\/slots\/bgaming\" id=\"6870\" class=\"partner-item hover-logo\" rel=\"nofollow noopener\" target=\"_blank\">\n                            <img src=\"https:\/\/bgaming.com\/wp-content\/uploads\/2025\/04\/63f5c9a569d36ae51d30b3bd_lcb.svg\" loading=\"lazy\" decoding=\"async\" alt=\"Partner Colourful\" class=\"icon\">                        <\/a>\n                                                                    <a href=\"https:\/\/www.pokcas.com\/\" id=\"7054\" class=\"partner-item hover-logo\" rel=\"nofollow noopener\" target=\"_blank\">\n                            <img src=\"https:\/\/bgaming.com\/wp-content\/uploads\/2025\/04\/63f5d1793d8634066de9b911_pokcas.svg\" loading=\"lazy\" decoding=\"async\" alt=\"Partner Colourful\" class=\"icon\">                        <\/a>\n                                                                    <a href=\"https:\/\/igaming.news\/\" id=\"7680\" class=\"partner-item hover-logo\" rel=\"nofollow noopener\" target=\"_blank\">\n                            <img src=\"https:\/\/bgaming.com\/wp-content\/uploads\/2025\/04\/63fc5a83412223e1d7f0ebcb_igamingnews-1.svg\" loading=\"lazy\" decoding=\"async\" alt=\"Partner Colourful\" class=\"icon\">                        <\/a>\n                                                                    <a href=\"https:\/\/www.intergameonline.com\/\" id=\"6828\" class=\"partner-item hover-logo\" rel=\"nofollow noopener\" target=\"_blank\">\n                            <img src=\"https:\/\/bgaming.com\/wp-content\/uploads\/2025\/04\/63f5d324e29c15fb4a382f9d_intergame.svg\" loading=\"lazy\" decoding=\"async\" alt=\"Partner Colourful\" class=\"icon\">                        <\/a>\n                                                                    <a href=\"https:\/\/g3newswire.com\/\" id=\"6721\" class=\"partner-item hover-logo\" rel=\"nofollow noopener\" target=\"_blank\">\n                            <img src=\"https:\/\/bgaming.com\/wp-content\/uploads\/2025\/04\/63fc5ab1599a4e20db65213f_g3-newswire-1.svg\" loading=\"lazy\" decoding=\"async\" alt=\"Partner Colourful\" class=\"icon\">                        <\/a>\n                                                                    <a href=\"https:\/\/www.casinobeats.com\/\" id=\"5999\" class=\"partner-item hover-logo\" rel=\"nofollow noopener\" target=\"_blank\">\n                            <img src=\"https:\/\/bgaming.com\/wp-content\/uploads\/2025\/04\/63fc5af1a48b0072e942ddf6_casinobeats-1.svg\" loading=\"lazy\" decoding=\"async\" alt=\"Partner Colourful\" class=\"icon\">                        <\/a>\n                                                                    <a href=\"https:\/\/europeangaming.eu\/portal\/directory\/listing\/bgaming\" id=\"6697\" class=\"partner-item hover-logo\" rel=\"nofollow noopener\" target=\"_blank\">\n                            <img src=\"https:\/\/bgaming.com\/wp-content\/uploads\/2025\/04\/63fc5b08205bcb67e8444880_european-gaming-1.svg\" loading=\"lazy\" decoding=\"async\" alt=\"Partner Colourful\" class=\"icon\">                        <\/a>\n                                                                    <a href=\"https:\/\/gamblorium.se\/online-casinon\/bgaming\/\" id=\"6749\" class=\"partner-item hover-logo\" rel=\"nofollow noopener\" target=\"_blank\">\n                            <img src=\"https:\/\/bgaming.com\/wp-content\/uploads\/2025\/04\/63fc5b28412223dcf0f1a616_gamblorium-1.svg\" loading=\"lazy\" decoding=\"async\" alt=\"Partner Colourful\" class=\"icon\">                        <\/a>\n                                                                    <a href=\"https:\/\/www.yogonet.com\/international\/search\/?buscar=bgaming&#038;pagina=\" id=\"7303\" class=\"partner-item hover-logo\" rel=\"nofollow noopener\" target=\"_blank\">\n                            <img src=\"https:\/\/bgaming.com\/wp-content\/uploads\/2025\/04\/63fc5b3e599a4e71cf65cc8b_yogonet-1.svg\" loading=\"lazy\" decoding=\"async\" alt=\"Partner Colourful\" class=\"icon\">                        <\/a>\n                                                                    <a href=\"https:\/\/www.gamblinginsider.com\/\" id=\"6737\" class=\"partner-item hover-logo\" rel=\"nofollow noopener\" target=\"_blank\">\n                            <img src=\"https:\/\/bgaming.com\/wp-content\/uploads\/2025\/04\/63fc5b60412223dae5f1e212_gamblinginsider-1.svg\" loading=\"lazy\" decoding=\"async\" alt=\"Partner Colourful\" class=\"icon\">                        <\/a>\n                                                                    <a href=\"https:\/\/www.askgamblers.com\/online-casinos\/software\/softswiss\/games\" id=\"5869\" class=\"partner-item hover-logo\" rel=\"nofollow noopener\" target=\"_blank\">\n                            <img src=\"https:\/\/bgaming.com\/wp-content\/uploads\/2025\/04\/63fc5e6943118435b6ab280b_askgamblers-1.svg\" loading=\"lazy\" decoding=\"async\" alt=\"Partner Colourful\" class=\"icon\">                        <\/a>\n                                                                    <a href=\"https:\/\/5star.media\/\" id=\"5841\" class=\"partner-item hover-logo\" rel=\"nofollow noopener\" target=\"_blank\">\n                            <img src=\"https:\/\/bgaming.com\/wp-content\/uploads\/2025\/04\/63fc5faac51b00919ae34578_5-star-igaming-media-1.svg\" loading=\"lazy\" decoding=\"async\" alt=\"Partner Colourful\" class=\"icon\">                        <\/a>\n                                                                    <a href=\"https:\/\/latestcasinobonuses.me\/\" id=\"5837\" class=\"partner-item hover-logo\" rel=\"nofollow noopener\" target=\"_blank\">\n                            <img src=\"https:\/\/bgaming.com\/wp-content\/uploads\/2025\/04\/640df3efe58e0b445bf60f3d_4luck-latest-casino-bonuses-1.svg\" loading=\"lazy\" decoding=\"async\" alt=\"Partner Colourful\" class=\"icon\">                        <\/a>\n                                                                    <a href=\"https:\/\/www.igblive.com\/\" id=\"6809\" class=\"partner-item hover-logo\" rel=\"nofollow noopener\" target=\"_blank\">\n                            <img src=\"https:\/\/bgaming.com\/wp-content\/uploads\/2025\/04\/63fc5bbd1451f56fe3171eea_igb-1.svg\" loading=\"lazy\" decoding=\"async\" alt=\"Partner Colourful\" class=\"icon\">                        <\/a>\n                                                                    <a href=\"https:\/\/sigma.world\/\" id=\"7110\" class=\"partner-item hover-logo\" rel=\"nofollow noopener\" target=\"_blank\">\n                            <img src=\"https:\/\/bgaming.com\/wp-content\/uploads\/2025\/04\/640df16e7c24cbb8cfe8a801_Sigma-1.svg\" loading=\"lazy\" decoding=\"async\" alt=\"Partner Colourful\" class=\"icon\">                        <\/a>\n                                                                    <a href=\"https:\/\/igamingnext.com\/\" id=\"6816\" class=\"partner-item hover-logo\" rel=\"nofollow noopener\" target=\"_blank\">\n                            <img src=\"https:\/\/bgaming.com\/wp-content\/uploads\/2025\/04\/640df2ed7d0abe7ee0c29a14_Next-1.svg\" loading=\"lazy\" decoding=\"async\" alt=\"Partner Colourful\" class=\"icon\">                        <\/a>\n                                                                    <a href=\"https:\/\/www.gamblingnews.com\/\" id=\"6741\" class=\"partner-item hover-logo\" rel=\"nofollow noopener\" target=\"_blank\">\n                            <img src=\"https:\/\/bgaming.com\/wp-content\/uploads\/2025\/04\/640df38441912b049382ed09_Gambling-news-2.svg\" loading=\"lazy\" decoding=\"async\" alt=\"Partner Colourful\" class=\"icon\">                        <\/a>\n                                                                    <a href=\"https:\/\/casino.ru\/bgaming\/\" id=\"7437\" class=\"partner-item hover-logo\" rel=\"dofollow noopener\" target=\"_blank\">\n                            <img src=\"https:\/\/bgaming.com\/wp-content\/uploads\/2025\/04\/64ec6539334deb66c8fd3d67_Casino.ru-3.svg\" loading=\"lazy\" decoding=\"async\" alt=\"Partner Colourful\" class=\"icon\">                        <\/a>\n                                                                    <a href=\"https:\/\/www.thegamblest.com\/\" id=\"8011\" class=\"partner-item hover-logo\" rel=\"dofollow noopener\" target=\"_blank\">\n                            <img src=\"https:\/\/bgaming.com\/wp-content\/uploads\/2025\/04\/66f41e59f87418145ec879e2_The_Gamblest-2.svg\" loading=\"lazy\" decoding=\"async\" alt=\"Partner Colourful\" class=\"icon\">                        <\/a>\n                                                                    <a href=\"https:\/\/mr-gamble.com\/en\/online-casino\/software-providers\/bgaming\/\" id=\"7783\" class=\"partner-item hover-logo\" rel=\"dofollow noopener\" target=\"_blank\">\n                            <img src=\"https:\/\/bgaming.com\/wp-content\/uploads\/2025\/04\/673766c3524d7403ef7f5ffe_mr-gamble-2.svg\" loading=\"lazy\" decoding=\"async\" alt=\"Partner Colourful\" class=\"icon\">                        <\/a>\n                                                                    <a href=\"https:\/\/firstlookgames.com\" id=\"29372\" class=\"partner-item hover-logo\" rel=\"nofollow noopener\" target=\"_blank\">\n                            <img src=\"https:\/\/bgaming.com\/wp-content\/uploads\/2025\/07\/First-look-game-colorfull.svg\" loading=\"lazy\" decoding=\"async\" alt=\"Partner Colourful\" class=\"icon\">                        <\/a>\n                                                                    <a href=\"https:\/\/www.allstarcasino.com\" id=\"29385\" class=\"partner-item hover-logo\" rel=\"nofollow noopener\" target=\"_blank\">\n                            <img src=\"https:\/\/bgaming.com\/wp-content\/uploads\/2025\/07\/all-star-colorfull.svg\" loading=\"lazy\" decoding=\"async\" alt=\"Partner Colourful\" class=\"icon\">                        <\/a>\n                                    <\/div>\n                    <\/div>\n\n            <\/div>\n<\/div>\n\n\n\n<div class=\"partners-subscribe align wp-block-acf-partners-subscribe is-layout-flow wp-block-partners-subscribe-is-layout-flow\" id=\"partners-subscribe-acf-block-67c9839dc5773\">\n   <div class=\"container\">\n       <div class=\"partners-subscribe__wrap\" style=\"background-color: #7a1dff\">\n                          <div class=\"partners-subscribe__wrap-img\"><img decoding=\"async\" width=\"800\" height=\"750\" src=\"https:\/\/bgaming.com\/wp-content\/uploads\/2025\/03\/63c0734561f8ba59b84488b6_MediaPartners_subscribe-1-min-p-800.png\" class=\"attachment-large size-large\" alt=\"\" loading=\"lazy\" \/><\/div>\n                      <div class=\"partners-subscribe__wrap-content\">\n                                  <h2 class=\"partners-subscribe__wrap-content_title\">Suscribirse<\/h2>\n                                                   <div class=\"partners-subscribe__wrap-content_form\">\n                        \n<div class=\"wpcf7 no-js\" id=\"wpcf7-f30140-o1\" lang=\"es-ES\" dir=\"ltr\" data-wpcf7-id=\"30140\">\n<div class=\"screen-reader-response\"><p role=\"status\" aria-live=\"polite\" aria-atomic=\"true\"><\/p> <ul><\/ul><\/div>\n<form action=\"\/es\/wp-json\/wp\/v2\/pages\/31626#wpcf7-f30140-o1\" method=\"post\" class=\"wpcf7-form init formulario-nuevo-boletin\" aria-label=\"Contact form\" novalidate=\"novalidate\" data-status=\"init\">\n<fieldset class=\"hidden-fields-container\"><input type=\"hidden\" name=\"_wpcf7\" value=\"30140\" \/><input type=\"hidden\" name=\"_wpcf7_version\" value=\"6.1.2\" \/><input type=\"hidden\" name=\"_wpcf7_locale\" value=\"es_ES\" \/><input type=\"hidden\" name=\"_wpcf7_unit_tag\" value=\"wpcf7-f30140-o1\" \/><input type=\"hidden\" name=\"_wpcf7_container_post\" value=\"0\" \/><input type=\"hidden\" name=\"_wpcf7_posted_data_hash\" value=\"\" \/><input type=\"hidden\" name=\"_wpcf7_recaptcha_response\" value=\"\" \/>\n<\/fieldset>\n<div class=\"input-wrap partners-media\">\n <label class=\"partners-media-label\">Direcci\u00f3n de correo electr\u00f3nico <span class=\"wpcf7-form-control-wrap\" data-name=\"email\"><input size=\"40\" maxlength=\"400\" class=\"wpcf7-form-control wpcf7-email wpcf7-validates-as-required wpcf7-text wpcf7-validates-as-email\" aria-required=\"true\" aria-invalid=\"false\" placeholder=\"email@domain.com\" value=\"\" type=\"email\" name=\"email\" \/><\/span> <\/label>\n<input class=\"wpcf7-form-control wpcf7-submit has-spinner button black-hover\" type=\"submit\" value=\"Enviar\" \/>\n<span class=\"wpcf7-form-control-wrap\" data-name=\"agreement\"><span class=\"wpcf7-form-control wpcf7-acceptance\"><span class=\"wpcf7-list-item\"><label><input type=\"checkbox\" name=\"agreement\" value=\"1\" aria-invalid=\"false\" \/><span class=\"wpcf7-list-item-label\">Acepto el tratamiento de mis datos personales<\/span><\/label><\/span><\/span><\/span> \n<\/div><div class=\"wpcf7-response-output\" aria-hidden=\"true\"><\/div>\n<\/form>\n<\/div>\n                        <div class=\"thx-message hidden\">\n                            \u00a1Gracias! \u00a1Su env\u00edo ha sido recibido!                        <\/div>\n                    <\/div>\n                \t                              <div class=\"partners-subscribe__wrap-content_social social\">\n\t\t\t                                      <a href=\"https:\/\/www.linkedin.com\/company\/bgamingofficial\/\" class=\"social__item w-40\" rel=\"nofollow noopener\" target=\"_blank\">\n\t\t\t\t\t           <img decoding=\"async\" width=\"1\" height=\"1\" src=\"https:\/\/bgaming.com\/wp-content\/uploads\/2025\/02\/linkedin.svg\" class=\"attachment-large size-large\" alt=\"\" loading=\"lazy\" \/>                           <\/a>\n\t\t\t                                      <a href=\"https:\/\/www.instagram.com\/bgaming.latino\" class=\"social__item w-40\" rel=\"nofollow noopener\" target=\"_blank\">\n\t\t\t\t\t           <img decoding=\"async\" width=\"1\" height=\"1\" src=\"https:\/\/bgaming.com\/wp-content\/uploads\/2025\/02\/instagram.svg\" class=\"attachment-large size-large\" alt=\"\" loading=\"lazy\" \/>                           <\/a>\n\t\t\t                                      <a href=\"https:\/\/www.youtube.com\/@BGaming-official\" class=\"social__item w-40\" rel=\"nofollow noopener\" target=\"_blank\">\n\t\t\t\t\t           <img decoding=\"async\" width=\"1\" height=\"1\" src=\"https:\/\/bgaming.com\/wp-content\/uploads\/2025\/02\/youtube.svg\" class=\"attachment-large size-large\" alt=\"\" loading=\"lazy\" \/>                           <\/a>\n\t\t\t                                      <a href=\" https:\/\/x.com\/BGamingO\"  class=\"social__item w-40\">\n\t\t\t\t\t           <img decoding=\"async\" width=\"1\" height=\"1\" src=\"https:\/\/bgaming.com\/wp-content\/uploads\/2025\/02\/twitter.svg\" class=\"attachment-large size-large\" alt=\"\" loading=\"lazy\" \/>                           <\/a>\n\t\t\t                                      <a href=\"https:\/\/www.facebook.com\/bgamingofficial\/\" class=\"social__item w-40\" rel=\"nofollow noopener\" target=\"_blank\">\n\t\t\t\t\t           <img decoding=\"async\" width=\"1\" height=\"1\" src=\"https:\/\/bgaming.com\/wp-content\/uploads\/2025\/02\/facebook.svg\" class=\"attachment-large size-large\" alt=\"\" loading=\"lazy\" \/>                           <\/a>\n\t\t\t                              <\/div>\n\t                      <\/div>\n       <\/div>\n   <\/div>\n<\/div>\n\n\n\n<div \nclass=\"link-cards type-1 align wp-block-acf-link-cards has-background is-layout-flow wp-block-link-cards-is-layout-flow\" id=\"link-cards-acf-block-67b1f17784b21\">\n\t<div class=\"container\">\n\t\t<div class=\"link-cards__wrapper type-1\">\n\t\t\t\t\t\t\t<div class=\"link-cards__heading\">\n\t\t\t\t\t<div class=\"margin-bottom margin-large\">\n<div class=\"max-width-medium\">\n<h2 class=\"heading-style-h3\">Otros socios<\/h2>\n<\/div>\n<\/div>\n\t\t\t\t\t\n\t\t\t\t\t\t\t\t\t<\/div>\n\t\t\t\t\t\t\t\t<div class=\"link-cards__cards\">\n\t\t\t\t\t\t\t\t\t\t\t<a \n\t\t\t\t\t\t\t\t\t\t\t\t\thref=\"\/es\/partners\/clients\" class=\"link-cards__cards_card\">\n\t\t\t\t\t\t\t<div class=\"link-cards__cards_card_data\">\n\t\t\t\t\t\t\t\t\t\t\t\t\t\t\t\t\t<div class=\"link-cards__cards_card_data_img\"\n\t\t\t\t\t\t\t\t\t\t\t\t\t\t\t\t\t\t\t\t\tstyle=\"background-color: #f2e8ff;\"\n\t\t\t\t\t\t\t\t\t\t\t\t\t\t\t\t\t\t\t>\n\t\t\t\t\t\t\t\t\t\t<img decoding=\"async\" width=\"1\" height=\"1\" src=\"https:\/\/bgaming.com\/wp-content\/uploads\/2025\/02\/63b432fe196e183587c00f90_profile-2user.svg\" class=\"attachment-medium size-medium\" alt=\"\" loading=\"lazy\" \/>\t\t\t\t\t\t\t\t\t<\/div>\n\t\t\t\t\t\t\t\t\t\t\t\t\t\t\t\t\t\t<div class=\"link-cards__cards_card_data_title\">\n\t\t\t\t\t\t\t\t\t\t<h3>Clientes<\/h3>\n\t\t\t\t\t\t\t\t\t<\/div>\n\t\t\t\t\t\t\t\t\t\t\t\t\t\t\t\t\t\t<div class=\"link-cards__cards_card_data_description\">\n\t\t\t\t\t\t\t\t\t\t<p>Los casinos online ya han a\u00f1adido t\u00edtulos de BGaming a su colecci\u00f3n.<\/p>\n\t\t\t\t\t\t\t\t\t<\/div>\n\t\t\t\t\t\t\t\t\t\t\t\t\t\t\t<\/div>\n\n\t\t\t\t\t\t\t\n\t\t\t\t\t\t\t\t<div class=\"link-cards__cards_card_button\"\n\t\t\t\t\t\t\t\t\t\t\t\t\t\t\t\t\t>\n\t\t\t\t\t\t\t\t\t\t\t\t\t\t\t\t\t\t\t<p>DESCUBRE M\u00c1S<\/p>\n\t\t\t\t\t\t\t\t\t\t\t\t\t\t\t\t\t<\/div>\n\n\t\t\t\t\t\t\t\t\t\t\t\t\t<\/a>\n\t\t\t\t\t\t\t\t\t\t\t<a \n\t\t\t\t\t\t\t\t\t\t\t\t\thref=\"\/es\/publishing\" class=\"link-cards__cards_card\">\n\t\t\t\t\t\t\t<div class=\"link-cards__cards_card_data\">\n\t\t\t\t\t\t\t\t\t\t\t\t\t\t\t\t\t<div class=\"link-cards__cards_card_data_img\"\n\t\t\t\t\t\t\t\t\t\t\t\t\t\t\t\t\t\t\t\t\tstyle=\"background-color: #f2e8ff;\"\n\t\t\t\t\t\t\t\t\t\t\t\t\t\t\t\t\t\t\t>\n\t\t\t\t\t\t\t\t\t\t<img decoding=\"async\" width=\"1\" height=\"1\" src=\"https:\/\/bgaming.com\/wp-content\/uploads\/2025\/02\/2-1.svg\" class=\"attachment-medium size-medium\" alt=\"\" loading=\"lazy\" \/>\t\t\t\t\t\t\t\t\t<\/div>\n\t\t\t\t\t\t\t\t\t\t\t\t\t\t\t\t\t\t<div class=\"link-cards__cards_card_data_title\">\n\t\t\t\t\t\t\t\t\t\t<h3>Estudios<\/h3>\n\t\t\t\t\t\t\t\t\t<\/div>\n\t\t\t\t\t\t\t\t\t\t\t\t\t\t\t\t\t\t<div class=\"link-cards__cards_card_data_description\">\n\t\t\t\t\t\t\t\t\t\t<p>Los j\u00f3venes proveedores prometedores con los que BGaming trabaja como editor.<\/p>\n\t\t\t\t\t\t\t\t\t<\/div>\n\t\t\t\t\t\t\t\t\t\t\t\t\t\t\t<\/div>\n\n\t\t\t\t\t\t\t\n\t\t\t\t\t\t\t\t<div class=\"link-cards__cards_card_button\"\n\t\t\t\t\t\t\t\t\t\t\t\t\t\t\t\t\t>\n\t\t\t\t\t\t\t\t\t\t\t\t\t\t\t\t\t\t\t<p>DESCUBRE M\u00c1S<\/p>\n\t\t\t\t\t\t\t\t\t\t\t\t\t\t\t\t\t<\/div>\n\n\t\t\t\t\t\t\t\t\t\t\t\t\t<\/a>\n\t\t\t\t\t\t\t\t\t\t\t<a \n\t\t\t\t\t\t\t\t\t\t\t\t\thref=\"\/es\/partners\/affiliates\" class=\"link-cards__cards_card\">\n\t\t\t\t\t\t\t<div class=\"link-cards__cards_card_data\">\n\t\t\t\t\t\t\t\t\t\t\t\t\t\t\t\t\t<div class=\"link-cards__cards_card_data_img\"\n\t\t\t\t\t\t\t\t\t\t\t\t\t\t\t\t\t\t\t\t\tstyle=\"background-color: #f2e8ff;\"\n\t\t\t\t\t\t\t\t\t\t\t\t\t\t\t\t\t\t\t>\n\t\t\t\t\t\t\t\t\t\t<img decoding=\"async\" width=\"1\" height=\"1\" src=\"https:\/\/bgaming.com\/wp-content\/uploads\/2025\/02\/63b432fe2ac12c5b9dd3341d_lovely.svg\" class=\"attachment-medium size-medium\" alt=\"\" loading=\"lazy\" \/>\t\t\t\t\t\t\t\t\t<\/div>\n\t\t\t\t\t\t\t\t\t\t\t\t\t\t\t\t\t\t<div class=\"link-cards__cards_card_data_title\">\n\t\t\t\t\t\t\t\t\t\t<h3>Afiliados<\/h3>\n\t\t\t\t\t\t\t\t\t<\/div>\n\t\t\t\t\t\t\t\t\t\t\t\t\t\t\t\t\t\t<div class=\"link-cards__cards_card_data_description\">\n\t\t\t\t\t\t\t\t\t\t<p>Plataformas de afiliados exitosas dedicadas a la industria del iGaming.<\/p>\n\t\t\t\t\t\t\t\t\t<\/div>\n\t\t\t\t\t\t\t\t\t\t\t\t\t\t\t<\/div>\n\n\t\t\t\t\t\t\t\n\t\t\t\t\t\t\t\t<div class=\"link-cards__cards_card_button\"\n\t\t\t\t\t\t\t\t\t\t\t\t\t\t\t\t\t>\n\t\t\t\t\t\t\t\t\t\t\t\t\t\t\t\t\t\t\t<p>DESCUBRE M\u00c1S<\/p>\n\t\t\t\t\t\t\t\t\t\t\t\t\t\t\t\t\t<\/div>\n\n\t\t\t\t\t\t\t\t\t\t\t\t\t<\/a>\n\t\t\t\t\t\t\t\t\t<\/div>\n\t\t\t\n\t\t\t\n\t\t\t\t\t<\/div>\n\t<\/div>\n<\/div>\n\n\n<div\nclass=\"cta-banner align wp-block-acf-cta-banner is-layout-flow wp-block-cta-banner-is-layout-flow\" id=\"cta-banner-acf-block-67b3521e40a73\">\n\t<div class=\"cta-banner__bg-wrapper\" style=\"background-color: #ffcc29;background-image: url( https:\/\/bgaming.com\/wp-content\/uploads\/2025\/02\/bg.svg );\">\n\t\t<div class=\"container\">\n\t\t\t<div class=\"cta-banner__wrapper parallax-wrapper\">\n\t\t\t\t<div class=\"acf-innerblocks-container\">\n\n<div class=\"wp-block-columns cta-banner__data is-layout-flex wp-container-core-columns-is-layout-28f84493 wp-block-columns-is-layout-flex\">\n<div class=\"wp-block-column cta-banner__data_text is-layout-flow wp-block-column-is-layout-flow\">\n<p class=\"has-chinese-color has-text-color has-link-color has-cairo-font-family has-font-56-px-font-size wp-elements-2cfa60774ad4db3f0ddbeef3f66d2a46\" style=\"font-style:normal;font-weight:1000;line-height:1;text-transform:uppercase\">Comencemos una conversaci\u00f3n<\/p>\n\n\n\n<p>\u00bfTe gustar\u00eda iniciar una conversaci\u00f3n con BGaming en cualquier campo? \u00a1Escr\u00edbenos! <\/p>\n\n\n\n<div class=\"wp-block-buttons is-layout-flex wp-block-buttons-is-layout-flex\">\n<div class=\"wp-block-button is-style-vite-outline-black-button\"><a class=\"wp-block-button__link wp-element-button\" href=\"https:\/\/bgaming.com\/es\/contact-us\">Contacto<\/a><\/div>\n<\/div>\n<\/div>\n<\/div>\n\n<\/div>\n\n\t\t\t\t\t\t\t\t\t<div class=\"cta-banner__images parallax\">\n\t\t\t\t\t\t\t\t\t\t\t\t\t<div class=\"parallax-container image-coin-left\">\n\t\t\t\t\t\t\t\t<img src=\"https:\/\/bgaming.com\/wp-content\/uploads\/2025\/02\/left.webp\" loading=\"lazy\" decoding=\"async\" alt=\"\">\t\t\t\t\t\t\t<\/div>\n\t\t\t\t\t\t\t\t\t\t\t\t\t\t\t\t\t\t\t<div class=\"parallax-container main-image\">\n\t\t\t\t\t\t\t\t<img src=\"https:\/\/bgaming.com\/wp-content\/uploads\/2025\/02\/main.webp\" loading=\"lazy\" decoding=\"async\" alt=\"\">\t\t\t\t\t\t\t<\/div>\n\t\t\t\t\t\t\t\t\t\t\t\t\t\t\t\t\t\t\t<div class=\"parallax-container image-coin-right\">\n\t\t\t\t\t\t\t\t<img src=\"https:\/\/bgaming.com\/wp-content\/uploads\/2025\/02\/right.webp\" loading=\"lazy\" decoding=\"async\" alt=\"\">\t\t\t\t\t\t\t<\/div>\n\t\t\t\t\t\t\t\t\t\t\t<\/div>\n\t\t\t\t\t\t\t<\/div>\n\t\t<\/div>\n\t<\/div>\n<\/div>\n","protected":false},"excerpt":{"rendered":"","protected":false},"author":2,"featured_media":54850,"parent":31618,"menu_order":0,"comment_status":"closed","ping_status":"closed","template":"","meta":{"_sitemap_exclude":false,"_sitemap_priority":"","_sitemap_frequency":"","footnotes":""},"page-group":[],"class_list":["post-31626","page","type-page","status-publish","has-post-thumbnail","hentry"],"acf":[],"_links":{"self":[{"href":"https:\/\/bgaming.com\/es\/wp-json\/wp\/v2\/pages\/31626","targetHints":{"allow":["GET"]}}],"collection":[{"href":"https:\/\/bgaming.com\/es\/wp-json\/wp\/v2\/pages"}],"about":[{"href":"https:\/\/bgaming.com\/es\/wp-json\/wp\/v2\/types\/page"}],"author":[{"embeddable":true,"href":"https:\/\/bgaming.com\/es\/wp-json\/wp\/v2\/users\/2"}],"replies":[{"embeddable":true,"href":"https:\/\/bgaming.com\/es\/wp-json\/wp\/v2\/comments?post=31626"}],"version-history":[{"count":27,"href":"https:\/\/bgaming.com\/es\/wp-json\/wp\/v2\/pages\/31626\/revisions"}],"predecessor-version":[{"id":67216,"href":"https:\/\/bgaming.com\/es\/wp-json\/wp\/v2\/pages\/31626\/revisions\/67216"}],"up":[{"embeddable":true,"href":"https:\/\/bgaming.com\/es\/wp-json\/wp\/v2\/pages\/31618"}],"wp:featuredmedia":[{"embeddable":true,"href":"https:\/\/bgaming.com\/es\/wp-json\/wp\/v2\/media\/54850"}],"wp:attachment":[{"href":"https:\/\/bgaming.com\/es\/wp-json\/wp\/v2\/media?parent=31626"}],"wp:term":[{"taxonomy":"page-group","embeddable":true,"href":"https:\/\/bgaming.com\/es\/wp-json\/wp\/v2\/page-group?post=31626"}],"curies":[{"name":"wp","href":"https:\/\/api.w.org\/{rel}","templated":true}]}}