{"id":48009,"date":"2025-09-24T15:35:05","date_gmt":"2025-09-24T15:35:05","guid":{"rendered":"https:\/\/bgaming.com\/cookie-policy"},"modified":"2026-04-10T06:05:54","modified_gmt":"2026-04-10T06:05:54","slug":"cookies-policy","status":"publish","type":"page","link":"https:\/\/bgaming.com\/es\/cookies-policy","title":{"rendered":"Pol\u00edtica de cookies"},"content":{"rendered":"\n<div class=\"hero-banner align wp-block-acf-hero-banner is-layout-flow wp-block-hero-banner-is-layout-flow\" id=\"hero-banner-acf-block-67abd84a1e2ed\">\n    <div class=\"acf-innerblocks-container\">\n\n<div class=\"wp-block-columns container is-layout-flex wp-container-core-columns-is-layout-28f84493 wp-block-columns-is-layout-flex\">\n<div class=\"wp-block-column hero-banner__wrapper has-violet-background-color has-background is-layout-flow wp-block-column-is-layout-flow\" style=\"border-radius:0.75rem;padding-top:132px;padding-bottom:132px\">\n<div class=\"wp-block-group hero-banner__data is-vertical is-content-justification-center is-layout-flex wp-container-core-group-is-layout-ce155fab wp-block-group-is-layout-flex\">\n<h1 class=\"wp-block-heading hero-banner__data_heading has-white-color has-text-color\" style=\"text-transform:uppercase\"><strong>Pol\u00edtica de cookies<\/strong><\/h1>\n\n\n\n<p class=\"has-text-align-center has-white-color has-text-color\">Si tiene alguna pregunta o sugerencia sobre esta Pol\u00edtica de Cookies, p\u00f3ngase en contacto con nosotros.<\/p>\n\n\n\n<div class=\"wp-block-buttons hero-banner__data_button is-layout-flex wp-block-buttons-is-layout-flex\">\n<div class=\"wp-block-button is-style-vite-outline-yellow-button\"><a class=\"wp-block-button__link wp-element-button\" href=\"https:\/\/bgaming.com\/es\/contact-us\">Contacto<\/a><\/div>\n<\/div>\n<\/div>\n<\/div>\n<\/div>\n\n<\/div>\n<\/div>\n\n<div class=\"text-navigation align wp-block-acf-text-navigation is-layout-flow wp-block-text-navigation-is-layout-flow\" id=\"text-navigation-acf-block-681c74301fbb9\">\n    <div class=\"header-nav-current container\">\n        <span class=\"open-nav-mobile\"><\/span>\n            <\/div>\n\n    <div class=\"container\">\n        <div class=\"wrapper\">\n\t                        <div class=\"navigation\">\n                    <div class=\"mobile-quick-list\">\n                        Enlaces R\u00e1pidos                        <span class=\"closed-nav\">\n                            <svg width=\"16\" height=\"16\" viewBox=\"0 0 16 16\" fill=\"none\" xmlns=\"http:\/\/www.w3.org\/2000\/svg\">\n                                <path d=\"M3.33398 3.33398L12.6667 12.6667\" stroke=\"#292D32\" stroke-width=\"1.5\" stroke-linecap=\"round\" stroke-linejoin=\"round\"\/>\n                                <path d=\"M3.33331 12.6667L12.666 3.33398\" stroke=\"#292D32\" stroke-width=\"1.5\" stroke-linecap=\"round\" stroke-linejoin=\"round\"\/>\n                            <\/svg>\n                        <\/span>\n                    <\/div>\n\t\t\t                                <div class=\"navigation-item\">\n\t\t\t\t\t                                        <div class=\"navigation-title\">\n\t\t\t\t\t\t\t        Enlaces r\u00e1pidos                                <\/div>\n\t\t\t\t\t        \t\t\t\t\t                                        <div class=\"navigation-list\">\n\t\t\t\t\t\t\t                                                <a href=\"#what-are-cookies\">\u00bfQu\u00e9 son las cookies?<\/a>\n\t\t\t\t\t\t\t                                                <a href=\"#why-do-we-use-cookies\">\u00bfPor qu\u00e9 utilizamos cookies?<\/a>\n\t\t\t\t\t\t\t                                                <a href=\"#types-of-cookies-we-use\">Tipos de cookies que utilizamos<\/a>\n\t\t\t\t\t\t\t                                                <a href=\"#how-can-you-control-cookies\">\u00bfC\u00f3mo puedes controlar las cookies?<\/a>\n\t\t\t\t\t\t\t                                                <a href=\"#consequences-of-refusing-cookies\">Consecuencias de rechazar las cookies<\/a>\n\t\t\t\t\t\t\t                                                <a href=\"#children\">Ni\u00f1os<\/a>\n\t\t\t\t\t\t\t                                                <a href=\"#changes-to-this-cookies-policy\">Cambios en esta pol\u00edtica de cookies<\/a>\n\t\t\t\t\t\t\t                                                <a href=\"#contact-us\">Cont\u00e1ctanos<\/a>\n\t\t\t\t\t\t\t                                        <\/div>\n\t\t\t\t\t                                <\/div>\n\t\t\t        \t                                <\/div>\n\t        \t                        <div class=\"content\">\n\t\t\t        \n\t<div \n\t class=\"content-block text-block\">\n\t\t<p>Esta Pol\u00edtica de Cookies explica c\u00f3mo BGaming, operada por Stable Games Ltd (&#8220;nosotros&#8221;, &#8220;nos&#8221; o &#8220;nuestro&#8221;), utiliza cookies y tecnolog\u00edas similares para reconocerle cuando visita nuestro sitio web <a href=\"https:\/\/bgaming.com\/\"><span style=\"font-weight: 400;\">bgaming.com<\/span><\/a> (&#8220;Sitio Web&#8221;). Explica qu\u00e9 son estas tecnolog\u00edas, por qu\u00e9 las usamos y sus derechos para controlar nuestro uso de ellas. Debe leerse junto con nuestra <strong>Pol\u00edtica de Privacidad.<\/strong><\/p>\n<p>Si contin\u00faa navegando o utilizando nuestro sitio web despu\u00e9s de ver el banner de cookies, acepta el uso de cookies seg\u00fan lo descrito en esta Pol\u00edtica, a menos que ajuste su configuraci\u00f3n.<\/p>\n\n\t\t\t<\/div>\n\n\t<div \n\t\t\tid=\"what-are-cookies\" class=\"content-block text-block\">\n\t\t<h2>1. \u00bfQu\u00e9 son las cookies?<\/h2>\n<p>Las cookies son peque\u00f1os archivos de datos que se almacenan en su dispositivo (ordenador, smartphone, tablet u otro) al visitar un sitio web. Se utilizan ampliamente para el funcionamiento de los sitios web, mejorar la experiencia del usuario y proporcionar informaci\u00f3n a sus propietarios.<\/p>\n<p>Existen varios tipos de cookies. Las cookies establecidas por el propietario del sitio web (en este caso, BGaming) se denominan &#8220;cookies propias&#8221;. Las cookies establecidas por terceros se denominan &#8220;cookies de terceros&#8221;. Estas cookies de terceros permiten ofrecer funciones o caracter\u00edsticas de terceros en el sitio web o a trav\u00e9s de \u00e9l (por ejemplo, publicidad, an\u00e1lisis y contenido interactivo).<\/p>\n\n\t\t\t<\/div>\n\n\t<div \n\t\t\tid=\"why-do-we-use-cookies\" class=\"content-block text-block\">\n\t\t<h2>2. \u00bfPor qu\u00e9 usamos cookies?<\/h2>\n<p>Usamos cookies por varias razones.<\/p>\n<p><strong>Cookies estrictamente necesarias:<\/strong> son necesarias para el correcto funcionamiento del sitio web. Nuestra base legal para estas cookies es nuestro inter\u00e9s leg\u00edtimo en ofrecer un sitio web seguro y funcional. Estas cookies no requieren su consentimiento. Para el resto de las cookies, necesitamos su consentimiento, que obtenemos a trav\u00e9s de nuestro banner de cookies.<\/p>\n<p>El resto de las cookies se utilizan para recordar sus preferencias, analizar c\u00f3mo se accede y utiliza el sitio web, personalizar el contenido y ofrecer marketing\/publicidad. Nuestra base legal para estas cookies es su consentimiento, que obtenemos a trav\u00e9s de nuestro banner de cookies. Puede aceptar todas las cookies o personalizar sus preferencias a trav\u00e9s del banner de cookies.<\/p>\n<p>Tambi\u00e9n utilizamos cookies proporcionadas por CookieYes para gestionar las preferencias de consentimiento de conformidad con la legislaci\u00f3n aplicable en materia de protecci\u00f3n de datos.<\/p>\n<p>De acuerdo con nuestras obligaciones de licencia y compromisos de juego responsable, no utilizamos cookies para crear perfiles de jugadores vulnerables sin su consentimiento expl\u00edcito.<\/p>\n\n\t\t\t<\/div>\n\n\t<div \n\t\t\tid=\"types-of-cookies-we-use\" class=\"content-block text-block\">\n\t\t<h2><b>3. Types of Cookies We Use<\/b><\/h2>\n<p><span style=\"font-weight: 400;\">The following types of cookies are being processed on the Website:<\/span><\/p>\n<table>\n<tbody>\n<tr>\n<td><strong>Tipo de cookie<\/strong><\/td>\n<td><strong>Objetivo<\/strong><\/td>\n<\/tr>\n<tr>\n<td valign=\"top\">Cookies estrictamente necesarias<\/td>\n<td>Estas cookies son esenciales para brindarle los servicios disponibles en nuestro sitio web y utilizar algunas de sus funciones. Dado que habilitan las funciones principales del sitio web (por ejemplo, la navegaci\u00f3n, la sesi\u00f3n o la seguridad), no se pueden desactivar mediante el banner.<\/p>\n<p>&nbsp;<\/td>\n<\/tr>\n<tr>\n<td valign=\"top\">Cookies funcionales<\/td>\n<td>Estas cookies permiten que el sitio web recuerde sus preferencias para mejorar su experiencia de usuario.<\/td>\n<\/tr>\n<tr>\n<td valign=\"top\">Cookies de an\u00e1lisis<\/td>\n<td>Estas cookies se utilizan para rastrear la interacci\u00f3n del usuario y permitir el almacenamiento del historial de visitas al sitio web con el fin de mejorar su funcionalidad.<\/p>\n<p>&nbsp;<\/td>\n<\/tr>\n<tr>\n<td valign=\"top\">Cookies de rendimiento<\/td>\n<td>Estas cookies se utilizan para recopilar informaci\u00f3n sobre el uso del sitio web para mejorar su rendimiento.<\/p>\n<p>&nbsp;<\/td>\n<\/tr>\n<tr>\n<td valign=\"top\">Cookies de marketing\/publicidad<\/td>\n<td>Estas cookies se utilizan para entregar anuncios y realizar un seguimiento del rendimiento de los anuncios en los sitios web.<\/p>\n<p>&nbsp;<\/td>\n<\/tr>\n<\/tbody>\n<\/table>\n<p>Puede consultar una lista detallada de las cookies actualmente en uso a trav\u00e9s del widget CookieYes disponible en nuestro sitio web.<\/p>\n<p>Algunas cookies de terceros pueden provocar la transferencia de sus datos personales fuera del Espacio Econ\u00f3mico Europeo (EEE). En este caso, implementamos medidas de seguridad como las Cl\u00e1usulas Contractuales Tipo (CCT) de la Comisi\u00f3n Europea o medidas equivalentes para garantizar la protecci\u00f3n de sus datos.<\/p>\n\n\t\t\t<\/div>\n\n\t<div \n\t\t\tid=\"how-can-you-control-cookies\" class=\"content-block text-block\">\n\t\t<h2>4. \u00bfC\u00f3mo puede controlar las cookies?<\/h2>\n<p>Tiene derecho a decidir si acepta o rechaza las cookies. En su primera visita, ver\u00e1 nuestro banner de cookies, donde puede seleccionar &#8220;Aceptar todo&#8221; o &#8220;Personalizar&#8221;. Si selecciona &#8220;Personalizar&#8221;, podr\u00e1 habilitar o deshabilitar algunas categor\u00edas de cookies (excepto las estrictamente necesarias).<\/p>\n<p>Puede retirar o modificar su consentimiento en cualquier momento haciendo clic en el widget CookieYes o borrando las cookies de su navegador (ver m\u00e1s abajo). Tenga en cuenta que retirar su consentimiento no afecta la legalidad del tratamiento basado en el consentimiento previo a su retirada. Mantenemos un registro de sus opciones de consentimiento seg\u00fan lo exige la ley.<\/p>\n<p>Algunos navegadores le permiten visitar sitios web en modo &#8220;inc\u00f3gnito&#8221; para limitar la cantidad de informaci\u00f3n almacenada en su dispositivo y eliminar autom\u00e1ticamente algunas cookies de sesi\u00f3n. La mayor\u00eda de los navegadores web tambi\u00e9n permiten cierto control sobre las cookies a trav\u00e9s de la configuraci\u00f3n del navegador. Consulte la secci\u00f3n de ayuda de su navegador para obtener instrucciones sobre c\u00f3mo administrar sus preferencias de cookies.<\/p>\n<p><strong>Tenga en cuenta que deshabilitar ciertas cookies puede afectar la funcionalidad y el rendimiento de nuestro sitio web.<\/strong><\/p>\n\n\t\t\t<\/div>\n\n\t<div \n\t\t\tid=\"consequences-of-refusing-cookies\" class=\"content-block text-block\">\n\t\t<h2>5. Consecuencias de rechazar las cookies<\/h2>\n<p>Si rechaza las cookies no esenciales, podr\u00e1 seguir utilizando nuestro sitio web, pero es posible que algunas funciones (como la personalizaci\u00f3n, las preferencias guardadas y algunas integraciones) no funcionen correctamente.<\/p>\n<p>Adem\u00e1s, la recopilaci\u00f3n de datos anal\u00edticos se ver\u00e1 limitada, lo que podr\u00eda reducir nuestra capacidad para mejorar la funcionalidad del sitio web.<\/p>\n\n\t\t\t<\/div>\n\n\t<div \n\t\t\tid=\"children\" class=\"content-block text-block\">\n\t\t<h2>6. Ni\u00f1os<\/h2>\n<p>Nuestro sitio web no est\u00e1 dirigido a menores de 18 a\u00f1os, de acuerdo con nuestros compromisos de juego responsable. Tampoco instalamos cookies ni procesamos deliberadamente datos personales de personas que no hayan alcanzado la edad de consentimiento digital, seg\u00fan lo define la legislaci\u00f3n aplicable (normalmente 16 a\u00f1os, pero menor en algunos Estados miembros de la UE). Si un menor ha dado su consentimiento, su padre, madre o tutor debe ponerse en contacto con nosotros para retirarlo.<\/p>\n\n\t\t\t<\/div>\n\n\t<div \n\t\t\tid=\"changes-to-this-cookies-policy\" class=\"content-block text-block\">\n\t\t<h2>7. Cambios en esta Pol\u00edtica de Cookies<\/h2>\n<p>Podemos actualizar esta Pol\u00edtica de Cookies para reflejar cambios en la tecnolog\u00eda, los requisitos legales o nuestros servicios. La &#8220;Fecha de entrada en vigor&#8221; en la parte superior indica la \u00faltima versi\u00f3n. Le recomendamos que revise esta Pol\u00edtica de Cookies peri\u00f3dicamente para mantenerse informado sobre nuestro uso de cookies.<\/p>\n\n\t\t\t<\/div>\n\n\t<div \n\t\t\tid=\"contact-us\" class=\"content-block text-block\">\n\t\t<h2>8. Cont\u00e1ctanos<\/h2>\n<p>Si tienes alguna pregunta sobre esta Pol\u00edtica de Cookies, contacta con:<\/p>\n<p>Stable Games Ltd<br \/>\nCorreo electr\u00f3nico: <a href=\"mailto:info@bgaming.com\"><span style=\"font-weight: 400;\">info@bgaming.com<\/span><\/a><br \/>\nDirecci\u00f3n: 206, Wisely House, Old Bakery Street, Valletta, VLT 1451, Malta<\/p>\n<p>Tambi\u00e9n puedes contactar con nuestro Responsable de Protecci\u00f3n de Datos en <a href=\"mailto:legal@bgaming.com\"><span style=\"font-weight: 400;\">legal@bgaming.com<\/span><\/a>.<\/p>\n\n\t\t\t<\/div>\n                <\/div>\n\t                <\/div>\n    <\/div>\n\n<\/div>\n\n\n<div\nclass=\"cta-banner align wp-block-acf-cta-banner is-layout-flow wp-block-cta-banner-is-layout-flow\" id=\"cta-banner-acf-block-67b3521e40a73\">\n\t<div class=\"cta-banner__bg-wrapper\" style=\"background-color: #ffcc29;background-image: url( https:\/\/bgaming.com\/wp-content\/uploads\/2025\/02\/bg.svg );\">\n\t\t<div class=\"container\">\n\t\t\t<div class=\"cta-banner__wrapper parallax-wrapper\">\n\t\t\t\t<div class=\"acf-innerblocks-container\">\n\n<div class=\"wp-block-columns cta-banner__data is-layout-flex wp-container-core-columns-is-layout-28f84493 wp-block-columns-is-layout-flex\">\n<div class=\"wp-block-column cta-banner__data_text is-layout-flow wp-block-column-is-layout-flow\">\n<h2 class=\"wp-block-heading\" style=\"text-transform:uppercase\">Comencemos una conversaci\u00f3n<\/h2>\n\n\n\n<p>\u00bfTe gustar\u00eda iniciar una conversaci\u00f3n con BGaming en cualquier campo? \u00a1Escr\u00edbenos!<\/p>\n\n\n\n<div class=\"wp-block-buttons is-layout-flex wp-block-buttons-is-layout-flex\">\n<div class=\"wp-block-button is-style-vite-outline-black-button\"><a class=\"wp-block-button__link wp-element-button\">Contacto<\/a><\/div>\n<\/div>\n<\/div>\n<\/div>\n\n<\/div>\n\n\t\t\t\t\t\t\t\t\t<div class=\"cta-banner__images parallax\">\n\t\t\t\t\t\t\t\t\t\t\t\t\t<div class=\"parallax-container image-coin-left\">\n\t\t\t\t\t\t\t\t<img src=\"https:\/\/bgaming.com\/wp-content\/uploads\/2025\/02\/left.webp\" loading=\"lazy\" decoding=\"async\" alt=\"\">\t\t\t\t\t\t\t<\/div>\n\t\t\t\t\t\t\t\t\t\t\t\t\t\t\t\t\t\t\t<div class=\"parallax-container main-image\">\n\t\t\t\t\t\t\t\t<img src=\"https:\/\/bgaming.com\/wp-content\/uploads\/2025\/02\/main.webp\" loading=\"lazy\" decoding=\"async\" alt=\"\">\t\t\t\t\t\t\t<\/div>\n\t\t\t\t\t\t\t\t\t\t\t\t\t\t\t\t\t\t\t<div class=\"parallax-container image-coin-right\">\n\t\t\t\t\t\t\t\t<img src=\"https:\/\/bgaming.com\/wp-content\/uploads\/2025\/02\/right.webp\" loading=\"lazy\" decoding=\"async\" alt=\"\">\t\t\t\t\t\t\t<\/div>\n\t\t\t\t\t\t\t\t\t\t\t<\/div>\n\t\t\t\t\t\t\t<\/div>\n\t\t<\/div>\n\t<\/div>\n<\/div>\n","protected":false},"excerpt":{"rendered":"","protected":false},"author":11,"featured_media":0,"parent":0,"menu_order":0,"comment_status":"closed","ping_status":"closed","template":"","meta":{"_sitemap_exclude":false,"_sitemap_priority":"","_sitemap_frequency":"","footnotes":""},"page-group":[],"class_list":["post-48009","page","type-page","status-publish","hentry"],"acf":[],"_links":{"self":[{"href":"https:\/\/bgaming.com\/es\/wp-json\/wp\/v2\/pages\/48009","targetHints":{"allow":["GET"]}}],"collection":[{"href":"https:\/\/bgaming.com\/es\/wp-json\/wp\/v2\/pages"}],"about":[{"href":"https:\/\/bgaming.com\/es\/wp-json\/wp\/v2\/types\/page"}],"author":[{"embeddable":true,"href":"https:\/\/bgaming.com\/es\/wp-json\/wp\/v2\/users\/11"}],"replies":[{"embeddable":true,"href":"https:\/\/bgaming.com\/es\/wp-json\/wp\/v2\/comments?post=48009"}],"version-history":[{"count":38,"href":"https:\/\/bgaming.com\/es\/wp-json\/wp\/v2\/pages\/48009\/revisions"}],"predecessor-version":[{"id":69679,"href":"https:\/\/bgaming.com\/es\/wp-json\/wp\/v2\/pages\/48009\/revisions\/69679"}],"wp:attachment":[{"href":"https:\/\/bgaming.com\/es\/wp-json\/wp\/v2\/media?parent=48009"}],"wp:term":[{"taxonomy":"page-group","embeddable":true,"href":"https:\/\/bgaming.com\/es\/wp-json\/wp\/v2\/page-group?post=48009"}],"curies":[{"name":"wp","href":"https:\/\/api.w.org\/{rel}","templated":true}]}}