{"id":55334,"date":"2025-11-10T09:25:34","date_gmt":"2025-11-10T09:25:34","guid":{"rendered":"https:\/\/bgaming.com\/glosario"},"modified":"2025-11-27T08:00:08","modified_gmt":"2025-11-27T08:00:08","slug":"glossary","status":"publish","type":"page","link":"https:\/\/bgaming.com\/es\/glossary","title":{"rendered":"Glosario"},"content":{"rendered":"<div class=\"cta-top-banner is-layout-flow wp-block-glossary-is-layout-flow\" style=\"background-image:url(https:\/\/bgaming.com\/wp-content\/uploads\/2025\/11\/bg.png)\">\n\t<div class=\"container\">\n\t\t<div class=\"left\">\n\t\t\t<h1>Glosario iGaming<\/h1>\n\t\t\t<div class=\"text\"><p>Navegar por el mundo del iGaming es m\u00e1s f\u00e1cil cuando conoces los t\u00e9rminos adecuados. Este glosario de juegos de azar te presenta los t\u00e9rminos y la terminolog\u00eda m\u00e1s comunes de los juegos de azar, con definiciones claras que te ayudar\u00e1n a entender los juegos, las estrategias y las opciones de apuesta. Explora la lista y ampl\u00eda tu vocabulario sobre el juego.  <\/p>\n<\/div>\n\t\t<\/div>\n\t\t<div class=\"right\">\n\t\t\t<div class=\"tags\">\n\t\t\t\t\t\t\t\t\t<span class=\"tag\">GGR<\/span>\n\t\t\t\t\t\t\t\t\t<span class=\"tag\">PROVEEDOR<\/span>\n\t\t\t\t\t\t\t\t\t<span class=\"tag\">PLATAFORMA<\/span>\n\t\t\t\t\t\t\t\t\t<span class=\"tag\">VOLATILIDAD<\/span>\n\t\t\t\t\t\t\t\t\t<span class=\"tag\">RTP<\/span>\n\t\t\t\t\t\t\t\t\t<span class=\"tag\">OPERADOR<\/span>\n\t\t\t\t\t\t\t\t\t<span class=\"tag\">APUESTAS<\/span>\n\t\t\t\t\t\t\t\t\t<span class=\"tag\">SOLUCIONES DE MARCA BLANCA<\/span>\n\t\t\t\t\t\t\t<\/div>\n\t\t<\/div>\n\t<\/div>\n<\/div>\n\n<div>\n\t<div class=\"filters\">\n\t\t<div class=\"container\">\n\t\t\t<div class=\"upper-filters\">\n\t\t\t\t<div class=\"search\">\n\t\t\t\t\t<div class=\"catalog-search\">\n\t\t\t\t\t\t<input\n\t\t\t\t\t\t\ttype=\"search\"\n\t\t\t\t\t\t\tid=\"glossary-search\"\n\t\t\t\t\t\t\tclass=\"glossary-search-input\"\n\t\t\t\t\t\t\tplaceholder=\"Buscar\"\n\t\t\t\t\t\t\tautocomplete=\"off\"\n\t\t\t\t\t\t\taria-label=\"Buscar\"\n\t\t\t\t\t\t\/>\n\t\t\t\t\t\t<span class=\"catalog-icon\" aria-hidden=\"true\">\n\t\t\t\t\t\t<svg xmlns=\"http:\/\/www.w3.org\/2000\/svg\" width=\"16\" height=\"16\" viewBox=\"0 0 16 16\" fill=\"none\">\n\t\t\t\t\t\t\t<path fill-rule=\"evenodd\" clip-rule=\"evenodd\" d=\"M3.33333 7.33333C3.33333 5.12733 5.12733 3.33333 7.33333 3.33333C9.53933 3.33333 11.3333 5.12733 11.3333 7.33333C11.3333 9.53933 9.53933 11.3333 7.33333 11.3333C5.12733 11.3333 3.33333 9.53933 3.33333 7.33333ZM13.8047 12.862L11.5413 10.598C12.2433 9.69533 12.6667 8.564 12.6667 7.33333C12.6667 4.39267 10.274 2 7.33333 2C4.39267 2 2 4.39267 2 7.33333C2 10.274 4.39267 12.6667 7.33333 12.6667C8.564 12.6667 9.69533 12.2433 10.598 11.5413L12.862 13.8047C12.992 13.9347 13.1627 14 13.3333 14C13.504 14 13.6747 13.9347 13.8047 13.8047C14.0653 13.544 14.0653 13.1227 13.8047 12.862Z\" fill=\"#B2AEBD\"\/>\n\t\t\t\t\t\t<\/svg>\n\t\t\t\t\t<\/span>\n\t\t\t\t\t<\/div>\n\t\t\t\t<\/div>\n\n\t\t\t\t<div class=\"categories\">\n\t\t\t\t\t\t\t\t\t\t\t\t\t\t\t\t<button type=\"button\" class=\"cat-filter__clear\" data-action=\"clear\" hidden>\n\t\t\t\t\t\t\tClear\t\t\t\t\t\t\t<svg width=\"11\" height=\"11\" viewBox=\"0 0 11 11\" fill=\"none\" xmlns=\"http:\/\/www.w3.org\/2000\/svg\">\n\t\t\t\t\t\t\t\t<path d=\"M0.75 0.75L10.0827 10.0827\" stroke=\"#17161C\" stroke-width=\"1.5\" stroke-linecap=\"round\" stroke-linejoin=\"round\"\/>\n\t\t\t\t\t\t\t\t<path d=\"M0.749325 10.0827L10.082 0.75\" stroke=\"#17161C\" stroke-width=\"1.5\" stroke-linecap=\"round\" stroke-linejoin=\"round\"\/>\n\t\t\t\t\t\t\t<\/svg>\n\t\t\t\t\t\t<\/button>\n\n\t\t\t\t\t\t<div class=\"cat-filter\">\n\t\t\t\t\t\t\t<button type=\"button\" class=\"cat-filter__toggle\" aria-haspopup=\"true\" aria-expanded=\"false\">\n\t\t\t\t\t\t\t\t<span class=\"cat-filter__label\">Categor\u00edas<\/span>\n\t\t\t\t\t\t\t\t<span class=\"cat-filter__badge\" hidden>0<\/span>\n\t\t\t\t\t\t\t<\/button>\n\t\t\t\t\t\t\t<div class=\"cat-filter__menu\" role=\"menu\" aria-hidden=\"true\">\n\t\t\t\t\t\t\t\t<div class=\"cat-filter__list\">\n\t\t\t\t\t\t\t\t\t<div class=\"cat-filter__item\">\n\t\t\t\t\t\t\t\t\t\t<label class=\"cat-filter__option\">\n\t\t\t\t\t\t\t\t\t\t\t<input type=\"checkbox\" class=\"cat-filter__checkbox\" value=\"__all__\"\/>\n\t\t\t\t\t\t\t\t\t\t\t<span class=\"cat-filter__check\"><\/span>\n\t\t\t\t\t\t\t\t\t\t\t<span class=\"cat-filter__text\">Todas las Categor\u00edas<\/span>\n\t\t\t\t\t\t\t\t\t\t<\/label>\n\t\t\t\t\t\t\t\t\t<\/div>\n\t\t\t\t\t\t\t\t\t\t\t\t\t\t\t\t\t\t\t<div class=\"cat-filter__item\">\n\t\t\t\t\t\t\t\t\t\t\t<label class=\"cat-filter__option\">\n\t\t\t\t\t\t\t\t\t\t\t\t<input type=\"checkbox\" class=\"cat-filter__checkbox\" value=\"apuestas-deportivas\" data-term-id=\"3594\"\/>\n\t\t\t\t\t\t\t\t\t\t\t\t<span class=\"cat-filter__check\"><\/span>\n\t\t\t\t\t\t\t\t\t\t\t\t<span class=\"cat-filter__text\">Apuestas deportivas<\/span>\n\t\t\t\t\t\t\t\t\t\t\t<\/label>\n\t\t\t\t\t\t\t\t\t\t<\/div>\n\t\t\t\t\t\t\t\t\t\t\t\t\t\t\t\t\t\t\t<div class=\"cat-filter__item\">\n\t\t\t\t\t\t\t\t\t\t\t<label class=\"cat-filter__option\">\n\t\t\t\t\t\t\t\t\t\t\t\t<input type=\"checkbox\" class=\"cat-filter__checkbox\" value=\"conceptos-basicos-de-igaming-y-modelos-de-negocio\" data-term-id=\"3597\"\/>\n\t\t\t\t\t\t\t\t\t\t\t\t<span class=\"cat-filter__check\"><\/span>\n\t\t\t\t\t\t\t\t\t\t\t\t<span class=\"cat-filter__text\">Conceptos b\u00e1sicos de IGaming y modelos de negocio<\/span>\n\t\t\t\t\t\t\t\t\t\t\t<\/label>\n\t\t\t\t\t\t\t\t\t\t<\/div>\n\t\t\t\t\t\t\t\t\t\t\t\t\t\t\t\t\t\t\t<div class=\"cat-filter__item\">\n\t\t\t\t\t\t\t\t\t\t\t<label class=\"cat-filter__option\">\n\t\t\t\t\t\t\t\t\t\t\t\t<input type=\"checkbox\" class=\"cat-filter__checkbox\" value=\"juegos-y-mecanica\" data-term-id=\"3600\"\/>\n\t\t\t\t\t\t\t\t\t\t\t\t<span class=\"cat-filter__check\"><\/span>\n\t\t\t\t\t\t\t\t\t\t\t\t<span class=\"cat-filter__text\">Juegos y Mec\u00e1nica<\/span>\n\t\t\t\t\t\t\t\t\t\t\t<\/label>\n\t\t\t\t\t\t\t\t\t\t<\/div>\n\t\t\t\t\t\t\t\t\t\t\t\t\t\t\t\t\t\t\t<div class=\"cat-filter__item\">\n\t\t\t\t\t\t\t\t\t\t\t<label class=\"cat-filter__option\">\n\t\t\t\t\t\t\t\t\t\t\t\t<input type=\"checkbox\" class=\"cat-filter__checkbox\" value=\"pagos-y-seguridad\" data-term-id=\"3601\"\/>\n\t\t\t\t\t\t\t\t\t\t\t\t<span class=\"cat-filter__check\"><\/span>\n\t\t\t\t\t\t\t\t\t\t\t\t<span class=\"cat-filter__text\">Pagos y seguridad<\/span>\n\t\t\t\t\t\t\t\t\t\t\t<\/label>\n\t\t\t\t\t\t\t\t\t\t<\/div>\n\t\t\t\t\t\t\t\t\t\t\t\t\t\t\t\t\t\t\t<div class=\"cat-filter__item\">\n\t\t\t\t\t\t\t\t\t\t\t<label class=\"cat-filter__option\">\n\t\t\t\t\t\t\t\t\t\t\t\t<input type=\"checkbox\" class=\"cat-filter__checkbox\" value=\"terminos-financieros-y-metricas\" data-term-id=\"3606\"\/>\n\t\t\t\t\t\t\t\t\t\t\t\t<span class=\"cat-filter__check\"><\/span>\n\t\t\t\t\t\t\t\t\t\t\t\t<span class=\"cat-filter__text\">T\u00e9rminos financieros y m\u00e9tricas<\/span>\n\t\t\t\t\t\t\t\t\t\t\t<\/label>\n\t\t\t\t\t\t\t\t\t\t<\/div>\n\t\t\t\t\t\t\t\t\t\t\t\t\t\t\t\t\t\t\t<div class=\"cat-filter__item\">\n\t\t\t\t\t\t\t\t\t\t\t<label class=\"cat-filter__option\">\n\t\t\t\t\t\t\t\t\t\t\t\t<input type=\"checkbox\" class=\"cat-filter__checkbox\" value=\"los-jugadores-y-su-comportamiento\" data-term-id=\"3609\"\/>\n\t\t\t\t\t\t\t\t\t\t\t\t<span class=\"cat-filter__check\"><\/span>\n\t\t\t\t\t\t\t\t\t\t\t\t<span class=\"cat-filter__text\">Los jugadores y su comportamiento<\/span>\n\t\t\t\t\t\t\t\t\t\t\t<\/label>\n\t\t\t\t\t\t\t\t\t\t<\/div>\n\t\t\t\t\t\t\t\t\t\t\t\t\t\t\t\t\t\t\t<div class=\"cat-filter__item\">\n\t\t\t\t\t\t\t\t\t\t\t<label class=\"cat-filter__option\">\n\t\t\t\t\t\t\t\t\t\t\t\t<input type=\"checkbox\" class=\"cat-filter__checkbox\" value=\"bonificaciones-y-promociones\" data-term-id=\"3612\"\/>\n\t\t\t\t\t\t\t\t\t\t\t\t<span class=\"cat-filter__check\"><\/span>\n\t\t\t\t\t\t\t\t\t\t\t\t<span class=\"cat-filter__text\">Bonificaciones y promociones<\/span>\n\t\t\t\t\t\t\t\t\t\t\t<\/label>\n\t\t\t\t\t\t\t\t\t\t<\/div>\n\t\t\t\t\t\t\t\t\t\t\t\t\t\t\t\t\t\t\t<div class=\"cat-filter__item\">\n\t\t\t\t\t\t\t\t\t\t\t<label class=\"cat-filter__option\">\n\t\t\t\t\t\t\t\t\t\t\t\t<input type=\"checkbox\" class=\"cat-filter__checkbox\" value=\"marketing-y-retencion\" data-term-id=\"3622\"\/>\n\t\t\t\t\t\t\t\t\t\t\t\t<span class=\"cat-filter__check\"><\/span>\n\t\t\t\t\t\t\t\t\t\t\t\t<span class=\"cat-filter__text\">Marketing y Retenci\u00f3n<\/span>\n\t\t\t\t\t\t\t\t\t\t\t<\/label>\n\t\t\t\t\t\t\t\t\t\t<\/div>\n\t\t\t\t\t\t\t\t\t\t\t\t\t\t\t\t\t<\/div>\n\t\t\t\t\t\t\t<\/div>\n\t\t\t\t\t\t<\/div>\n\t\t\t\t\t\t\t\t\t<\/div>\n\t\t\t<\/div>\n\n\t\t\t<div class=\"letters-filter\">\n\t\t\t\t<div class=\"letters-list\"><span class=\"letter show-all active\" data-id=\"all\" data-slug=\"all\">Todo<\/span><span class=\"letter\" data-id=\"3623\" data-slug=\"a\">A<\/span><span class=\"letter\" data-id=\"3624\" data-slug=\"b\">B<\/span><span class=\"letter\" data-id=\"3641\" data-slug=\"c\">C<\/span><span class=\"letter\" data-id=\"3643\" data-slug=\"d\">D<\/span><span class=\"letter\" data-id=\"3596\" data-slug=\"e\">E<\/span><span class=\"letter\" data-id=\"3616\" data-slug=\"f\">F<\/span><span class=\"letter\" data-id=\"3645\" data-slug=\"g\">G<\/span><span class=\"letter\" data-id=\"3649\" data-slug=\"h\">H<\/span><span class=\"letter\" data-id=\"3638\" data-slug=\"i\">I<\/span><span class=\"letter\" data-id=\"3647\" data-slug=\"j\">J<\/span><span class=\"letter\" data-id=\"3650\" data-slug=\"k\">K<\/span><span class=\"letter\" data-id=\"3629\" data-slug=\"l\">L<\/span><span class=\"letter\" data-id=\"3631\" data-slug=\"m\">M<\/span><span class=\"letter\" data-id=\"3626\" data-slug=\"n\">N<\/span><span class=\"letter\" data-id=\"3633\" data-slug=\"o\">O<\/span><span class=\"letter\" data-id=\"3619\" data-slug=\"p\">P<\/span><span class=\"letter\" data-id=\"3614\" data-slug=\"q\">Q<\/span><span class=\"letter\" data-id=\"3610\" data-slug=\"r\">R<\/span><span class=\"letter\" data-id=\"3607\" data-slug=\"s\">S<\/span><span class=\"letter\" data-id=\"3634\" data-slug=\"t\">T<\/span><span class=\"letter\" data-id=\"3604\" data-slug=\"v\">V<\/span><span class=\"letter\" data-id=\"3598\" data-slug=\"w\">W<\/span><\/div>\t\t\t<\/div>\n\t\t<\/div>\n\t<\/div>\n\n\t<div class=\"result\" aria-live=\"polite\">\n\t\t<div class=\"container\">\n\t\t\t\t\t\t\t<div class=\"glossary-index\">\n\t\t\t\t\t\t\t\t\t\t\t<div class=\"glossary-group\" id=\"glossary-m\">\n\t\t\t\t\t\t\t<p class=\"glossary-term-title \">M<\/p>\n\t\t\t\t\t\t\t<div class=\"glossary-posts\">\n\t\t\t\t\t\t\t\t\t\t\t\t\t\t\t\t\t<article class=\"glossary-post \">\n\t\t\t\t\t\t\t\t\t\t<div class=\"glossary-post__title__tax\">\n\t\t\t\t\t\t\t\t\t\t\t<p class=\"glossary-post__title\">\n\t\t\t\t\t\t\t\t\t\t\t\t<a href=\"https:\/\/bgaming.com\/es\/glossary\/max-bet\">\n\t\t\t\t\t\t\t\t\t\t\t\t\tApuesta m\u00e1xima\t\t\t\t\t\t\t\t\t\t\t\t<\/a>\n\t\t\t\t\t\t\t\t\t\t\t<\/p>\n\t\t\t\t\t\t\t\t\t\t\t<span class=\"glossary-post__tax\">T\u00e9rminos financieros y m\u00e9tricas<\/span>\t\t\t\t\t\t\t\t\t\t<\/div>\n\t\t\t\t\t\t\t\t\t\t<p class=\"glossary-post__more\">\n\t\t\t\t\t\t\t\t\t\t\t<a class=\"btn--learn-more\" href=\"https:\/\/bgaming.com\/es\/glossary\/max-bet\">\n\t\t\t\t\t\t\t\t\t\t\t\tM\u00e1s informaci\u00f3n\t\t\t\t\t\t\t\t\t\t\t<\/a>\n\t\t\t\t\t\t\t\t\t\t<\/p>\n\t\t\t\t\t\t\t\t\t<\/article>\n\t\t\t\t\t\t\t\t\t\t\t\t\t\t\t\t\t\t<article class=\"glossary-post \">\n\t\t\t\t\t\t\t\t\t\t<div class=\"glossary-post__title__tax\">\n\t\t\t\t\t\t\t\t\t\t\t<p class=\"glossary-post__title\">\n\t\t\t\t\t\t\t\t\t\t\t\t<a href=\"https:\/\/bgaming.com\/es\/glossary\/money-laundering\">\n\t\t\t\t\t\t\t\t\t\t\t\t\tBlanqueo de dinero\t\t\t\t\t\t\t\t\t\t\t\t<\/a>\n\t\t\t\t\t\t\t\t\t\t\t<\/p>\n\t\t\t\t\t\t\t\t\t\t\t<span class=\"glossary-post__tax\">Pagos y seguridad<\/span>\t\t\t\t\t\t\t\t\t\t<\/div>\n\t\t\t\t\t\t\t\t\t\t<p class=\"glossary-post__more\">\n\t\t\t\t\t\t\t\t\t\t\t<a class=\"btn--learn-more\" href=\"https:\/\/bgaming.com\/es\/glossary\/money-laundering\">\n\t\t\t\t\t\t\t\t\t\t\t\tM\u00e1s informaci\u00f3n\t\t\t\t\t\t\t\t\t\t\t<\/a>\n\t\t\t\t\t\t\t\t\t\t<\/p>\n\t\t\t\t\t\t\t\t\t<\/article>\n\t\t\t\t\t\t\t\t\t\t\t\t\t\t\t\t\t\t<article class=\"glossary-post \">\n\t\t\t\t\t\t\t\t\t\t<div class=\"glossary-post__title__tax\">\n\t\t\t\t\t\t\t\t\t\t\t<p class=\"glossary-post__title\">\n\t\t\t\t\t\t\t\t\t\t\t\t<a href=\"https:\/\/bgaming.com\/es\/glossary\/multiplier\">\n\t\t\t\t\t\t\t\t\t\t\t\t\tMultiplicador\t\t\t\t\t\t\t\t\t\t\t\t<\/a>\n\t\t\t\t\t\t\t\t\t\t\t<\/p>\n\t\t\t\t\t\t\t\t\t\t\t<span class=\"glossary-post__tax\">Juegos y Mec\u00e1nica<\/span>\t\t\t\t\t\t\t\t\t\t<\/div>\n\t\t\t\t\t\t\t\t\t\t<p class=\"glossary-post__more\">\n\t\t\t\t\t\t\t\t\t\t\t<a class=\"btn--learn-more\" href=\"https:\/\/bgaming.com\/es\/glossary\/multiplier\">\n\t\t\t\t\t\t\t\t\t\t\t\tM\u00e1s informaci\u00f3n\t\t\t\t\t\t\t\t\t\t\t<\/a>\n\t\t\t\t\t\t\t\t\t\t<\/p>\n\t\t\t\t\t\t\t\t\t<\/article>\n\t\t\t\t\t\t\t\t\t\t\t\t\t\t\t\t<\/div>\n\t\t\t\t\t\t\t\t\t\t\t\t\t<\/div>\n\t\t\t\t\t\t\t\t\t\t\t<div class=\"glossary-group\" id=\"glossary-o\">\n\t\t\t\t\t\t\t<p class=\"glossary-term-title \">O<\/p>\n\t\t\t\t\t\t\t<div class=\"glossary-posts\">\n\t\t\t\t\t\t\t\t\t\t\t\t\t\t\t\t\t<article class=\"glossary-post \">\n\t\t\t\t\t\t\t\t\t\t<div class=\"glossary-post__title__tax\">\n\t\t\t\t\t\t\t\t\t\t\t<p class=\"glossary-post__title\">\n\t\t\t\t\t\t\t\t\t\t\t\t<a href=\"https:\/\/bgaming.com\/es\/glossary\/online-casino\">\n\t\t\t\t\t\t\t\t\t\t\t\t\tCasino en l\u00ednea\t\t\t\t\t\t\t\t\t\t\t\t<\/a>\n\t\t\t\t\t\t\t\t\t\t\t<\/p>\n\t\t\t\t\t\t\t\t\t\t\t<span class=\"glossary-post__tax\">Conceptos b\u00e1sicos de IGaming y modelos de negocio<\/span>\t\t\t\t\t\t\t\t\t\t<\/div>\n\t\t\t\t\t\t\t\t\t\t<p class=\"glossary-post__more\">\n\t\t\t\t\t\t\t\t\t\t\t<a class=\"btn--learn-more\" href=\"https:\/\/bgaming.com\/es\/glossary\/online-casino\">\n\t\t\t\t\t\t\t\t\t\t\t\tM\u00e1s informaci\u00f3n\t\t\t\t\t\t\t\t\t\t\t<\/a>\n\t\t\t\t\t\t\t\t\t\t<\/p>\n\t\t\t\t\t\t\t\t\t<\/article>\n\t\t\t\t\t\t\t\t\t\t\t\t\t\t\t\t\t\t<article class=\"glossary-post \">\n\t\t\t\t\t\t\t\t\t\t<div class=\"glossary-post__title__tax\">\n\t\t\t\t\t\t\t\t\t\t\t<p class=\"glossary-post__title\">\n\t\t\t\t\t\t\t\t\t\t\t\t<a href=\"https:\/\/bgaming.com\/es\/glossary\/overlay\">\n\t\t\t\t\t\t\t\t\t\t\t\t\tSuperposici\u00f3n\t\t\t\t\t\t\t\t\t\t\t\t<\/a>\n\t\t\t\t\t\t\t\t\t\t\t<\/p>\n\t\t\t\t\t\t\t\t\t\t\t<span class=\"glossary-post__tax\">T\u00e9rminos financieros y m\u00e9tricas<\/span>\t\t\t\t\t\t\t\t\t\t<\/div>\n\t\t\t\t\t\t\t\t\t\t<p class=\"glossary-post__more\">\n\t\t\t\t\t\t\t\t\t\t\t<a class=\"btn--learn-more\" href=\"https:\/\/bgaming.com\/es\/glossary\/overlay\">\n\t\t\t\t\t\t\t\t\t\t\t\tM\u00e1s informaci\u00f3n\t\t\t\t\t\t\t\t\t\t\t<\/a>\n\t\t\t\t\t\t\t\t\t\t<\/p>\n\t\t\t\t\t\t\t\t\t<\/article>\n\t\t\t\t\t\t\t\t\t\t\t\t\t\t\t\t<\/div>\n\t\t\t\t\t\t\t\t\t\t\t\t\t<\/div>\n\t\t\t\t\t\t\t\t\t\t\t<div class=\"glossary-group\" id=\"glossary-t\">\n\t\t\t\t\t\t\t<p class=\"glossary-term-title \">T<\/p>\n\t\t\t\t\t\t\t<div class=\"glossary-posts\">\n\t\t\t\t\t\t\t\t\t\t\t\t\t\t\t\t\t<article class=\"glossary-post \">\n\t\t\t\t\t\t\t\t\t\t<div class=\"glossary-post__title__tax\">\n\t\t\t\t\t\t\t\t\t\t\t<p class=\"glossary-post__title\">\n\t\t\t\t\t\t\t\t\t\t\t\t<a href=\"https:\/\/bgaming.com\/es\/glossary\/table-games\">\n\t\t\t\t\t\t\t\t\t\t\t\t\tJuegos de mesa\t\t\t\t\t\t\t\t\t\t\t\t<\/a>\n\t\t\t\t\t\t\t\t\t\t\t<\/p>\n\t\t\t\t\t\t\t\t\t\t\t<span class=\"glossary-post__tax\">Juegos y Mec\u00e1nica<\/span>\t\t\t\t\t\t\t\t\t\t<\/div>\n\t\t\t\t\t\t\t\t\t\t<p class=\"glossary-post__more\">\n\t\t\t\t\t\t\t\t\t\t\t<a class=\"btn--learn-more\" href=\"https:\/\/bgaming.com\/es\/glossary\/table-games\">\n\t\t\t\t\t\t\t\t\t\t\t\tM\u00e1s informaci\u00f3n\t\t\t\t\t\t\t\t\t\t\t<\/a>\n\t\t\t\t\t\t\t\t\t\t<\/p>\n\t\t\t\t\t\t\t\t\t<\/article>\n\t\t\t\t\t\t\t\t\t\t\t\t\t\t\t\t\t\t<article class=\"glossary-post \">\n\t\t\t\t\t\t\t\t\t\t<div class=\"glossary-post__title__tax\">\n\t\t\t\t\t\t\t\t\t\t\t<p class=\"glossary-post__title\">\n\t\t\t\t\t\t\t\t\t\t\t\t<a href=\"https:\/\/bgaming.com\/es\/glossary\/turnkey-gambling-solution\">\n\t\t\t\t\t\t\t\t\t\t\t\t\tSoluci\u00f3n de juego llave en mano\t\t\t\t\t\t\t\t\t\t\t\t<\/a>\n\t\t\t\t\t\t\t\t\t\t\t<\/p>\n\t\t\t\t\t\t\t\t\t\t\t<span class=\"glossary-post__tax\">Conceptos b\u00e1sicos de IGaming y modelos de negocio<\/span>\t\t\t\t\t\t\t\t\t\t<\/div>\n\t\t\t\t\t\t\t\t\t\t<p class=\"glossary-post__more\">\n\t\t\t\t\t\t\t\t\t\t\t<a class=\"btn--learn-more\" href=\"https:\/\/bgaming.com\/es\/glossary\/turnkey-gambling-solution\">\n\t\t\t\t\t\t\t\t\t\t\t\tM\u00e1s informaci\u00f3n\t\t\t\t\t\t\t\t\t\t\t<\/a>\n\t\t\t\t\t\t\t\t\t\t<\/p>\n\t\t\t\t\t\t\t\t\t<\/article>\n\t\t\t\t\t\t\t\t\t\t\t\t\t\t\t\t\t\t<article class=\"glossary-post \">\n\t\t\t\t\t\t\t\t\t\t<div class=\"glossary-post__title__tax\">\n\t\t\t\t\t\t\t\t\t\t\t<p class=\"glossary-post__title\">\n\t\t\t\t\t\t\t\t\t\t\t\t<a href=\"https:\/\/bgaming.com\/es\/glossary\/telegram-gambling\">\n\t\t\t\t\t\t\t\t\t\t\t\t\tTelegramas de juego\t\t\t\t\t\t\t\t\t\t\t\t<\/a>\n\t\t\t\t\t\t\t\t\t\t\t<\/p>\n\t\t\t\t\t\t\t\t\t\t\t<span class=\"glossary-post__tax\">Juegos y Mec\u00e1nica<\/span>\t\t\t\t\t\t\t\t\t\t<\/div>\n\t\t\t\t\t\t\t\t\t\t<p class=\"glossary-post__more\">\n\t\t\t\t\t\t\t\t\t\t\t<a class=\"btn--learn-more\" href=\"https:\/\/bgaming.com\/es\/glossary\/telegram-gambling\">\n\t\t\t\t\t\t\t\t\t\t\t\tM\u00e1s informaci\u00f3n\t\t\t\t\t\t\t\t\t\t\t<\/a>\n\t\t\t\t\t\t\t\t\t\t<\/p>\n\t\t\t\t\t\t\t\t\t<\/article>\n\t\t\t\t\t\t\t\t\t\t\t\t\t\t\t\t\t\t<article class=\"glossary-post \">\n\t\t\t\t\t\t\t\t\t\t<div class=\"glossary-post__title__tax\">\n\t\t\t\t\t\t\t\t\t\t\t<p class=\"glossary-post__title\">\n\t\t\t\t\t\t\t\t\t\t\t\t<a href=\"https:\/\/bgaming.com\/es\/glossary\/total-win\">\n\t\t\t\t\t\t\t\t\t\t\t\t\tVictoria total\t\t\t\t\t\t\t\t\t\t\t\t<\/a>\n\t\t\t\t\t\t\t\t\t\t\t<\/p>\n\t\t\t\t\t\t\t\t\t\t\t<span class=\"glossary-post__tax\">T\u00e9rminos financieros y m\u00e9tricas<\/span>\t\t\t\t\t\t\t\t\t\t<\/div>\n\t\t\t\t\t\t\t\t\t\t<p class=\"glossary-post__more\">\n\t\t\t\t\t\t\t\t\t\t\t<a class=\"btn--learn-more\" href=\"https:\/\/bgaming.com\/es\/glossary\/total-win\">\n\t\t\t\t\t\t\t\t\t\t\t\tM\u00e1s informaci\u00f3n\t\t\t\t\t\t\t\t\t\t\t<\/a>\n\t\t\t\t\t\t\t\t\t\t<\/p>\n\t\t\t\t\t\t\t\t\t<\/article>\n\t\t\t\t\t\t\t\t\t\t\t\t\t\t\t\t<\/div>\n\t\t\t\t\t\t\t\t\t\t\t\t\t<\/div>\n\t\t\t\t\t\t\t\t\t\t\t<div class=\"glossary-group\" id=\"glossary-i\">\n\t\t\t\t\t\t\t<p class=\"glossary-term-title \">I<\/p>\n\t\t\t\t\t\t\t<div class=\"glossary-posts\">\n\t\t\t\t\t\t\t\t\t\t\t\t\t\t\t\t\t<article class=\"glossary-post \">\n\t\t\t\t\t\t\t\t\t\t<div class=\"glossary-post__title__tax\">\n\t\t\t\t\t\t\t\t\t\t\t<p class=\"glossary-post__title\">\n\t\t\t\t\t\t\t\t\t\t\t\t<a href=\"https:\/\/bgaming.com\/es\/glossary\/igaming\">\n\t\t\t\t\t\t\t\t\t\t\t\t\tiGaming\t\t\t\t\t\t\t\t\t\t\t\t<\/a>\n\t\t\t\t\t\t\t\t\t\t\t<\/p>\n\t\t\t\t\t\t\t\t\t\t\t<span class=\"glossary-post__tax\">Conceptos b\u00e1sicos de IGaming y modelos de negocio<\/span>\t\t\t\t\t\t\t\t\t\t<\/div>\n\t\t\t\t\t\t\t\t\t\t<p class=\"glossary-post__more\">\n\t\t\t\t\t\t\t\t\t\t\t<a class=\"btn--learn-more\" href=\"https:\/\/bgaming.com\/es\/glossary\/igaming\">\n\t\t\t\t\t\t\t\t\t\t\t\tM\u00e1s informaci\u00f3n\t\t\t\t\t\t\t\t\t\t\t<\/a>\n\t\t\t\t\t\t\t\t\t\t<\/p>\n\t\t\t\t\t\t\t\t\t<\/article>\n\t\t\t\t\t\t\t\t\t\t\t\t\t\t\t\t<\/div>\n\t\t\t\t\t\t\t\t\t\t\t\t\t<\/div>\n\t\t\t\t\t\n\t\t\t\t\t\t\t\t\t\t\t<button class=\"load-more-groups-btn\"\n\t\t\t\t\t\t\t\tdata-total=\"22\"\n\t\t\t\t\t\t\t\tdata-offset=\"4\">\n\t\t\t\t\t\t\tMostrar m\u00e1s\t\t\t\t\t\t<\/button>\n\t\t\t\t\t\t\t\t\t<\/div>\n\n\t\t\t\t\t<\/div>\n\t<\/div>\n<\/div>\n<div\nclass=\"cta-banner align wp-block-acf-cta-banner is-layout-flow wp-block-cta-banner-is-layout-flow\" id=\"cta-banner-acf-block-67b82bb2ddb06\">\n\t<div class=\"cta-banner__bg-wrapper\" style=\"background-color: #ffcc29;background-image: url( https:\/\/bgaming.com\/wp-content\/uploads\/2025\/02\/bg.svg );\">\n\t\t<div class=\"container\">\n\t\t\t<div class=\"cta-banner__wrapper parallax-wrapper\">\n\t\t\t\t<div class=\"acf-innerblocks-container\">\n\n<div class=\"wp-block-columns cta-banner__data is-layout-flex wp-container-core-columns-is-layout-28f84493 wp-block-columns-is-layout-flex\">\n<div class=\"wp-block-column cta-banner__data_text is-layout-flow wp-block-column-is-layout-flow\">\n<p class=\"has-cairo-font-family has-font-56-px-font-size\" style=\"font-style:normal;font-weight:1000;line-height:1;text-transform:uppercase\">Iniciemos una conversaci\u00f3n<\/p>\n\n\n\n<p><\/p>\n\n\n\n<p>\u00bfTe gustar\u00eda entablar conversaci\u00f3n con BGaming en cualquier campo? \u00a1Escr\u00edbenos! <\/p>\n\n\n\n<div class=\"wp-block-buttons is-layout-flex wp-block-buttons-is-layout-flex\">\n<div class=\"wp-block-button is-style-vite-outline-black-button\"><a class=\"wp-block-button__link wp-element-button\" href=\"https:\/\/bgaming.com\/es\/contact-us\">Contacta con nosotros<\/a><\/div>\n<\/div>\n<\/div>\n<\/div>\n\n<\/div>\n\n\t\t\t\t\t\t\t\t\t<div class=\"cta-banner__images parallax\">\n\t\t\t\t\t\t\t\t\t\t\t\t\t<div class=\"parallax-container image-coin-left\">\n\t\t\t\t\t\t\t\t<img src=\"https:\/\/bgaming.com\/wp-content\/uploads\/2025\/02\/left.webp\" loading=\"lazy\" decoding=\"async\" alt=\"\">\t\t\t\t\t\t\t<\/div>\n\t\t\t\t\t\t\t\t\t\t\t\t\t\t\t\t\t\t\t<div class=\"parallax-container main-image\">\n\t\t\t\t\t\t\t\t<img src=\"https:\/\/bgaming.com\/wp-content\/uploads\/2025\/02\/main.webp\" loading=\"lazy\" decoding=\"async\" alt=\"\">\t\t\t\t\t\t\t<\/div>\n\t\t\t\t\t\t\t\t\t\t\t\t\t\t\t\t\t\t\t<div class=\"parallax-container image-coin-right\">\n\t\t\t\t\t\t\t\t<img src=\"https:\/\/bgaming.com\/wp-content\/uploads\/2025\/02\/right.webp\" loading=\"lazy\" decoding=\"async\" alt=\"\">\t\t\t\t\t\t\t<\/div>\n\t\t\t\t\t\t\t\t\t\t\t<\/div>\n\t\t\t\t\t\t\t<\/div>\n\t\t<\/div>\n\t<\/div>\n<\/div>\n","protected":false},"excerpt":{"rendered":"","protected":false},"author":2,"featured_media":54858,"parent":0,"menu_order":0,"comment_status":"closed","ping_status":"closed","template":"","meta":{"_sitemap_exclude":false,"_sitemap_priority":"","_sitemap_frequency":"","footnotes":""},"page-group":[],"class_list":["post-55334","page","type-page","status-publish","has-post-thumbnail","hentry"],"acf":[],"_links":{"self":[{"href":"https:\/\/bgaming.com\/es\/wp-json\/wp\/v2\/pages\/55334","targetHints":{"allow":["GET"]}}],"collection":[{"href":"https:\/\/bgaming.com\/es\/wp-json\/wp\/v2\/pages"}],"about":[{"href":"https:\/\/bgaming.com\/es\/wp-json\/wp\/v2\/types\/page"}],"author":[{"embeddable":true,"href":"https:\/\/bgaming.com\/es\/wp-json\/wp\/v2\/users\/2"}],"replies":[{"embeddable":true,"href":"https:\/\/bgaming.com\/es\/wp-json\/wp\/v2\/comments?post=55334"}],"version-history":[{"count":2,"href":"https:\/\/bgaming.com\/es\/wp-json\/wp\/v2\/pages\/55334\/revisions"}],"predecessor-version":[{"id":55338,"href":"https:\/\/bgaming.com\/es\/wp-json\/wp\/v2\/pages\/55334\/revisions\/55338"}],"wp:featuredmedia":[{"embeddable":true,"href":"https:\/\/bgaming.com\/es\/wp-json\/wp\/v2\/media\/54858"}],"wp:attachment":[{"href":"https:\/\/bgaming.com\/es\/wp-json\/wp\/v2\/media?parent=55334"}],"wp:term":[{"taxonomy":"page-group","embeddable":true,"href":"https:\/\/bgaming.com\/es\/wp-json\/wp\/v2\/page-group?post=55334"}],"curies":[{"name":"wp","href":"https:\/\/api.w.org\/{rel}","templated":true}]}}