{"id":29630,"date":"2025-06-27T08:52:37","date_gmt":"2025-06-27T08:52:37","guid":{"rendered":"https:\/\/development-bgaming-players-hub.pantheonsite.io\/politica-de-privacidad"},"modified":"2025-09-24T11:30:47","modified_gmt":"2025-09-24T11:30:47","slug":"politica-de-privacidad","status":"publish","type":"page","link":"https:\/\/bgaming.com\/pt-br\/politica-de-privacidad","title":{"rendered":"Pol\u00edtica de privacidad"},"content":{"rendered":"\n<div class=\"hero-banner align wp-block-acf-hero-banner is-layout-flow wp-block-hero-banner-is-layout-flow\" id=\"hero-banner-acf-block-67abd84a1e2ed\">\n    <div class=\"acf-innerblocks-container\">\n\n<div class=\"wp-block-columns container is-layout-flex wp-container-core-columns-is-layout-28f84493 wp-block-columns-is-layout-flex\">\n<div class=\"wp-block-column hero-banner__wrapper has-violet-background-color has-background is-layout-flow wp-block-column-is-layout-flow\" style=\"border-radius:0.75rem;padding-top:132px;padding-bottom:132px\">\n<div class=\"wp-block-group hero-banner__data is-vertical is-content-justification-center is-layout-flex wp-container-core-group-is-layout-ce155fab wp-block-group-is-layout-flex\">\n<h1 class=\"wp-block-heading hero-banner__data_heading has-white-color has-text-color\" style=\"text-transform:uppercase\">POL\u00cdTICA DE PRIVACIDAD<\/h1>\n\n\n\n<p class=\"has-text-align-center has-white-color has-text-color\">Se voc\u00ea tiver alguma d\u00favida ou sugest\u00e3o sobre esta Pol\u00edtica de Privacidade, entre em contato conosco.<\/p>\n\n\n\n<div class=\"wp-block-buttons hero-banner__data_button is-layout-flex wp-block-buttons-is-layout-flex\">\n<div class=\"wp-block-button is-style-vite-outline-yellow-button\"><a class=\"wp-block-button__link wp-element-button\" href=\"https:\/\/bgaming.com\/contact-us\">entre em contato conosco<\/a><\/div>\n<\/div>\n<\/div>\n<\/div>\n<\/div>\n\n<\/div>\n<\/div>\n\n<div class=\"text-navigation align wp-block-acf-text-navigation is-layout-flow wp-block-text-navigation-is-layout-flow\" id=\"text-navigation-acf-block-681c74301fbb9\">\n    <div class=\"header-nav-current container\">\n        <span class=\"open-nav-mobile\"><\/span>\n            <\/div>\n\n    <div class=\"container\">\n        <div class=\"wrapper\">\n\t                        <div class=\"navigation\">\n                    <div class=\"mobile-quick-list\">\n                        Links R\u00e1pidos                        <span class=\"closed-nav\">\n                            <svg width=\"16\" height=\"16\" viewBox=\"0 0 16 16\" fill=\"none\" xmlns=\"http:\/\/www.w3.org\/2000\/svg\">\n                                <path d=\"M3.33398 3.33398L12.6667 12.6667\" stroke=\"#292D32\" stroke-width=\"1.5\" stroke-linecap=\"round\" stroke-linejoin=\"round\"\/>\n                                <path d=\"M3.33331 12.6667L12.666 3.33398\" stroke=\"#292D32\" stroke-width=\"1.5\" stroke-linecap=\"round\" stroke-linejoin=\"round\"\/>\n                            <\/svg>\n                        <\/span>\n                    <\/div>\n\t\t\t                                <div class=\"navigation-item\">\n\t\t\t\t\t                                        <div class=\"navigation-title\">\n\t\t\t\t\t\t\t        Links r\u00e1pidos                                <\/div>\n\t\t\t\t\t        \t\t\t\t\t                                        <div class=\"navigation-list\">\n\t\t\t\t\t\t\t                                                <a href=\"#what-data-bgaming-collects\">Quais Dados A Bgaming Coleta<\/a>\n\t\t\t\t\t\t\t                                                <a href=\"#use-of-your-personal-data\">Uso De Seus Dados Pessoais<\/a>\n\t\t\t\t\t\t\t                                                <a href=\"#data-retention\">Reten\u00e7\u00e3o De Dados<\/a>\n\t\t\t\t\t\t\t                                                <a href=\"#cookies-policy\">Pol\u00edtica De Cookies<\/a>\n\t\t\t\t\t\t\t                                                <a href=\"#security\">Seguran\u00e7a<\/a>\n\t\t\t\t\t\t\t                                                <a href=\"#transfer-ownership\">Transferir propriedade<\/a>\n\t\t\t\t\t\t\t                                        <\/div>\n\t\t\t\t\t                                <\/div>\n\t\t\t        \t                                <\/div>\n\t        \t                        <div class=\"content\">\n\t\t\t        \n\t<div \n\t class=\"content-block text-block\">\n\t\t<h2 class=\"heading-style-h3\">INTRODU\u00c7\u00c3O<\/h2>\n<p>Esta pol\u00edtica de privacidade define como e por que coletamos, processamos e armazenamos qualquer informa\u00e7\u00e3o (doravante Dados Pessoais) que voc\u00ea compartilha conosco para que possamos identific\u00e1-lo como pessoa ao usar o site bgaming.com (doravante o Site) e\/ou jogar qualquer um dos nossos jogos de cassino (doravante os Jogos) por meio de nossos clientes (doravante os Operadores) e\/ou usando outros servi\u00e7os fornecidos.<\/p>\n<p>Esta Pol\u00edtica se aplica quando atuamos como controladores de dados com rela\u00e7\u00e3o \u00e0s informa\u00e7\u00f5es relativas aos visitantes do Site e aos usu\u00e1rios dos Servi\u00e7os.<\/p>\n<p>Tenha certeza de que estamos comprometidos em proteger sua privacidade e proteger seus dados. Ao usar nosso site e\/ou servi\u00e7os, voc\u00ea confirma seu consentimento com a Pol\u00edtica de Privacidade. Quaisquer altera\u00e7\u00f5es a esta Pol\u00edtica ser\u00e3o exibidas no Site e ser\u00e3o consideradas v\u00e1lidas imediatamente ap\u00f3s a data de publica\u00e7\u00e3o. Voc\u00ea deve verificar esta p\u00e1gina ocasionalmente para se certificar de que est\u00e1 confort\u00e1vel com quaisquer altera\u00e7\u00f5es na Pol\u00edtica.<\/p>\n<p>Se voc\u00ea n\u00e3o concordar com os termos desta Pol\u00edtica, voc\u00ea deve interromper o uso do site.<\/p>\n\n\t\t\t<\/div>\n\n\t<div \n\t\t\tid=\"what-data-bgaming-collects\" class=\"content-block text-block\">\n\t\t<div class=\"padding-bottom padding-xxsmall\">\n<div class=\"padding-bottom padding-xxsmall\">\n<h2 class=\"heading-style-h3\">QUAIS DADOS A BGAMING COLETA<\/h2>\n<\/div>\n<div class=\"text-rich-text w-richtext\">\n<p>A BGaming coleta informa\u00e7\u00f5es de identifica\u00e7\u00e3o pessoal, como nome e sobrenome, data de nascimento, endere\u00e7o f\u00edsico, endere\u00e7o de e-mail, n\u00famero de telefone, etc. Essas informa\u00e7\u00f5es s\u00e3o obtidas por meio de seu envio volunt\u00e1rio por meio de nosso<br \/>\nSite ou entre em contato conosco diretamente em info@bgaming.com sobre nossos produtos e servi\u00e7os, candidate-se a uma de nossas fun\u00e7\u00f5es ou registre-se em nosso site.<\/p>\n<p>Podemos manter sua correspond\u00eancia para n\u00f3s para fins de manuten\u00e7\u00e3o de registros e\/ou processar suas informa\u00e7\u00f5es pessoais para satisfazer nossas obriga\u00e7\u00f5es legais, ou quando tivermos um motivo leg\u00edtimo para faz\u00ea-lo de acordo com esta Pol\u00edtica.<\/p>\n<p>Tamb\u00e9m h\u00e1 informa\u00e7\u00f5es coletadas automaticamente pela BGaming, como seu endere\u00e7o IP din\u00e2mico, tipo de navegador e sistema operacional, fonte de refer\u00eancia, etc., bem como informa\u00e7\u00f5es sobre o tempo, a frequ\u00eancia e o padr\u00e3o de seu<br \/>\nuso de nossos sites ou servi\u00e7os. Essas informa\u00e7\u00f5es s\u00e3o usadas para a opera\u00e7\u00e3o do servi\u00e7o, para manter a qualidade do servi\u00e7o e para fornecer estat\u00edsticas gerais sobre o uso do site.<\/p>\n<\/div>\n<\/div>\n\n\t\t\t<\/div>\n\n\t<div \n\t\t\tid=\"use-of-your-personal-data\" class=\"content-block text-block\">\n\t\t<div class=\"padding-bottom padding-xxsmall\">\n<h3 class=\"heading-style-h3\">USO DE SEUS DADOS PESSOAIS<\/h3>\n<\/div>\n<div class=\"text-rich-text w-richtext\">\n<p>Podemos usar suas informa\u00e7\u00f5es para os fins de:<\/p>\n<ul role=\"list\">\n<li>fornecer os Servi\u00e7os e melhorar a qualidade do Site e dos Servi\u00e7os;<\/li>\n<li>fornecer a voc\u00ea informa\u00e7\u00f5es e atualiza\u00e7\u00f5es para usar o site e os servi\u00e7os de forma mais eficaz;<\/li>\n<li>implementar nossas atividades de marketing;<\/li>\n<li>atendendo \u00e0s suas demandas em assist\u00eancia ao operador;<\/li>\n<li>processar um pedido de emprego;<\/li>\n<\/ul>\n<p>Al\u00e9m das finalidades mencionadas acima, sempre podemos usar Seus Dados Pessoais conforme exigido por lei e regulamenta\u00e7\u00e3o para cumprir as responsabilidades legais e regulat\u00f3rias. Ocasionalmente, podemos usar seu endere\u00e7o de e-mail para inform\u00e1-lo sobre nossos servi\u00e7os, mudan\u00e7as ou melhorias futuras, not\u00edcias e eventos. Oferecemos a voc\u00ea a oportunidade de recusar a distribui\u00e7\u00e3o de tais mensagens ou suspender as notifica\u00e7\u00f5es com os objetivos acima, se voc\u00ea entrar em contato conosco e confirmar o desejo de n\u00e3o inform\u00e1-lo.<\/p>\n<p>O \u00fanico tipo de mensagem que voc\u00ea n\u00e3o pode se recusar a aceitar s\u00e3o os an\u00fancios obrigat\u00f3rios relacionados aos servi\u00e7os, suspens\u00e3o planejada ou descontinua\u00e7\u00e3o dos Servi\u00e7os.<\/p>\n<p>Com quem compartilhamos seus dados?<\/p>\n<p>Podemos divulgar Seus Dados Pessoais a qualquer membro de nossa empresa (ou seja, nossas empresas-m\u00e3e, suas empresas-m\u00e3e e todas as subsidi\u00e1rias dessas empresas) quando razoavelmente necess\u00e1rio para os fins estabelecidos nesta Pol\u00edtica.<\/p>\n<p>Podemos divulgar seus dados pessoais para nossos consultores profissionais e parceiros de neg\u00f3cios quando razoavelmente necess\u00e1rio para gerenciar riscos, obter aconselhamento profissional ou estabelecer e defender nossas reivindica\u00e7\u00f5es legais, seja em tribunal ou em um procedimento extrajudicial.<\/p>\n<p>Nunca vendemos ou alugamos suas informa\u00e7\u00f5es pessoais para terceiros.<\/p>\n<p>Observe tamb\u00e9m que, para lhe fornecer servi\u00e7os eficientes, n\u00f3s ou nossos prestadores de servi\u00e7os podemos exigir a transfer\u00eancia de seus dados pessoais para outro pa\u00eds dentro ou fora do Espa\u00e7o Econ\u00f4mico Europeu (EEA). Portanto, ao usar o site e se comunicar eletronicamente conosco, voc\u00ea reconhece e concorda com o processamento de seus dados nesses pa\u00edses.<\/p>\n<\/div>\n\n\t\t\t<\/div>\n\n\t<div \n\t\t\tid=\"data-retention\" class=\"content-block text-block\">\n\t\t<div class=\"padding-bottom padding-xxsmall\">\n<div class=\"padding-bottom padding-xxsmall\">\n<h3 class=\"heading-style-h3\">RETEN\u00c7\u00c3O DE DADOS<\/h3>\n<\/div>\n<div class=\"text-rich-text w-richtext\">\n<p>Garantiremos que quaisquer dados pessoais que processamos para qualquer finalidade n\u00e3o sejam mantidos por mais tempo do que o necess\u00e1rio para essa finalidade. Podemos reter Seus dados pessoais quando tal reten\u00e7\u00e3o for necess\u00e1ria para cumprir uma obriga\u00e7\u00e3o legal \u00e0 qual estamos sujeitos, ou para proteger Seus interesses leg\u00edtimos ou os interesses vitais de outra pessoa f\u00edsica. Tamb\u00e9m podemos manter derivados de suas informa\u00e7\u00f5es para fins de an\u00e1lise, onde nenhuma tomada de decis\u00e3o automatizada est\u00e1 envolvida.<\/p>\n<\/div>\n<\/div>\n\n\t\t\t<\/div>\n\n\t<div \n\t class=\"content-block text-block\">\n\t\t<div class=\"padding-bottom padding-xxsmall\">\n<div class=\"padding-bottom padding-xxsmall\">\n<div class=\"padding-bottom padding-xxsmall\">\n<h3 class=\"heading-style-h3\">18 ANOS OU MENOS<\/h3>\n<\/div>\n<div class=\"text-rich-text w-richtext\">\n<p>Se voc\u00ea tiver 18 anos ou menos, obtenha a permiss\u00e3o de seus pais\/respons\u00e1veis antes de nos fornecer qualquer informa\u00e7\u00e3o pessoal.<\/p>\n<\/div>\n<\/div>\n<\/div>\n\n\t\t\t<\/div>\n\n\t<div \n\t\t\tid=\"cookies-policy\" class=\"content-block text-block\">\n\t\t<div class=\"padding-bottom padding-xxsmall\">\n<div class=\"padding-bottom padding-xxsmall\">\n<div class=\"padding-bottom padding-xxsmall\">\n<div class=\"padding-bottom padding-xxsmall\">\n<h2 class=\"heading-style-h3\">POL\u00cdTICA DE COOKIES<\/h2>\n<\/div>\n<div class=\"text-rich-text w-richtext\">\n<p>Usamos cookies e tecnologias de rastreamento semelhantes para ajudar voc\u00ea a personalizar sua experi\u00eancia on-line. Cookies s\u00e3o pequenos arquivos de texto que s\u00e3o armazenados no seu computador e salvos pelo seu navegador. Os cookies n\u00e3o podem ser usados para executar programas ou transmitir v\u00edrus ao seu computador. Os cookies s\u00e3o atribu\u00eddos exclusivamente a voc\u00ea e s\u00f3 podem ser lidos por um servidor da web no dom\u00ednio que emitiu o cookie para voc\u00ea.<\/p>\n<p>A maioria dos cookies que usamos s\u00e3o os chamados \u201ccookies de sess\u00e3o\u201d. Eles s\u00e3o exclu\u00eddos automaticamente ap\u00f3s sua visita. Outros cookies permanecem na mem\u00f3ria do seu dispositivo at\u00e9 que voc\u00ea os exclua. Esses cookies permitem reconhecer seu navegador na pr\u00f3xima vez que voc\u00ea visitar o site.<\/p>\n<p>Usamos o Google Analytics, um servi\u00e7o de an\u00e1lise da web da Google Inc., 1600 Amphitheatre Parkway, Mountain View, CA 94043, EUA. O Google Analytics obt\u00e9m informa\u00e7\u00f5es sobre o uso de sites por meio de cookies. Mais informa\u00e7\u00f5es podem ser encontradas\u00a0<a href=\"https:\/\/support.google.com\/analytics\/answer\/6004245\" target=\"_blank\" rel=\"noopener nofollow\">aqui<\/a>, incluindo um link para\u00a0<a href=\"https:\/\/policies.google.com\/privacy?hl=en\" target=\"_blank\" rel=\"noopener nofollow\">Pol\u00edtica de privacidade do Google<\/a>.<\/p>\n<p>Voc\u00ea tem a capacidade de aceitar ou recusar cookies. A maioria dos navegadores da Web aceita cookies automaticamente, mas geralmente voc\u00ea pode modificar a configura\u00e7\u00e3o do seu navegador para recusar cookies, se essa for sua escolha. Se voc\u00ea optar por recusar os cookies, talvez n\u00e3o consiga usar totalmente os servi\u00e7os ou sites que visita.<\/p>\n<\/div>\n<\/div>\n<\/div>\n<\/div>\n\n\t\t\t<\/div>\n\n\t<div \n\t\t\tid=\"security\" class=\"content-block text-block\">\n\t\t<div class=\"padding-bottom padding-xxsmall\">\n<div class=\"padding-bottom padding-xxsmall\">\n<div class=\"padding-bottom padding-xxsmall\">\n<div class=\"padding-bottom padding-xxsmall\">\n<div class=\"padding-bottom padding-xxsmall\">\n<h2 class=\"heading-style-h3\">SEGURAN\u00c7A<\/h2>\n<\/div>\n<div class=\"text-rich-text w-richtext\">\n<p>Empregamos uma variedade de mecanismos de seguran\u00e7a e melhores pr\u00e1ticas para proteger suas informa\u00e7\u00f5es contra acesso n\u00e3o autorizado, processamento ilegal, perda acidental, destrui\u00e7\u00e3o e danos.<\/p>\n<p>Este site usa criptografia SSL, o que significa que os dados que voc\u00ea transfere para n\u00f3s por meio do site n\u00e3o podem ser lidos por terceiros no momento da transfer\u00eancia. Voc\u00ea pode reconhecer uma conex\u00e3o criptografada na linha de endere\u00e7o do seu navegador quando ela diz \u201chttps:\/\/\u201d e o \u00edcone de cadeado \u00e9 exibido na barra de endere\u00e7o.<\/p>\n<p>Enquanto fazemos nossa parte, lembramos que voc\u00ea tamb\u00e9m deve tomar medidas pessoais para garantir a seguran\u00e7a de suas informa\u00e7\u00f5es, tanto f\u00edsica quanto eletronicamente. As medidas comuns incluem: executar um software antiv\u00edrus e mant\u00ea-lo atualizado; atualizar regularmente sistemas operacionais, navegadores da Web e outros aplicativos; garantir que seu computador ou dispositivo m\u00f3vel esteja protegido por senha; usar senhas fortes para todos os logins.<\/p>\n<\/div>\n<\/div>\n<\/div>\n<\/div>\n<\/div>\n\n\t\t\t<\/div>\n\n\t<div \n\t\t\tid=\"transfer-ownership\" class=\"content-block text-block\">\n\t\t<div class=\"padding-bottom padding-xxsmall\">\n<div class=\"padding-bottom padding-xxsmall\">\n<div class=\"padding-bottom padding-xxsmall\">\n<div class=\"padding-bottom padding-xxsmall\">\n<div class=\"padding-bottom padding-xxsmall\">\n<div class=\"padding-bottom padding-xxsmall\">\n<h2 class=\"heading-style-h3\">TRANSFERIR PROPRIEDADE<\/h2>\n<\/div>\n<div class=\"text-rich-text w-richtext\">\n<p>Em caso de mudan\u00e7a de propriedade, como fus\u00e3o, aquisi\u00e7\u00e3o ou venda de nossos ativos, todas as informa\u00e7\u00f5es podem ser transmitidas de acordo com esta Pol\u00edtica. Tomaremos todas as medidas necess\u00e1rias para garantir que seus dados pessoais sejam tratados com seguran\u00e7a e de acordo com este documento ao transferir os dados.<\/p>\n<\/div>\n<\/div>\n<\/div>\n<\/div>\n<\/div>\n<\/div>\n\n\t\t\t<\/div>\n\n\t<div \n\t class=\"content-block text-block\">\n\t\t<div class=\"padding-bottom padding-xxsmall\">\n<div class=\"padding-bottom padding-xxsmall\">\n<div class=\"padding-bottom padding-xxsmall\">\n<div class=\"padding-bottom padding-xxsmall\">\n<div class=\"padding-bottom padding-xxsmall\">\n<div class=\"padding-bottom padding-xxsmall\">\n<div class=\"padding-bottom padding-xxsmall\">\n<h2 class=\"heading-style-h3\">ENTRE EM CONTATO CONOSCO<\/h2>\n<\/div>\n<div class=\"text-rich-text w-richtext\">\n<p>Se voc\u00ea tiver alguma d\u00favida ou sugest\u00e3o sobre esta Pol\u00edtica de Privacidade, entre em contato conosco por e-mail:\u00a0<a href=\"mailto:info@bgaming.com\" target=\"_blank\" rel=\"noopener\">info@bgaming.com<\/a>.<\/p>\n<p>\u00daltima atualiza\u00e7\u00e3o em: 25 de maio de 2018<\/p>\n<\/div>\n<\/div>\n<\/div>\n<\/div>\n<\/div>\n<\/div>\n<\/div>\n\n\t\t\t<\/div>\n                <\/div>\n\t                <\/div>\n    <\/div>\n\n<\/div>\n\n\n<div\nclass=\"cta-banner align wp-block-acf-cta-banner is-layout-flow wp-block-cta-banner-is-layout-flow\" id=\"cta-banner-acf-block-67b3521e40a73\">\n\t<div class=\"cta-banner__bg-wrapper\" style=\"background-color: #ffcc29;background-image: url( https:\/\/bgaming.com\/wp-content\/uploads\/2025\/02\/bg.svg );\">\n\t\t<div class=\"container\">\n\t\t\t<div class=\"cta-banner__wrapper parallax-wrapper\">\n\t\t\t\t<div class=\"acf-innerblocks-container\">\n\n<div class=\"wp-block-columns cta-banner__data is-layout-flex wp-container-core-columns-is-layout-28f84493 wp-block-columns-is-layout-flex\">\n<div class=\"wp-block-column cta-banner__data_text is-layout-flow wp-block-column-is-layout-flow\">\n<h2 class=\"wp-block-heading\" style=\"text-transform:uppercase\">Vamos come\u00e7ar uma conversa<\/h2>\n\n\n\n<p>Voc\u00ea gostaria de iniciar uma conversa com a BGaming em qualquer campo? Escreva-nos!<\/p>\n\n\n\n<div class=\"wp-block-buttons is-layout-flex wp-block-buttons-is-layout-flex\">\n<div class=\"wp-block-button is-style-vite-outline-black-button\"><a class=\"wp-block-button__link wp-element-button\">Contacto<\/a><\/div>\n<\/div>\n<\/div>\n<\/div>\n\n<\/div>\n\n\t\t\t\t\t\t\t\t\t<div class=\"cta-banner__images parallax\">\n\t\t\t\t\t\t\t\t\t\t\t\t\t<div class=\"parallax-container image-coin-left\">\n\t\t\t\t\t\t\t\t<img src=\"https:\/\/bgaming.com\/wp-content\/uploads\/2025\/02\/left.webp\" loading=\"lazy\" decoding=\"async\" alt=\"\">\t\t\t\t\t\t\t<\/div>\n\t\t\t\t\t\t\t\t\t\t\t\t\t\t\t\t\t\t\t<div class=\"parallax-container main-image\">\n\t\t\t\t\t\t\t\t<img src=\"https:\/\/bgaming.com\/wp-content\/uploads\/2025\/02\/main.webp\" loading=\"lazy\" decoding=\"async\" alt=\"\">\t\t\t\t\t\t\t<\/div>\n\t\t\t\t\t\t\t\t\t\t\t\t\t\t\t\t\t\t\t<div class=\"parallax-container image-coin-right\">\n\t\t\t\t\t\t\t\t<img src=\"https:\/\/bgaming.com\/wp-content\/uploads\/2025\/02\/right.webp\" loading=\"lazy\" decoding=\"async\" alt=\"\">\t\t\t\t\t\t\t<\/div>\n\t\t\t\t\t\t\t\t\t\t\t<\/div>\n\t\t\t\t\t\t\t<\/div>\n\t\t<\/div>\n\t<\/div>\n<\/div>\n","protected":false},"excerpt":{"rendered":"","protected":false},"author":6688,"featured_media":0,"parent":0,"menu_order":0,"comment_status":"closed","ping_status":"closed","template":"","meta":{"_sitemap_exclude":false,"_sitemap_priority":"","_sitemap_frequency":"","footnotes":""},"page-group":[],"class_list":["post-29630","page","type-page","status-publish","hentry"],"acf":[],"_links":{"self":[{"href":"https:\/\/bgaming.com\/pt-br\/wp-json\/wp\/v2\/pages\/29630","targetHints":{"allow":["GET"]}}],"collection":[{"href":"https:\/\/bgaming.com\/pt-br\/wp-json\/wp\/v2\/pages"}],"about":[{"href":"https:\/\/bgaming.com\/pt-br\/wp-json\/wp\/v2\/types\/page"}],"author":[{"embeddable":true,"href":"https:\/\/bgaming.com\/pt-br\/wp-json\/wp\/v2\/users\/6688"}],"replies":[{"embeddable":true,"href":"https:\/\/bgaming.com\/pt-br\/wp-json\/wp\/v2\/comments?post=29630"}],"version-history":[{"count":7,"href":"https:\/\/bgaming.com\/pt-br\/wp-json\/wp\/v2\/pages\/29630\/revisions"}],"predecessor-version":[{"id":47812,"href":"https:\/\/bgaming.com\/pt-br\/wp-json\/wp\/v2\/pages\/29630\/revisions\/47812"}],"wp:attachment":[{"href":"https:\/\/bgaming.com\/pt-br\/wp-json\/wp\/v2\/media?parent=29630"}],"wp:term":[{"taxonomy":"page-group","embeddable":true,"href":"https:\/\/bgaming.com\/pt-br\/wp-json\/wp\/v2\/page-group?post=29630"}],"curies":[{"name":"wp","href":"https:\/\/api.w.org\/{rel}","templated":true}]}}