{"id":31557,"date":"2025-05-16T07:24:59","date_gmt":"2025-05-16T07:24:59","guid":{"rendered":"https:\/\/development-bgaming-players-hub.pantheonsite.io\/carreiras"},"modified":"2026-02-27T14:41:25","modified_gmt":"2026-02-27T14:41:25","slug":"careers","status":"publish","type":"page","link":"https:\/\/bgaming.com\/pt-br\/careers","title":{"rendered":"Carreiras"},"content":{"rendered":"\n<section style=\"margin-top:0;margin-bottom:0;\" class=\"hero-about careers align wp-block-acf-hero-about is-layout-flow wp-block-hero-about-is-layout-flow\" id=\"hero-about-acf-block-67cef1ec119af\">\n    <div class=\"hero-about__container container overflow-hidden\">\n        <div class=\"acf-innerblocks-container\">\n\n<div class=\"wp-block-group hero-about__wrapper is-layout-flow wp-block-group-is-layout-flow\">\n<div class=\"wp-block-columns hero-about__columns alignfull is-layout-flex wp-container-core-columns-is-layout-28f84493 wp-block-columns-is-layout-flex\">\n<div class=\"wp-block-column hero-careers__columns__left is-layout-flow wp-block-column-is-layout-flow\">\n<h1 class=\"wp-block-heading has-white-color has-text-color\" style=\"text-transform:uppercase\">Deixe a sua marca<br>no iGaming!<\/h1>\n\n\n\n<div \nclass=\"careers-list-filters  align wp-block-acf-careers-list-filters is-layout-flow wp-block-careers-list-filters-is-layout-flow\" id=\"careers-list-acf-block-6941021880c30\">\n\t<div class=\"careers-list__container\">\n\t\t<div class=\"careers-list__top\">\n\t\t\t<div class=\"careers-list__view\">\n\t\t\t\t<div class=\"acf-innerblocks-container\">\n\n<h3 class=\"wp-block-heading has-text-align-left has-white-color has-text-color has-link-color wp-elements-6e165c406ebb8c7827d11104d5fdbc2d\" style=\"text-transform:uppercase\">Vagas em aberto<\/h3>\n\n<\/div>\n\t\t\t<\/div>\n\t\t\t<div class=\"careers-list__filters\">\n\t\t\t\t<div class=\"careers-list__filters__search\">\n\t\t\t\t\t<label for=\"search\">\n\t\t\t\t\t\t<input class=\"input-search w-icon\" id=\"careers-search-input\" name=\"search\" data-name=\"search\" placeholder=\"Pesquisar\" type=\"text\" autocomplete=\"off\">\n\t\t\t\t\t<\/label>\n\t\t\t\t<\/div>\n\t\t\t\t<div class=\"careers-list__filters__controls\">\n\t\t\t\t\t<div class=\"careers-list__filters__dropdown\">\n\t\t\t\t\t\t<button class=\"careers-list__dropdown__button\" id=\"department-dropdown-button\">\n\t\t\t\t\t\t\t<svg width=\"16\" height=\"8\" viewBox=\"0 0 16 8\" fill=\"none\" xmlns=\"http:\/\/www.w3.org\/2000\/svg\">\n\t\t\t\t\t\t\t\t<path d=\"M14.1092 1L8.71323 6.39595C8.07598 7.0332 7.0332 7.0332 6.39595 6.39595L1 1\" stroke=\"currentColor\" stroke-width=\"2\" stroke-miterlimit=\"10\" stroke-linecap=\"round\" stroke-linejoin=\"round\"\/>\n\t\t\t\t\t\t\t<\/svg>\n\t\t\t\t\t\t\t<span class=\"careers-list__dropdown__text\">All Departments<\/span>\n\t\t\t\t\t\t<\/button>\n\t\t\t\t\t\t<div class=\"careers-list__dropdown__content\" id=\"department-dropdown-content\">\n\t\t\t\t\t\t\t<div class=\"careers-list__dropdown__item active\" data-department=\"all\">\n\t\t\t\t\t\t\t\t<span>All Departments<\/span>\n\t\t\t\t\t\t\t\t<span class=\"careers-list__dropdown__count\">(10)<\/span>\n\t\t\t\t\t\t\t<\/div>\n\t\t\t\t\t\t\t\t\t\t\t\t\t\t\t<div class=\"careers-list__dropdown__item\" data-department=\"188\">\n\t\t\t\t\t\t\t\t\t<span>Game Development<\/span>\n\t\t\t\t\t\t\t\t\t<span class=\"careers-list__dropdown__count\">(2)<\/span>\n\t\t\t\t\t\t\t\t<\/div>\n\t\t\t\t\t\t\t\t\t\t\t\t\t\t\t<div class=\"careers-list__dropdown__item\" data-department=\"189\">\n\t\t\t\t\t\t\t\t\t<span>Technical Account Managers<\/span>\n\t\t\t\t\t\t\t\t\t<span class=\"careers-list__dropdown__count\">(1)<\/span>\n\t\t\t\t\t\t\t\t<\/div>\n\t\t\t\t\t\t\t\t\t\t\t\t\t\t\t<div class=\"careers-list__dropdown__item\" data-department=\"194\">\n\t\t\t\t\t\t\t\t\t<span>Business Development<\/span>\n\t\t\t\t\t\t\t\t\t<span class=\"careers-list__dropdown__count\">(1)<\/span>\n\t\t\t\t\t\t\t\t<\/div>\n\t\t\t\t\t\t\t\t\t\t\t\t\t\t\t<div class=\"careers-list__dropdown__item\" data-department=\"197\">\n\t\t\t\t\t\t\t\t\t<span>Product Department<\/span>\n\t\t\t\t\t\t\t\t\t<span class=\"careers-list__dropdown__count\">(2)<\/span>\n\t\t\t\t\t\t\t\t<\/div>\n\t\t\t\t\t\t\t\t\t\t\t\t\t\t\t<div class=\"careers-list__dropdown__item\" data-department=\"200\">\n\t\t\t\t\t\t\t\t\t<span>HR<\/span>\n\t\t\t\t\t\t\t\t\t<span class=\"careers-list__dropdown__count\">(1)<\/span>\n\t\t\t\t\t\t\t\t<\/div>\n\t\t\t\t\t\t\t\t\t\t\t\t\t\t\t<div class=\"careers-list__dropdown__item\" data-department=\"204\">\n\t\t\t\t\t\t\t\t\t<span>Delivery Department<\/span>\n\t\t\t\t\t\t\t\t\t<span class=\"careers-list__dropdown__count\">(2)<\/span>\n\t\t\t\t\t\t\t\t<\/div>\n\t\t\t\t\t\t\t\t\t\t\t\t\t\t\t<div class=\"careers-list__dropdown__item\" data-department=\"3591\">\n\t\t\t\t\t\t\t\t\t<span>Marketing Department<\/span>\n\t\t\t\t\t\t\t\t\t<span class=\"careers-list__dropdown__count\">(1)<\/span>\n\t\t\t\t\t\t\t\t<\/div>\n\t\t\t\t\t\t\t\t\t\t\t\t\t<\/div>\n\t\t\t\t\t<\/div>\n\t\t\t\t<\/div>\n\t\t\t<\/div>\n\t\t<\/div>\n\t<\/div>\n<\/div>\n<\/div>\n\n\n\n<div class=\"wp-block-column hero-careers__columns__right parallax is-layout-flow wp-block-column-is-layout-flow\">\n<figure class=\"wp-block-image size-full main-image\"><img loading=\"lazy\" decoding=\"async\" width=\"568\" height=\"487\" src=\"https:\/\/bgaming.com\/wp-content\/uploads\/2025\/12\/IMG_5025-2.png\" alt=\"\" class=\"wp-image-58911\"\/><\/figure>\n<\/div>\n<\/div>\n<\/div>\n\n<\/div>\n    <\/div>\n<\/section>\n\n\n\n<div \nstyle=\"margin-top:0;margin-bottom:0;\" class=\"careers-list  align wp-block-acf-careers-list is-layout-flow wp-block-careers-list-is-layout-flow\" id=\"careers-list-list\">\n\t<div class=\"container\">\n\t\t<div class=\"careers-list__container\">\n\t\t\t<div class=\"careers-list__items careers-list__items--grid\">\n\t\t\t\t<div class=\"careers-list__items-container\">\n\t\t\t\t\t\t\t\t\t<\/div>\n\t\t\t\t<div class=\"no-search-results is-hidden\">\n\t<div class=\"no-search-results__img\">\n\t\t<img decoding=\"async\" loading=\"lazy\" src=\"https:\/\/cdn.prod.website-files.com\/63b2c230b49fa188ad86ffec\/63c6ec67558bd4229e54f8cc_search-zoom-out.svg\" alt=\"No search results\">\n\t<\/div>\n\t<div class=\"no-search-results__title\">Sem resultados de busca<\/div>\n\t<div class=\"no-search-results__text\">N\u00e3o h\u00e1 posi\u00e7\u00f5es com esta entrada de pesquisa.<\/div>\n<\/div>\n\t\t\t<\/div>\n\n\t\t<\/div>\n\t<\/div>\n<\/div>\n\n\n\n<section \nstyle=\"margin-top:0;margin-bottom:0;\" class=\"process  align wp-block-acf-process is-layout-flow wp-block-process-is-layout-flow\" id=\"acf-block-68d6908531467\">\n\t<div class=\"container\">\n\t\t<div class=\"process__top\">\n\t\t\t\t\t\t\t<div class=\"process__top-text\">\n\t\t\t\t\t\t\t\t\t\t\t<div class=\"h2\">Processo de recrutamento<\/div>\n\t\t\t\t\t\t\t\t\t\t\t\t\t\t\t\t<a href=\"#submit-your-cv\" class=\"button\">Contato<\/a>\t\t\t\t\t\t\t\t\t<\/div>\n\t\t\t\t\t\t\t\t\t\t<div class=\"process__top-img\">\n\t\t\t\t\t<img decoding=\"async\" width=\"206\" height=\"247\" src=\"https:\/\/bgaming.com\/wp-content\/uploads\/2025\/12\/process-image.png\" class=\"attachment-full size-full\" alt=\"\" loading=\"lazy\" \/>\t\t\t\t<\/div>\n\t\t\t\t\t<\/div>\n\t\t\t\t\t<div class=\"process__bot\">\n\t\t\t\t\t\t\t\t\t<div class=\"process__bot-item\">\n\t\t\t\t\t\t<div class=\"process__bot-item--content\">\n\t\t\t\t\t\t\t\t\t\t\t\t\t\t\t<div class=\"process__bot-item_title\">Aplica\u00e7\u00e3o<\/div>\n\t\t\t\t\t\t\t\t\t\t\t\t\t\t\t\t\t\t\t\t\t\t<div class=\"process__bot-item_desc\">Escolha a posi\u00e7\u00e3o em que est\u00e1 interessado, envie seu curr\u00edculo e carta de apresenta\u00e7\u00e3o. N\u00f3s os analisaremos.<\/div>\n\t\t\t\t\t\t\t\t\t\t\t\t\t<\/div>\n\t\t\t\t\t<\/div>\n\t\t\t\t\t\t\t\t\t<div class=\"process__bot-item\">\n\t\t\t\t\t\t<div class=\"process__bot-item--content\">\n\t\t\t\t\t\t\t\t\t\t\t\t\t\t\t<div class=\"process__bot-item_title\">Triagem<\/div>\n\t\t\t\t\t\t\t\t\t\t\t\t\t\t\t\t\t\t\t\t\t\t<div class=\"process__bot-item_desc\">Entraremos em contato com voc\u00ea para agendar uma entrevista t\u00e9cnica ou oferecer uma tarefa de teste, dependendo do cargo ao qual voc\u00ea se candidatar.<\/div>\n\t\t\t\t\t\t\t\t\t\t\t\t\t<\/div>\n\t\t\t\t\t<\/div>\n\t\t\t\t\t\t\t\t\t<div class=\"process__bot-item\">\n\t\t\t\t\t\t<div class=\"process__bot-item--content\">\n\t\t\t\t\t\t\t\t\t\t\t\t\t\t\t<div class=\"process__bot-item_title\">Entrevista final<\/div>\n\t\t\t\t\t\t\t\t\t\t\t\t\t\t\t\t\t\t\t\t\t\t<div class=\"process__bot-item_desc\">Convidamos voc\u00ea para uma reuni\u00e3o online ou presencial com um gerente.<\/div>\n\t\t\t\t\t\t\t\t\t\t\t\t\t<\/div>\n\t\t\t\t\t<\/div>\n\t\t\t\t\t\t\t\t\t<div class=\"process__bot-item\">\n\t\t\t\t\t\t<div class=\"process__bot-item--content\">\n\t\t\t\t\t\t\t\t\t\t\t\t\t\t\t<div class=\"process__bot-item_title\">Oferta de emprego<\/div>\n\t\t\t\t\t\t\t\t\t\t\t\t\t\t\t\t\t\t\t\t\t\t<div class=\"process__bot-item_desc\">Enviamos uma oferta de emprego e aguardamos sua ades\u00e3o \u00e0 nossa equipe!<\/div>\n\t\t\t\t\t\t\t\t\t\t\t\t\t<\/div>\n\t\t\t\t\t<\/div>\n\t\t\t\t\t\t\t<\/div>\n\t\t\t<\/div>\n<\/section>\n\n\n\n\t<style class=\"is-layout-flow wp-block-offices-is-layout-flow\">\n\t\t.offices-bg {\n\t\t\tbackground-image: url(https:\/\/bgaming.com\/wp-content\/uploads\/2026\/02\/careers-offices-mobile.jpg);\n\t\t}\n\n\t\t@media (min-width: 992px) {\n\t\t\t.offices-bg {\n\t\t\t\tbackground-image: url(https:\/\/bgaming.com\/wp-content\/uploads\/2026\/02\/careers-offices.jpg);\n\t\t\t}\n\t\t}\n\t<\/style>\n\n<section \nstyle=\"margin-top:0;margin-bottom:0;\" class=\"offices  align wp-block-acf-offices\" id=\"acf-block-68d696ed9215b\">\n\t<div class=\"container\">\n\t\t<div class=\"offices__container\">\n\t\t\t<div class=\"acf-innerblocks-container\">\n\n<div class=\"wp-block-group offices__wrapper is-layout-flow wp-block-group-is-layout-flow\">\n<div class=\"wp-block-columns offices__columns alignfull is-layout-flex wp-container-core-columns-is-layout-28f84493 wp-block-columns-is-layout-flex\">\n<div class=\"wp-block-column offices__columns__left is-layout-flow wp-block-column-is-layout-flow\"><\/div>\n\n\n\n<div class=\"wp-block-column offices__columns__right is-layout-flow wp-block-column-is-layout-flow\">\n<h2 class=\"wp-block-heading has-text-color\" style=\"color:#000000;text-transform:uppercase\">Escrit\u00f3rios<\/h2>\n\n\n\n<p>A BGaming \u00e9 uma equipe internacional. Com sede em <strong>Malta<\/strong>, os escrit\u00f3rios do est\u00fadio est\u00e3o localizados na <strong>Pol\u00f4nia<\/strong> e na <strong>Ge\u00f3rgia<\/strong>. Seguindo a tend\u00eancia mundial, apoiamos o trabalho remoto, portanto, os profissionais da BGaming tamb\u00e9m residem em outros pa\u00edses.<\/p>\n\n\n\n<div class=\"wp-block-buttons is-layout-flex wp-block-buttons-is-layout-flex\">\n<div class=\"wp-block-button is-style-vite-outline-black-button\"><a class=\"wp-block-button__link wp-element-button\" href=\"https:\/\/bgaming.com\/pt-br\/contact-us\">Contato<\/a><\/div>\n<\/div>\n<\/div>\n<\/div>\n<\/div>\n\n<\/div>\n\t\t\t<div class=\"offices-bg\"><\/div>\n\t\t<\/div>\n\t<\/div>\n<\/section>\n\n\n\n<section \nstyle=\"--bg-image: url(https:\/\/bgaming.com\/wp-content\/uploads\/2025\/12\/bg-cv.jpg);--bg-image-mobile: url(https:\/\/bgaming.com\/wp-content\/uploads\/2025\/12\/bg-cv-mobile.jpg); padding-top:var(--wp--preset--spacing--52-80);padding-bottom:var(--wp--preset--spacing--52-80);margin-top:0;margin-bottom:0;\" class=\"cta-careers relative is-style-purple align wp-block-acf-cta-careers is-layout-flow wp-block-cta-careers-is-layout-flow\" id=\"submit-your-cv\">\n\t\t\t<div class=\"cta-careers__elements\">\n\t\t\t<img decoding=\"async\" width=\"166\" height=\"186\" src=\"https:\/\/bgaming.com\/wp-content\/uploads\/2025\/12\/bg-image-1.png\" class=\"cta-careers__image_one\" alt=\"\" loading=\"lazy\" \/>\t\t\t<div class=\"container\">\n\t\t\t\t<img decoding=\"async\" width=\"127\" height=\"120\" src=\"https:\/\/bgaming.com\/wp-content\/uploads\/2025\/12\/bg-image-2.png\" class=\"cta-careers__image_two\" alt=\"\" loading=\"lazy\" \/><img decoding=\"async\" width=\"358\" height=\"135\" src=\"https:\/\/bgaming.com\/wp-content\/uploads\/2025\/12\/bg-image-3.png\" class=\"cta-careers__image_three\" alt=\"\" loading=\"lazy\" \/><img decoding=\"async\" width=\"189\" height=\"180\" src=\"https:\/\/bgaming.com\/wp-content\/uploads\/2025\/12\/bg-image-4.png\" class=\"cta-careers__image_four\" alt=\"\" loading=\"lazy\" \/><img decoding=\"async\" width=\"94\" height=\"98\" src=\"https:\/\/bgaming.com\/wp-content\/uploads\/2025\/12\/bg-image-5.png\" class=\"cta-careers__image_five\" alt=\"\" loading=\"lazy\" \/><img decoding=\"async\" width=\"154\" height=\"148\" src=\"https:\/\/bgaming.com\/wp-content\/uploads\/2025\/12\/bg-image-6.png\" class=\"cta-careers__image_six\" alt=\"\" loading=\"lazy\" \/>\t\t\t<\/div>\n\t\t<\/div>\n\t\t\t<cta-careers class=\"cta-careers__container container relative z-[1]\">\n\t\t<div class=\"acf-innerblocks-container\">\n\n<div class=\"wp-block-group cta-careers__wrapper is-layout-flow wp-block-group-is-layout-flow\">\n<div class=\"wp-block-group cta-careers__text is-layout-flow wp-block-group-is-layout-flow\">\n<h2 class=\"wp-block-heading\" style=\"text-transform:uppercase\">N\u00e3o h\u00e1 vagas dispon\u00edveis <br> no momento?<\/h2>\n\n\n\n<p>Mesmo que voc\u00ea n\u00e3o encontre uma vaga que corresponda \u00e0s suas habilidades no momento, envie-nos seu curr\u00edculo e n\u00f3s o manteremos em nossos arquivos e entraremos em contato caso surja alguma oportunidade.<\/p>\n<\/div>\n\n\n\n<div class=\"wp-block-group cta-careers__form is-layout-flow wp-block-group-is-layout-flow\" style=\"margin-top:0;margin-bottom:0\">\n<h3 class=\"wp-block-heading\">Envie seu curr\u00edculo<\/h3>\n\n\n\n<div class=\"wp-block-contact-form-7-contact-form-selector\">\n<div class=\"wpcf7 no-js\" id=\"wpcf7-f59198-o1\" lang=\"pt-BR\" dir=\"ltr\" data-wpcf7-id=\"59198\">\n<div class=\"screen-reader-response\"><p role=\"status\" aria-live=\"polite\" aria-atomic=\"true\"><\/p> <ul><\/ul><\/div>\n<form action=\"\/pt-br\/wp-json\/wp\/v2\/pages\/31557#wpcf7-f59198-o1\" method=\"post\" class=\"wpcf7-form init\" aria-label=\"Contact form\" enctype=\"multipart\/form-data\" novalidate=\"novalidate\" data-status=\"init\">\n<fieldset class=\"hidden-fields-container\"><input type=\"hidden\" name=\"_wpcf7\" value=\"59198\" \/><input type=\"hidden\" name=\"_wpcf7_version\" value=\"6.1.2\" \/><input type=\"hidden\" name=\"_wpcf7_locale\" value=\"pt_BR\" \/><input type=\"hidden\" name=\"_wpcf7_unit_tag\" value=\"wpcf7-f59198-o1\" \/><input type=\"hidden\" name=\"_wpcf7_container_post\" value=\"0\" \/><input type=\"hidden\" name=\"_wpcf7_posted_data_hash\" value=\"\" \/><input type=\"hidden\" name=\"_wpcf7_recaptcha_response\" value=\"\" \/>\n<\/fieldset>\n<fieldset>\n<div class=\"form-group\">\n<label>Seu nome * <span class=\"wpcf7-form-control-wrap\" data-name=\"full-name\"><input size=\"40\" maxlength=\"400\" class=\"wpcf7-form-control wpcf7-text wpcf7-validates-as-required\" autocomplete=\"name\" aria-required=\"true\" aria-invalid=\"false\" placeholder=\"Nome\" value=\"\" type=\"text\" name=\"full-name\" \/><\/span><\/label>\n<label>Endere\u00e7o de E-mail * <span class=\"wpcf7-form-control-wrap\" data-name=\"email\"><input size=\"40\" maxlength=\"400\" class=\"wpcf7-form-control wpcf7-email wpcf7-validates-as-required wpcf7-text wpcf7-validates-as-email\" autocomplete=\"email\" aria-required=\"true\" aria-invalid=\"false\" placeholder=\"email@domain.com\" value=\"\" type=\"email\" name=\"email\" \/><\/span><\/label>\n<label>Asunto * <span class=\"wpcf7-form-control-wrap\" data-name=\"subject\"><select class=\"wpcf7-form-control wpcf7-select wpcf7-validates-as-required\" aria-required=\"true\" aria-invalid=\"false\" name=\"subject\"><option value=\"Carreira\">Carreira<\/option><\/select><\/span><\/label>\n<label>Como voc\u00ea soube dessa vaga? * <span class=\"wpcf7-form-control-wrap\" data-name=\"position\"><select class=\"wpcf7-form-control wpcf7-select wpcf7-validates-as-required\" aria-required=\"true\" aria-invalid=\"false\" name=\"position\"><option value=\"C\u00fapula da SBC 2025\">C\u00fapula da SBC 2025<\/option><option value=\"Outros\">Outros<\/option><\/select><\/span><\/label>\n\n        <span class=\"wpcf7-form-control-wrap\" data-name=\"cv-file\">\n                <div class=\"form-group file-upload\">\n                    <div class=\"upload-default\">\n                        <input id=\"cv-file\" size=\"40\" class=\"wpcf7-form-control wpcf7-file\" id=\"cv-file\" accept=\"image\/*,.txt,application\/pdf\" aria-invalid=\"false\" type=\"file\" name=\"cv-file\" \/>\n                        <label for=\"cv-file\" class=\"btn btn-upload\">Carregar CV\n                            <svg xmlns=\"http:\/\/www.w3.org\/2000\/svg\" width=\"1rem\" height=\"1rem\" viewBox=\"0 0 16 16\" fill=\"#292D32\">\n                               <path fill-rule=\"evenodd\" clip-rule=\"evenodd\" d=\"M8.58398 2.08301H6.00065C4.40796 2.08301 3.48818 2.40614 2.94765 2.94667C2.40712 3.4872 2.08398 4.40698 2.08398 5.99967V9.99967C2.08398 11.5924 2.40712 12.5121 2.94765 13.0527C3.48818 13.5932 4.40796 13.9163 6.00065 13.9163H10.0007C11.5933 13.9163 12.5131 13.5932 13.0537 13.0527C13.5942 12.5121 13.9173 11.5924 13.9173 9.99967V7.41634H12.0007C10.9591 7.41634 10.0261 7.25243 9.38699 6.61334C8.7479 5.97425 8.58398 5.04122 8.58398 3.99967V2.08301ZM15.1976 6.13601C15.2111 6.14942 15.2239 6.16325 15.2361 6.17746C15.3474 6.30685 15.4094 6.46818 15.4166 6.63375C15.4172 6.64653 15.4174 6.65933 15.4173 6.67215M15.4173 6.67215V9.99967C15.4173 11.7403 15.0738 13.1539 14.1143 14.1133C13.1548 15.0728 11.7413 15.4163 10.0007 15.4163H6.00065C4.26001 15.4163 2.84646 15.0728 1.88699 14.1133C0.927519 13.1539 0.583984 11.7403 0.583984 9.99967V5.99967C0.583984 4.25904 0.927519 2.84548 1.88699 1.88601C2.84646 0.926542 4.26001 0.583008 6.00065 0.583008H9.32808H9.33398C9.3455 0.583008 9.35695 0.583267 9.36833 0.58378M9.86484 0.8032L15.1976 6.13601ZM10.084 3.99967V3.14367L12.8567 5.91634H12.0007C11.0422 5.91634 10.6419 5.74692 10.4476 5.55268C10.2534 5.35843 10.084 4.95813 10.084 3.99967ZM5.95001 6.58471C5.77528 6.59646 5.60388 6.66912 5.47032 6.80268L4.13699 8.13601C3.84409 8.4289 3.84409 8.90378 4.13699 9.19667C4.37126 9.43094 4.72194 9.47783 5.00282 9.33734L5.25065 9.83301V11.333C5.25065 11.7472 5.58644 12.083 6.00065 12.083C6.41486 12.083 6.75065 11.7472 6.75065 11.333V9.14367L6.80365 9.19667C7.09655 9.48956 7.57142 9.48956 7.86431 9.19667C8.15721 8.90378 8.15721 8.4289 7.86431 8.13601L6.5349 6.8066C6.5207 6.79218 6.50589 6.77831 6.4905 6.76503C6.37598 6.66606 6.23864 6.60745 6.09708 6.5892C6.04808 6.58284 5.99881 6.5814 5.95001 6.58471Z\"><\/path>\n                            <\/svg>\n                        <\/label>\n                        <span class=\"file-info\">Tamanho m\u00e1ximo do arquivo 3MB<\/span>\n                    <\/div>\n            \n                    <div class=\"upload-state upload-uploading hidden\" tabindex=\"-1\">\n                      <div class=\"btn btn-upload btn-upload-status\">\n                        <span class=\"upload-text\">Upload...<\/span>\n                      <\/div>\n                    <\/div>\n                    \n                    <div class=\"upload-state upload-success hidden\" tabindex=\"-1\">\n                      <div class=\"btn btn-upload btn-upload-success\">\n                        <span class=\"file-name\">filename.pdf<\/span>\n                        <button type=\"button\" class=\"btn-remove-file\" aria-label=\"Remove file\">\n                          \u2715\n                        <\/button>\n                      <\/div>\n                    <\/div>\n                    \n                    <div class=\"upload-state upload-error hidden\" tabindex=\"-1\">\n                      <div class=\"upload-error-msg file-info\" \n                           data-size-error=\"Falha no Upload. O tamanho m\u00e1ximo para arquivos \u00e9 de 3 MB.\" \n                           data-type-error=\"Falha no Upload. Tipo de arquivo inv\u00e1lido.\" \n                           data-generic-error=\"Falha no Upload. Algo deu errado. Por favor, tente novamente.\">\n                        Falha no Upload. O tamanho m\u00e1ximo para arquivos \u00e9 de 3 MB.\n                      <\/div>\n                    <\/div>\n                <\/div>\n            <\/span>\n<\/div>\n<\/fieldset>\n\n<fieldset class=\"acceptance-group\">\n<div class=\"form-group\">\n<span class=\"wpcf7-form-control-wrap\" data-name=\"agreement\"><span class=\"wpcf7-form-control wpcf7-acceptance\"><span class=\"wpcf7-list-item\"><label><input type=\"checkbox\" name=\"agreement\" value=\"1\" aria-invalid=\"false\" \/><span class=\"wpcf7-list-item-label\">Concordo com o tratamento dos meus dados pessoais *<\/span><\/label><\/span><\/span><\/span>\n<\/div>\n<\/fieldset>\n\n<input class=\"wpcf7-form-control wpcf7-submit has-spinner\" type=\"submit\" value=\"Enviar\" \/><div class=\"wpcf7-response-output\" aria-hidden=\"true\"><\/div>\n<\/form>\n<\/div>\n<\/div>\n<\/div>\n<\/div>\n\n<\/div>\n\t<\/cta-careers>\n<\/section>\n","protected":false},"excerpt":{"rendered":"","protected":false},"author":11,"featured_media":68611,"parent":0,"menu_order":0,"comment_status":"closed","ping_status":"closed","template":"","meta":{"_sitemap_exclude":false,"_sitemap_priority":"","_sitemap_frequency":"","footnotes":""},"page-group":[],"class_list":["post-31557","page","type-page","status-publish","has-post-thumbnail","hentry"],"acf":[],"_links":{"self":[{"href":"https:\/\/bgaming.com\/pt-br\/wp-json\/wp\/v2\/pages\/31557","targetHints":{"allow":["GET"]}}],"collection":[{"href":"https:\/\/bgaming.com\/pt-br\/wp-json\/wp\/v2\/pages"}],"about":[{"href":"https:\/\/bgaming.com\/pt-br\/wp-json\/wp\/v2\/types\/page"}],"author":[{"embeddable":true,"href":"https:\/\/bgaming.com\/pt-br\/wp-json\/wp\/v2\/users\/11"}],"replies":[{"embeddable":true,"href":"https:\/\/bgaming.com\/pt-br\/wp-json\/wp\/v2\/comments?post=31557"}],"version-history":[{"count":16,"href":"https:\/\/bgaming.com\/pt-br\/wp-json\/wp\/v2\/pages\/31557\/revisions"}],"predecessor-version":[{"id":66136,"href":"https:\/\/bgaming.com\/pt-br\/wp-json\/wp\/v2\/pages\/31557\/revisions\/66136"}],"wp:featuredmedia":[{"embeddable":true,"href":"https:\/\/bgaming.com\/pt-br\/wp-json\/wp\/v2\/media\/68611"}],"wp:attachment":[{"href":"https:\/\/bgaming.com\/pt-br\/wp-json\/wp\/v2\/media?parent=31557"}],"wp:term":[{"taxonomy":"page-group","embeddable":true,"href":"https:\/\/bgaming.com\/pt-br\/wp-json\/wp\/v2\/page-group?post=31557"}],"curies":[{"name":"wp","href":"https:\/\/api.w.org\/{rel}","templated":true}]}}