{"id":31602,"date":"2025-03-14T15:11:24","date_gmt":"2025-03-14T15:11:24","guid":{"rendered":"https:\/\/development-bgaming-players-hub.pantheonsite.io\/marketing\/promocao-de-conjuntos-de-jogos"},"modified":"2026-04-08T13:18:49","modified_gmt":"2026-04-08T13:18:49","slug":"game-sets-promo","status":"publish","type":"page","link":"https:\/\/bgaming.com\/pt-br\/marketing\/game-sets-promo","title":{"rendered":"Promo\u00e7\u00e3o de conjuntos de jogos"},"content":{"rendered":"<section style=\"padding-top:var(--wp--preset--spacing--large);padding-bottom:var(--wp--preset--spacing--large);\" class=\"game-sets-promo align wp-block-acf-game-sets-promo has-text-color has-background is-layout-flow wp-block-game-sets-promo-is-layout-flow\" id=\"acf-block-67d9fd86e524a\" data-page=\"acf-block-67d9fd86e524a\">\n    <div class=\"container game-sets-promo__container\">\n        <div class=\"acf-innerblocks-container\">\n\n<div class=\"wp-block-group has-global-padding is-layout-constrained wp-block-group-is-layout-constrained\">\n<h1 class=\"wp-block-heading\" style=\"margin-bottom:var(--wp--preset--spacing--medium);font-size:clamp(34.313px, 2.145rem + ((1vw - 3.2px) * 2.437), 62px);text-transform:uppercase\">promo\u00e7\u00e3o de conjuntos de jogos<\/h1>\n<\/div>\n\n<\/div>\n                    <form method=\"get\" action=\"#\" onsubmit=\"return false;\">\n                <label class=\"search-wrapper\">\n                    <input type=\"text\" name=\"s\" placeholder=' Pesquisar' class=\"search-input\"\n                           value=\"\"\/>\n                <\/label>\n            <\/form>\n                <div class=\"game-sets-promo__cards\">\n                                                <a href=\"https:\/\/bgaming.com\/pt-br\/game-sets-promo\/xmas-promo-begin-a-profitable-year-with-bgamings-offer\" class=\"game-sets-promo__card\">\n                        <div class=\"game-sets-promo__card--container\">\n                                                            <img decoding=\"async\" width=\"1120\" height=\"460\" src=\"https:\/\/bgaming.com\/wp-content\/uploads\/2025\/03\/V1-10.jpg\" class=\"game-image wp-post-image\" alt=\"\" loading=\"lazy\" \/>                                                        <div class=\"game-sets-promo__card--header\">\n                                <svg xmlns=\"http:\/\/www.w3.org\/2000\/svg\" class=\"arrow-header\" width=\"16\" height=\"16\"\n                                     viewBox=\"0 0 16 16\" fill=\"none\">\n                                    <g clip-path=\"url(#clip0_1174_8149)\">\n                                        <path d=\"M15.8167 7.55759C15.8165 7.5574 15.8163 7.55719 15.8161 7.557L12.5504 4.307C12.3057 4.06353 11.91 4.06444 11.6665 4.30912C11.423 4.55378 11.4239 4.9495 11.6686 5.193L13.8612 7.375H0.625C0.279813 7.375 0 7.65481 0 8C0 8.34519 0.279813 8.625 0.625 8.625H13.8612L11.6686 10.807C11.4239 11.0505 11.423 11.4462 11.6665 11.6909C11.91 11.9356 12.3058 11.9364 12.5504 11.693L15.8162 8.443C15.8163 8.44281 15.8165 8.44259 15.8167 8.4424C16.0615 8.19809 16.0607 7.80109 15.8167 7.55759Z\"\n                                              fill=\"#17161C\"\/>\n                                    <\/g>\n                                    <defs>\n                                        <clipPath id=\"clip0_1174_8149\">\n                                            <rect width=\"16\" height=\"16\" fill=\"white\"\/>\n                                        <\/clipPath>\n                                    <\/defs>\n                                <\/svg>\n                                Promo\u00e7\u00e3o de Natal: Comece um ano lucrativo com a oferta do BGaming!                            <\/div>\n                        <\/div>\n                    <\/a>\n                                    <a href=\"https:\/\/bgaming.com\/pt-br\/game-sets-promo\/halloween-promo-elevate-thrills-with-bgamings-exclusive-spooky-reels\" class=\"game-sets-promo__card\">\n                        <div class=\"game-sets-promo__card--container\">\n                                                            <img decoding=\"async\" width=\"494\" height=\"459\" src=\"https:\/\/bgaming.com\/wp-content\/uploads\/2025\/03\/666af6c8b63d22ef3b8172f2_Halloween_1120x460_29.webp\" class=\"game-image wp-post-image\" alt=\"\" loading=\"lazy\" \/>                                                        <div class=\"game-sets-promo__card--header\">\n                                <svg xmlns=\"http:\/\/www.w3.org\/2000\/svg\" class=\"arrow-header\" width=\"16\" height=\"16\"\n                                     viewBox=\"0 0 16 16\" fill=\"none\">\n                                    <g clip-path=\"url(#clip0_1174_8149)\">\n                                        <path d=\"M15.8167 7.55759C15.8165 7.5574 15.8163 7.55719 15.8161 7.557L12.5504 4.307C12.3057 4.06353 11.91 4.06444 11.6665 4.30912C11.423 4.55378 11.4239 4.9495 11.6686 5.193L13.8612 7.375H0.625C0.279813 7.375 0 7.65481 0 8C0 8.34519 0.279813 8.625 0.625 8.625H13.8612L11.6686 10.807C11.4239 11.0505 11.423 11.4462 11.6665 11.6909C11.91 11.9356 12.3058 11.9364 12.5504 11.693L15.8162 8.443C15.8163 8.44281 15.8165 8.44259 15.8167 8.4424C16.0615 8.19809 16.0607 7.80109 15.8167 7.55759Z\"\n                                              fill=\"#17161C\"\/>\n                                    <\/g>\n                                    <defs>\n                                        <clipPath id=\"clip0_1174_8149\">\n                                            <rect width=\"16\" height=\"16\" fill=\"white\"\/>\n                                        <\/clipPath>\n                                    <\/defs>\n                                <\/svg>\n                                Promo\u00e7\u00e3o de Halloween: Voc\u00ea pode se divertir com os carret\u00e9is assustadores exclusivos da BGaming                            <\/div>\n                        <\/div>\n                    <\/a>\n                                    <a href=\"https:\/\/bgaming.com\/pt-br\/game-sets-promo\/hold-win-optimize-your-casinos-offering-with-this-exclusive-game-set\" class=\"game-sets-promo__card\">\n                        <div class=\"game-sets-promo__card--container\">\n                                                            <img decoding=\"async\" width=\"569\" height=\"460\" src=\"https:\/\/bgaming.com\/wp-content\/uploads\/2025\/03\/666af6c84d45a719cbb436b4_4jcxgKZ_29.webp\" class=\"game-image wp-post-image\" alt=\"\" loading=\"lazy\" \/>                                                        <div class=\"game-sets-promo__card--header\">\n                                <svg xmlns=\"http:\/\/www.w3.org\/2000\/svg\" class=\"arrow-header\" width=\"16\" height=\"16\"\n                                     viewBox=\"0 0 16 16\" fill=\"none\">\n                                    <g clip-path=\"url(#clip0_1174_8149)\">\n                                        <path d=\"M15.8167 7.55759C15.8165 7.5574 15.8163 7.55719 15.8161 7.557L12.5504 4.307C12.3057 4.06353 11.91 4.06444 11.6665 4.30912C11.423 4.55378 11.4239 4.9495 11.6686 5.193L13.8612 7.375H0.625C0.279813 7.375 0 7.65481 0 8C0 8.34519 0.279813 8.625 0.625 8.625H13.8612L11.6686 10.807C11.4239 11.0505 11.423 11.4462 11.6665 11.6909C11.91 11.9356 12.3058 11.9364 12.5504 11.693L15.8162 8.443C15.8163 8.44281 15.8165 8.44259 15.8167 8.4424C16.0615 8.19809 16.0607 7.80109 15.8167 7.55759Z\"\n                                              fill=\"#17161C\"\/>\n                                    <\/g>\n                                    <defs>\n                                        <clipPath id=\"clip0_1174_8149\">\n                                            <rect width=\"16\" height=\"16\" fill=\"white\"\/>\n                                        <\/clipPath>\n                                    <\/defs>\n                                <\/svg>\n                                Segure e ganhe: Otimize a oferta do seu cassino com este conjunto exclusivo de jogos                            <\/div>\n                        <\/div>\n                    <\/a>\n                                    <a href=\"https:\/\/bgaming.com\/pt-br\/game-sets-promo\/oktoberfest-promo-enhance-rewards-with-bgamings-exclusive-pack\" class=\"game-sets-promo__card\">\n                        <div class=\"game-sets-promo__card--container\">\n                                                            <img decoding=\"async\" width=\"508\" height=\"460\" src=\"https:\/\/bgaming.com\/wp-content\/uploads\/2025\/03\/666af6c850bab640ee0b0eee_Octoberfest_1120x460_29.webp\" class=\"game-image wp-post-image\" alt=\"\" loading=\"lazy\" \/>                                                        <div class=\"game-sets-promo__card--header\">\n                                <svg xmlns=\"http:\/\/www.w3.org\/2000\/svg\" class=\"arrow-header\" width=\"16\" height=\"16\"\n                                     viewBox=\"0 0 16 16\" fill=\"none\">\n                                    <g clip-path=\"url(#clip0_1174_8149)\">\n                                        <path d=\"M15.8167 7.55759C15.8165 7.5574 15.8163 7.55719 15.8161 7.557L12.5504 4.307C12.3057 4.06353 11.91 4.06444 11.6665 4.30912C11.423 4.55378 11.4239 4.9495 11.6686 5.193L13.8612 7.375H0.625C0.279813 7.375 0 7.65481 0 8C0 8.34519 0.279813 8.625 0.625 8.625H13.8612L11.6686 10.807C11.4239 11.0505 11.423 11.4462 11.6665 11.6909C11.91 11.9356 12.3058 11.9364 12.5504 11.693L15.8162 8.443C15.8163 8.44281 15.8165 8.44259 15.8167 8.4424C16.0615 8.19809 16.0607 7.80109 15.8167 7.55759Z\"\n                                              fill=\"#17161C\"\/>\n                                    <\/g>\n                                    <defs>\n                                        <clipPath id=\"clip0_1174_8149\">\n                                            <rect width=\"16\" height=\"16\" fill=\"white\"\/>\n                                        <\/clipPath>\n                                    <\/defs>\n                                <\/svg>\n                                Promo\u00e7\u00e3o Oktoberfest: Voc\u00ea pode divertir os jogadores com o pacote exclusivo da BGaming                            <\/div>\n                        <\/div>\n                    <\/a>\n                                    <a href=\"https:\/\/bgaming.com\/pt-br\/game-sets-promo\/valentines-promo-bgamings-exclusive-set-to-boost-your-impact\" class=\"game-sets-promo__card\">\n                        <div class=\"game-sets-promo__card--container\">\n                                                            <img decoding=\"async\" width=\"586\" height=\"460\" src=\"https:\/\/bgaming.com\/wp-content\/uploads\/2025\/03\/666af6c87e62af5e8649580e_StValentine_1120x460_3_29.webp\" class=\"game-image wp-post-image\" alt=\"\" loading=\"lazy\" \/>                                                        <div class=\"game-sets-promo__card--header\">\n                                <svg xmlns=\"http:\/\/www.w3.org\/2000\/svg\" class=\"arrow-header\" width=\"16\" height=\"16\"\n                                     viewBox=\"0 0 16 16\" fill=\"none\">\n                                    <g clip-path=\"url(#clip0_1174_8149)\">\n                                        <path d=\"M15.8167 7.55759C15.8165 7.5574 15.8163 7.55719 15.8161 7.557L12.5504 4.307C12.3057 4.06353 11.91 4.06444 11.6665 4.30912C11.423 4.55378 11.4239 4.9495 11.6686 5.193L13.8612 7.375H0.625C0.279813 7.375 0 7.65481 0 8C0 8.34519 0.279813 8.625 0.625 8.625H13.8612L11.6686 10.807C11.4239 11.0505 11.423 11.4462 11.6665 11.6909C11.91 11.9356 12.3058 11.9364 12.5504 11.693L15.8162 8.443C15.8163 8.44281 15.8165 8.44259 15.8167 8.4424C16.0615 8.19809 16.0607 7.80109 15.8167 7.55759Z\"\n                                              fill=\"#17161C\"\/>\n                                    <\/g>\n                                    <defs>\n                                        <clipPath id=\"clip0_1174_8149\">\n                                            <rect width=\"16\" height=\"16\" fill=\"white\"\/>\n                                        <\/clipPath>\n                                    <\/defs>\n                                <\/svg>\n                                Promo\u00e7\u00e3o de Dia dos Namorados: O conjunto exclusivo do BGaming para aumentar seu impacto                            <\/div>\n                        <\/div>\n                    <\/a>\n                                    <\/div>\n                    <div class=\"game-sets-promo__card-pagination\">\n                                    \n                                            <nav class=\"pagination\">\n                            <div class=\"loading-ring\"><\/div>\n                                                                                                                                                                                                                        <a class=\"next page-numbers\" href=\"https:\/\/bgaming.com\/pt-br\/wp-json\/wp\/v2\/pages\/31602\/page\/2\">Mostrar mais<\/a>                                                                                    <\/nav>\n                                                <\/div>\n                    <\/div>\n<\/section>\n\n\n\n<div \nclass=\"link-cards type-1 align wp-block-acf-link-cards has-background is-layout-flow wp-block-link-cards-is-layout-flow\" id=\"link-cards-acf-block-67c6ec8ddfbd7\">\n\t<div class=\"container\">\n\t\t<div class=\"link-cards__wrapper type-1\">\n\t\t\t\t\t\t\t<div class=\"link-cards__heading\">\n\t\t\t\t\t<h2>FERRAMENTAS DE MARKETING<\/h2>\n\t\t\t\t\t\n\t\t\t\t\t\t\t\t\t<\/div>\n\t\t\t\t\t\t\t\t<div class=\"link-cards__cards\">\n\t\t\t\t\t\t\t\t\t\t\t<a \n\t\t\t\t\t\t\t\t\t\t\t\t\thref=\"\/pt-br\/marketing\/tools\" class=\"link-cards__cards_card\">\n\t\t\t\t\t\t\t<div class=\"link-cards__cards_card_data\">\n\t\t\t\t\t\t\t\t\t\t\t\t\t\t\t\t\t<div class=\"link-cards__cards_card_data_img\"\n\t\t\t\t\t\t\t\t\t\t\t\t\t\t\t\t\t\t\t\t\tstyle=\"background-color: #f2e8ff;\"\n\t\t\t\t\t\t\t\t\t\t\t\t\t\t\t\t\t\t\t>\n\t\t\t\t\t\t\t\t\t\t<img decoding=\"async\" width=\"1\" height=\"1\" src=\"https:\/\/bgaming.com\/wp-content\/uploads\/2025\/02\/1-2.svg\" class=\"attachment-medium size-medium\" alt=\"\" loading=\"lazy\" \/>\t\t\t\t\t\t\t\t\t<\/div>\n\t\t\t\t\t\t\t\t\t\t\t\t\t\t\t\t\t\t<div class=\"link-cards__cards_card_data_title\">\n\t\t\t\t\t\t\t\t\t\t<h3>Ferramentas de marketing<\/h3>\n\t\t\t\t\t\t\t\t\t<\/div>\n\t\t\t\t\t\t\t\t\t\t\t\t\t\t\t\t\t\t<div class=\"link-cards__cards_card_data_description\">\n\t\t\t\t\t\t\t\t\t\t<div class=\"margin-bottom margin-tiny\">\n<p class=\"text-size-regular\">Aproveite todo o potencial dos nossos produtos<\/p>\n<\/div>\n\t\t\t\t\t\t\t\t\t<\/div>\n\t\t\t\t\t\t\t\t\t\t\t\t\t\t\t<\/div>\n\n\t\t\t\t\t\t\t\n\t\t\t\t\t\t\t\t<div class=\"link-cards__cards_card_button\"\n\t\t\t\t\t\t\t\t\t\t\t\t\t\t\t\t\t>\n\t\t\t\t\t\t\t\t\t\t\t\t\t\t\t\t\t\t\t<p>SAIBA MAIS<\/p>\n\t\t\t\t\t\t\t\t\t\t\t\t\t\t\t\t\t<\/div>\n\n\t\t\t\t\t\t\t\t\t\t\t\t\t<\/a>\n\t\t\t\t\t\t\t\t\t\t\t<a \n\t\t\t\t\t\t\t\t\t\t\t\t\thref=\"\/pt-br\/marketing\/game-sets-promo\" class=\"link-cards__cards_card\">\n\t\t\t\t\t\t\t<div class=\"link-cards__cards_card_data\">\n\t\t\t\t\t\t\t\t\t\t\t\t\t\t\t\t\t<div class=\"link-cards__cards_card_data_img\"\n\t\t\t\t\t\t\t\t\t\t\t\t\t\t\t\t\t\t\t\t\tstyle=\"background-color: #f2e8ff;\"\n\t\t\t\t\t\t\t\t\t\t\t\t\t\t\t\t\t\t\t>\n\t\t\t\t\t\t\t\t\t\t<img decoding=\"async\" width=\"1\" height=\"1\" src=\"https:\/\/bgaming.com\/wp-content\/uploads\/2025\/02\/3-2.svg\" class=\"attachment-medium size-medium\" alt=\"\" loading=\"lazy\" \/>\t\t\t\t\t\t\t\t\t<\/div>\n\t\t\t\t\t\t\t\t\t\t\t\t\t\t\t\t\t\t<div class=\"link-cards__cards_card_data_title\">\n\t\t\t\t\t\t\t\t\t\t<h3>Exclusivos Da Marca<\/h3>\n\t\t\t\t\t\t\t\t\t<\/div>\n\t\t\t\t\t\t\t\t\t\t\t\t\t\t\t\t\t\t<div class=\"link-cards__cards_card_data_description\">\n\t\t\t\t\t\t\t\t\t\t<div class=\"margin-bottom margin-tiny\">\n<p class=\"text-size-regular\">Construa uma conex\u00e3o forte com seus jogadores<\/p>\n<\/div>\n\t\t\t\t\t\t\t\t\t<\/div>\n\t\t\t\t\t\t\t\t\t\t\t\t\t\t\t<\/div>\n\n\t\t\t\t\t\t\t\n\t\t\t\t\t\t\t\t<div class=\"link-cards__cards_card_button\"\n\t\t\t\t\t\t\t\t\t\t\t\t\t\t\t\t\t>\n\t\t\t\t\t\t\t\t\t\t\t\t\t\t\t\t\t\t\t<p>SAIBA MAIS<\/p>\n\t\t\t\t\t\t\t\t\t\t\t\t\t\t\t\t\t<\/div>\n\n\t\t\t\t\t\t\t\t\t\t\t\t\t<\/a>\n\t\t\t\t\t\t\t\t\t\t\t<a \n\t\t\t\t\t\t class=\"link-cards__cards_card\">\n\t\t\t\t\t\t\t<div class=\"link-cards__cards_card_data\">\n\t\t\t\t\t\t\t\t\t\t\t\t\t\t\t\t\t<div class=\"link-cards__cards_card_data_img\"\n\t\t\t\t\t\t\t\t\t\t\t\t\t\t\t\t\t\t\t\t\tstyle=\"background-color: #f2e8ff;\"\n\t\t\t\t\t\t\t\t\t\t\t\t\t\t\t\t\t\t\t>\n\t\t\t\t\t\t\t\t\t\t<img decoding=\"async\" width=\"1\" height=\"1\" src=\"https:\/\/bgaming.com\/wp-content\/uploads\/2025\/02\/4-1.svg\" class=\"attachment-medium size-medium\" alt=\"\" loading=\"lazy\" \/>\t\t\t\t\t\t\t\t\t<\/div>\n\t\t\t\t\t\t\t\t\t\t\t\t\t\t\t\t\t\t<div class=\"link-cards__cards_card_data_title\">\n\t\t\t\t\t\t\t\t\t\t<h3>Jogadores vencedores<\/h3>\n\t\t\t\t\t\t\t\t\t<\/div>\n\t\t\t\t\t\t\t\t\t\t\t\t\t\t\t\t\t\t<div class=\"link-cards__cards_card_data_description\">\n\t\t\t\t\t\t\t\t\t\t<div class=\"margin-bottom margin-tiny\">\n<p class=\"text-size-regular\">Conte\u00fado gerado pelo usu\u00e1rio para impulsionar suas promo\u00e7\u00f5es<\/p>\n<\/div>\n\t\t\t\t\t\t\t\t\t<\/div>\n\t\t\t\t\t\t\t\t\t\t\t\t\t\t\t<\/div>\n\n\t\t\t\t\t\t\t\n\t\t\t\t\t\t\t\t<div class=\"link-cards__cards_card_button coming-soon\"\n\t\t\t\t\t\t\t\t\t\t\t\t\t\t\t\t\t\t\tstyle=\"background-color: #f3f2f7;\"\n\t\t\t\t\t\t\t\t\t\t\t\t\t\t\t\t\t>\n\t\t\t\t\t\t\t\t\t<p>EM BREVE<\/p>\n\t\t\t\t\t\t\t\t<\/div>\n\n\t\t\t\t\t\t\t\t\t\t\t\t\t<\/a>\n\t\t\t\t\t\t\t\t\t<\/div>\n\t\t\t\n\t\t\t\n\t\t\t\t\t<\/div>\n\t<\/div>\n<\/div>\n\n\n<div\nclass=\"cta-banner align wp-block-acf-cta-banner is-layout-flow wp-block-cta-banner-is-layout-flow\" id=\"cta-banner-acf-block-67c6ec8ddfca4\">\n\t<div class=\"cta-banner__bg-wrapper\" style=\"background-color: #ffcc29;background-image: url( https:\/\/bgaming.com\/wp-content\/uploads\/2025\/02\/bg.svg );\">\n\t\t<div class=\"container\">\n\t\t\t<div class=\"cta-banner__wrapper parallax-wrapper\">\n\t\t\t\t<div class=\"acf-innerblocks-container\">\n\n<div class=\"wp-block-columns cta-banner__data is-layout-flex wp-container-core-columns-is-layout-28f84493 wp-block-columns-is-layout-flex\">\n<div class=\"wp-block-column cta-banner__data_text is-layout-flow wp-block-column-is-layout-flow\">\n<h2 class=\"wp-block-heading has-text-color\" style=\"color:#000000;text-transform:uppercase\">Vamos come\u00e7ar uma conversa<\/h2>\n\n\n\n<p>Gostaria de iniciar uma conversa com a BGaming em qualquer \u00e1rea? Deixe-nos cair uma linha!<\/p>\n\n\n\n<div class=\"wp-block-buttons is-layout-flex wp-block-buttons-is-layout-flex\">\n<div class=\"wp-block-button is-style-vite-outline-black-button\"><a class=\"wp-block-button__link wp-element-button\" href=\"https:\/\/bgaming.com\/pt-br\/contact-us\">contaCto<\/a><\/div>\n<\/div>\n<\/div>\n<\/div>\n\n<\/div>\n\n\t\t\t\t\t\t\t\t\t<div class=\"cta-banner__images parallax\">\n\t\t\t\t\t\t\t\t\t\t\t\t\t<div class=\"parallax-container image-coin-left\">\n\t\t\t\t\t\t\t\t<img src=\"https:\/\/bgaming.com\/wp-content\/uploads\/2025\/02\/left.webp\" loading=\"lazy\" decoding=\"async\" alt=\"\">\t\t\t\t\t\t\t<\/div>\n\t\t\t\t\t\t\t\t\t\t\t\t\t\t\t\t\t\t\t<div class=\"parallax-container main-image\">\n\t\t\t\t\t\t\t\t<img src=\"https:\/\/bgaming.com\/wp-content\/uploads\/2025\/02\/main.webp\" loading=\"lazy\" decoding=\"async\" alt=\"\">\t\t\t\t\t\t\t<\/div>\n\t\t\t\t\t\t\t\t\t\t\t\t\t\t\t\t\t\t\t<div class=\"parallax-container image-coin-right\">\n\t\t\t\t\t\t\t\t<img src=\"https:\/\/bgaming.com\/wp-content\/uploads\/2025\/02\/right.webp\" loading=\"lazy\" decoding=\"async\" alt=\"\">\t\t\t\t\t\t\t<\/div>\n\t\t\t\t\t\t\t\t\t\t\t<\/div>\n\t\t\t\t\t\t\t<\/div>\n\t\t<\/div>\n\t<\/div>\n<\/div>\n","protected":false},"excerpt":{"rendered":"","protected":false},"author":6688,"featured_media":54842,"parent":31598,"menu_order":0,"comment_status":"closed","ping_status":"closed","template":"","meta":{"_sitemap_exclude":false,"_sitemap_priority":"","_sitemap_frequency":"","footnotes":""},"page-group":[],"class_list":["post-31602","page","type-page","status-publish","has-post-thumbnail","hentry"],"acf":[],"_links":{"self":[{"href":"https:\/\/bgaming.com\/pt-br\/wp-json\/wp\/v2\/pages\/31602","targetHints":{"allow":["GET"]}}],"collection":[{"href":"https:\/\/bgaming.com\/pt-br\/wp-json\/wp\/v2\/pages"}],"about":[{"href":"https:\/\/bgaming.com\/pt-br\/wp-json\/wp\/v2\/types\/page"}],"author":[{"embeddable":true,"href":"https:\/\/bgaming.com\/pt-br\/wp-json\/wp\/v2\/users\/6688"}],"replies":[{"embeddable":true,"href":"https:\/\/bgaming.com\/pt-br\/wp-json\/wp\/v2\/comments?post=31602"}],"version-history":[{"count":15,"href":"https:\/\/bgaming.com\/pt-br\/wp-json\/wp\/v2\/pages\/31602\/revisions"}],"predecessor-version":[{"id":55155,"href":"https:\/\/bgaming.com\/pt-br\/wp-json\/wp\/v2\/pages\/31602\/revisions\/55155"}],"up":[{"embeddable":true,"href":"https:\/\/bgaming.com\/pt-br\/wp-json\/wp\/v2\/pages\/31598"}],"wp:featuredmedia":[{"embeddable":true,"href":"https:\/\/bgaming.com\/pt-br\/wp-json\/wp\/v2\/media\/54842"}],"wp:attachment":[{"href":"https:\/\/bgaming.com\/pt-br\/wp-json\/wp\/v2\/media?parent=31602"}],"wp:term":[{"taxonomy":"page-group","embeddable":true,"href":"https:\/\/bgaming.com\/pt-br\/wp-json\/wp\/v2\/page-group?post=31602"}],"curies":[{"name":"wp","href":"https:\/\/api.w.org\/{rel}","templated":true}]}}