{"id":31604,"date":"2025-07-30T10:16:28","date_gmt":"2025-07-30T10:16:28","guid":{"rendered":"https:\/\/development-bgaming-players-hub.pantheonsite.io\/termos-e-condicoes-do-maxwin-club"},"modified":"2025-09-24T11:22:14","modified_gmt":"2025-09-24T11:22:14","slug":"termos-e-condicoes-do-maxwin-club","status":"publish","type":"page","link":"https:\/\/bgaming.com\/pt-br\/termos-e-condicoes-do-maxwin-club","title":{"rendered":"Termos e Condi\u00e7\u00f5es do Maxwin club"},"content":{"rendered":"\n<div class=\"hero-banner align wp-block-acf-hero-banner is-layout-flow wp-block-hero-banner-is-layout-flow\" id=\"hero-banner-acf-block-67abd84a1e2ed\">\n    <div class=\"acf-innerblocks-container\">\n\n<div class=\"wp-block-columns container is-layout-flex wp-container-core-columns-is-layout-28f84493 wp-block-columns-is-layout-flex\">\n<div class=\"wp-block-column hero-banner__wrapper has-violet-background-color has-background is-layout-flow wp-block-column-is-layout-flow\" style=\"border-radius:0.75rem;padding-top:132px;padding-bottom:132px\">\n<div class=\"wp-block-group hero-banner__data is-vertical is-content-justification-center is-layout-flex wp-container-core-group-is-layout-ce155fab wp-block-group-is-layout-flex\">\n<h1 class=\"wp-block-heading hero-banner__data_heading has-white-color has-text-color\" style=\"text-transform:uppercase\">Termos e Condi\u00e7\u00f5es<br>MaxWin Club<\/h1>\n\n\n\n<p class=\"has-text-align-left has-white-color has-text-color has-link-color wp-elements-9a17aec8f2ec62743383f0352341a62a\"><p class=\"has-text-align-left !m-0 has-white-color has-text-color has-link-color\" style=\"margin: 0!important;\">Bem-vindo ao <a href=\"https:\/\/bgaming.com\/maxwin-club\">Clube BGaming MaxWin<\/a>! Estes Termos e Condi\u00e7\u00f5es regem sua participa\u00e7\u00e3o em nosso clube exclusivo projetado especificamente para streamers mostrarem suas maiores vit\u00f3rias em todo o portf\u00f3lio de jogos da BGaming. Ao participar do MaxWin Club, voc\u00ea concorda em ficar vinculado a estes Termos e \u00e0s diretrizes gerais abaixo. <\/p><\/p>\n<\/div>\n<\/div>\n<\/div>\n\n<\/div>\n<\/div>\n\n<div class=\"text-navigation align wp-block-acf-text-navigation is-layout-flow wp-block-text-navigation-is-layout-flow\" id=\"text-navigation-acf-block-681c74301fbb9\">\n    <div class=\"header-nav-current container\">\n        <span class=\"open-nav-mobile\"><\/span>\n            <\/div>\n\n    <div class=\"container\">\n        <div class=\"wrapper\">\n\t                        <div class=\"navigation\">\n                    <div class=\"mobile-quick-list\">\n                        Links R\u00e1pidos                        <span class=\"closed-nav\">\n                            <svg width=\"16\" height=\"16\" viewBox=\"0 0 16 16\" fill=\"none\" xmlns=\"http:\/\/www.w3.org\/2000\/svg\">\n                                <path d=\"M3.33398 3.33398L12.6667 12.6667\" stroke=\"#292D32\" stroke-width=\"1.5\" stroke-linecap=\"round\" stroke-linejoin=\"round\"\/>\n                                <path d=\"M3.33331 12.6667L12.666 3.33398\" stroke=\"#292D32\" stroke-width=\"1.5\" stroke-linecap=\"round\" stroke-linejoin=\"round\"\/>\n                            <\/svg>\n                        <\/span>\n                    <\/div>\n\t\t\t                                <div class=\"navigation-item\">\n\t\t\t\t\t                                        <div class=\"navigation-title\">\n\t\t\t\t\t\t\t        Links r\u00e1pidos                                <\/div>\n\t\t\t\t\t        \t\t\t\t\t                                        <div class=\"navigation-list\">\n\t\t\t\t\t\t\t                                                <a href=\"#eligibility\">Elegibilidade<\/a>\n\t\t\t\t\t\t\t                                                <a href=\"#how-to-participate\">Como participar<\/a>\n\t\t\t\t\t\t\t                                                <a href=\"#prizes\">Pr\u00eamios<\/a>\n\t\t\t\t\t\t\t                                                <a href=\"#general-conditions\">Condi\u00e7\u00f5es Gerais<\/a>\n\t\t\t\t\t\t\t                                                <a href=\"#intellectual-property\">Propriedade Intelectual<\/a>\n\t\t\t\t\t\t\t                                                <a href=\"#privacy\">Privacidade<\/a>\n\t\t\t\t\t\t\t                                                <a href=\"#limitation-of-liability\">Limita\u00e7\u00e3o de Responsabilidade<\/a>\n\t\t\t\t\t\t\t                                                <a href=\"#changes-to-the-terms\">Altera\u00e7\u00f5es nos termos<\/a>\n\t\t\t\t\t\t\t                                                <a href=\"#governing-law\">Legisla\u00e7\u00e3o Vigente<\/a>\n\t\t\t\t\t\t\t                                        <\/div>\n\t\t\t\t\t                                <\/div>\n\t\t\t        \t                                <\/div>\n\t        \t                        <div class=\"content\">\n\t\t\t        \n\t<div \n\t\t\tid=\"eligibility\" class=\"content-block text-block\">\n\t\t<div class=\"padding-bottom padding-xxsmall\">\n<h2 class=\"heading-style-h5\">Elegibilidade<\/h2>\n<\/div>\n<div class=\"text-rich-text margin-0 w-richtext\">\n<p>A participa\u00e7\u00e3o no MaxWin Club \u00e9 aberta exclusivamente para streamers.<\/p>\n<p>Streamers de qualquer pa\u00eds podem participar e reivindicar os pr\u00eamios.<\/p>\n<p>Os participantes devem ter pelo menos 18 anos de idade ou ser maiores de idade, conforme determinado pelas leis do pa\u00eds onde voc\u00ea reside.<\/p>\n<\/div>\n\n\t\t\t<\/div>\n\n\t<div \n\t\t\tid=\"how-to-participate\" class=\"content-block text-block\">\n\t\t<div class=\"padding-bottom padding-xxsmall\">\n<h2 class=\"heading-style-h5\">Como participar<\/h2>\n<\/div>\n<div class=\"text-rich-text w-richtext\">\n<p>Para entrar no BGaming MaxWin Club e competir por produtos exclusivos da marca, siga as etapas detalhadas abaixo:<\/p>\n<p>Etapa 1: registre sua vit\u00f3ria<\/p>\n<p>Capture evid\u00eancias em v\u00eddeo de sua vit\u00f3ria m\u00e1xima. Este v\u00eddeo deve mostrar claramente o valor do seu pr\u00eamio e mostrar a jogabilidade de qualquer um dos jogos do portf\u00f3lio da BGaming.<\/p>\n<p>Certifique-se de que a interface do jogo e o valor do pr\u00eamio estejam claramente vis\u00edveis no v\u00eddeo.<\/p>\n<p>Etapa 2: envie sua inscri\u00e7\u00e3o<\/p>\n<p>Visite a p\u00e1gina oficial de inscri\u00e7\u00e3o do BGaming MaxWin Club em nosso site.<\/p>\n<p>Preencha o formul\u00e1rio de envio com todos os detalhes necess\u00e1rios. Isso inclui seu nome, informa\u00e7\u00f5es de contato e outros detalhes relevantes sobre seu canal de streaming.<\/p>\n<p>Fa\u00e7a o upload do link do v\u00eddeo para sua vit\u00f3ria m\u00e1xima. O link deve direcionar para uma plataforma em que o v\u00eddeo seja acess\u00edvel ao p\u00fablico e deve permanecer ativo para visualiza\u00e7\u00e3o cont\u00ednua sem quaisquer restri\u00e7\u00f5es.<\/p>\n<p>Etapa 3: Requisitos de v\u00eddeo<\/p>\n<p>O v\u00eddeo enviado deve estar em um formato de v\u00eddeo padr\u00e3o (por exemplo, MP4) e n\u00e3o deve exceder 5 minutos de dura\u00e7\u00e3o.<\/p>\n<p>O v\u00eddeo deve ser de alta qualidade, com \u00e1udio e v\u00eddeo n\u00edtidos para verificar com precis\u00e3o a vit\u00f3ria.<\/p>\n<p>O v\u00eddeo deve come\u00e7ar no m\u00e1ximo 15 segundos antes da vit\u00f3ria ocorrer e terminar no m\u00e1ximo 15 segundos ap\u00f3s a exibi\u00e7\u00e3o da vit\u00f3ria.<\/p>\n<p>Etapa 4: Conformidade e verifica\u00e7\u00e3o<\/p>\n<p>Sua inscri\u00e7\u00e3o deve estar em conformidade com todos os termos e condi\u00e7\u00f5es estabelecidos pela BGaming. As inscri\u00e7\u00f5es que n\u00e3o atenderem a esses crit\u00e9rios ser\u00e3o consideradas ineleg\u00edveis.<\/p>\n<p>A BGaming se reserva o direito de solicitar informa\u00e7\u00f5es ou documenta\u00e7\u00e3o adicionais para verificar a autenticidade da vit\u00f3ria e a elegibilidade do participante.<\/p>\n<p>Etapa 5: mantenha seu v\u00eddeo ao vivo<\/p>\n<p>Certifique-se de que o link do v\u00eddeo permane\u00e7a ativo por pelo menos 30 dias ap\u00f3s o envio. Isso permite tempo suficiente para an\u00e1lise e verifica\u00e7\u00e3o pela equipe da BGaming e pela comunidade.<\/p>\n<p>A falha em manter a visibilidade do v\u00eddeo pode resultar na desqualifica\u00e7\u00e3o.<\/p>\n<p>Etapa 6: Reconhecimento das regras<\/p>\n<p>Ao enviar sua inscri\u00e7\u00e3o, voc\u00ea reconhece que leu e concordou com os termos de participa\u00e7\u00e3o. Voc\u00ea tamb\u00e9m aceita que sua participa\u00e7\u00e3o e quaisquer disputas decorrentes ou relacionadas ao MaxWin Club ser\u00e3o regidas por estes termos.<\/p>\n<\/div>\n\n\t\t\t<\/div>\n\n\t<div \n\t\t\tid=\"prizes\" class=\"content-block text-block\">\n\t\t<div id=\"Prizes\" class=\"padding-bottom padding-xxsmall\">\n<h2 class=\"heading-style-h5\">Pr\u00eamios<\/h2>\n<\/div>\n<div class=\"text-rich-text w-richtext\">\n<p>Os participantes eleg\u00edveis do MaxWin Club receber\u00e3o conjuntos especiais de produtos de marca da BGaming como recompensa por suas conquistas.<\/p>\n<p>Os pr\u00eamios n\u00e3o s\u00e3o transfer\u00edveis e n\u00e3o podem ser trocados por dinheiro. A entrega do pr\u00eamio pode levar at\u00e9 um m\u00eas (30 dias) ou mais, dependendo de diferentes fatores, como endere\u00e7o de entrega, log\u00edstica e disponibilidade dos pr\u00eamios a qualquer momento.<\/p>\n<\/div>\n\n\t\t\t<\/div>\n\n\t<div \n\t\t\tid=\"general-conditions\" class=\"content-block text-block\">\n\t\t<div class=\"padding-bottom padding-xxsmall\">\n<h2 class=\"heading-style-h5\">Condi\u00e7\u00f5es gerais<\/h2>\n<\/div>\n<div class=\"text-rich-text w-richtext\">\n<p>A BGaming se reserva o direito de verificar a elegibilidade de cada participante e pode exigir informa\u00e7\u00f5es adicionais ou prova de identidade e idade.<\/p>\n<p>Reservamo-nos o direito de desqualificar qualquer participante se houver um motivo para acreditar que houve uma viola\u00e7\u00e3o destes termos e condi\u00e7\u00f5es ou qualquer atividade fraudulenta.<\/p>\n<\/div>\n\n\t\t\t<\/div>\n\n\t<div \n\t\t\tid=\"intellectual-property\" class=\"content-block text-block\">\n\t\t<div class=\"padding-bottom padding-xxsmall\">\n<h2 class=\"heading-style-h5\">Propriedade intelectual<\/h2>\n<\/div>\n<div class=\"text-rich-text w-richtext\">\n<p>Ao participar, voc\u00ea concede \u00e0 BGaming uma licen\u00e7a n\u00e3o exclusiva, mundial e isenta de royalties para usar, reproduzir, publicar e exibir seu v\u00eddeo de vit\u00f3ria m\u00e1xima em todas as m\u00eddias para fins promocionais.<\/p>\n<p>Os participantes s\u00e3o respons\u00e1veis por garantir que tenham todos os direitos e permiss\u00f5es necess\u00e1rios relacionados ao conte\u00fado que enviam.<\/p>\n<\/div>\n\n\t\t\t<\/div>\n\n\t<div \n\t\t\tid=\"privacy\" class=\"content-block text-block\">\n\t\t<div class=\"padding-bottom padding-xxsmall\">\n<h2 class=\"heading-style-h5\">Privacidade<\/h2>\n<\/div>\n<div class=\"text-rich-text w-richtext\">\n<p>As informa\u00e7\u00f5es pessoais coletadas dos participantes ser\u00e3o usadas de acordo com\u00a0<a href=\"https:\/\/bgaming.com\/privacy-policy\">Pol\u00edtica de privacidade da BGaming<\/a>, exclusivamente para fins de administra\u00e7\u00e3o do MaxWin Club.<\/p>\n<\/div>\n\n\t\t\t<\/div>\n\n\t<div \n\t\t\tid=\"limitation-of-liability\" class=\"content-block text-block\">\n\t\t<div class=\"padding-bottom padding-xxsmall\">\n<h2 class=\"heading-style-h5\">Limita\u00e7\u00e3o de responsabilidade<\/h2>\n<\/div>\n<div class=\"text-rich-text w-richtext\">\n<p>A BGaming n\u00e3o \u00e9 respons\u00e1vel por nenhuma informa\u00e7\u00e3o incorreta ou imprecisa, seja causada pelos usu\u00e1rios do site ou por qualquer equipamento ou programa\u00e7\u00e3o associada ou utilizada no MaxWin Club.<\/p>\n<p>A BGaming n\u00e3o \u00e9 respons\u00e1vel por falhas t\u00e9cnicas, de hardware ou software de qualquer tipo, conex\u00f5es de rede perdidas ou indispon\u00edveis ou transmiss\u00f5es de computador com falhas, incompletas, distorcidas ou atrasadas.<\/p>\n<\/div>\n\n\t\t\t<\/div>\n\n\t<div \n\t\t\tid=\"changes-to-the-terms\" class=\"content-block text-block\">\n\t\t<div class=\"padding-bottom padding-xxsmall\">\n<h2 class=\"heading-style-h5\">Altera\u00e7\u00f5es nos Termos<\/h2>\n<\/div>\n<div class=\"text-rich-text w-richtext\">\n<p>A BGaming se reserva o direito de alterar estes termos e condi\u00e7\u00f5es a qualquer momento sem aviso pr\u00e9vio. Os participantes s\u00e3o incentivados a revisar os termos regularmente para garantir que estejam cientes de quaisquer altera\u00e7\u00f5es.<\/p>\n<\/div>\n\n\t\t\t<\/div>\n\n\t<div \n\t\t\tid=\"governing-law\" class=\"content-block text-block\">\n\t\t<div class=\"padding-bottom padding-xxsmall\">\n<h2 class=\"heading-style-h5\">Lei vigente<\/h2>\n<\/div>\n<div class=\"text-rich-text w-richtext\">\n<p>Estes termos e condi\u00e7\u00f5es ser\u00e3o regidos e interpretados de acordo com as leis da jurisdi\u00e7\u00e3o na qual a BGaming opera.<\/p>\n<p>Voc\u00ea pode solicitar qualquer informa\u00e7\u00e3o adicional enviando um e-mail para info@bgaming.com.<\/p>\n<\/div>\n\n\t\t\t<\/div>\n                <\/div>\n\t                <\/div>\n    <\/div>\n\n<\/div>\n\n\n<div\nclass=\"cta-banner align wp-block-acf-cta-banner is-layout-flow wp-block-cta-banner-is-layout-flow\" id=\"cta-banner-acf-block-67b3521e40a73\">\n\t<div class=\"cta-banner__bg-wrapper\" style=\"background-color: #ffcc29;background-image: url( https:\/\/bgaming.com\/wp-content\/uploads\/2025\/02\/bg.svg );\">\n\t\t<div class=\"container\">\n\t\t\t<div class=\"cta-banner__wrapper parallax-wrapper\">\n\t\t\t\t<div class=\"acf-innerblocks-container\">\n\n<div class=\"wp-block-columns cta-banner__data is-layout-flex wp-container-core-columns-is-layout-28f84493 wp-block-columns-is-layout-flex\">\n<div class=\"wp-block-column cta-banner__data_text is-layout-flow wp-block-column-is-layout-flow\">\n<h2 class=\"wp-block-heading\" style=\"text-transform:uppercase\">Vamos come\u00e7ar uma conversa<\/h2>\n\n\n\n<p>Would you like to start conversation with BGaming in any field? Drop us a line! <\/p>\n\n\n\n<div class=\"wp-block-buttons is-layout-flex wp-block-buttons-is-layout-flex\">\n<div class=\"wp-block-button is-style-vite-outline-black-button\"><a class=\"wp-block-button__link wp-element-button\">P\u00f3ngase en contacto con nosotros<\/a><\/div>\n<\/div>\n<\/div>\n<\/div>\n\n<\/div>\n\n\t\t\t\t\t\t\t\t\t<div class=\"cta-banner__images parallax\">\n\t\t\t\t\t\t\t\t\t\t\t\t\t<div class=\"parallax-container image-coin-left\">\n\t\t\t\t\t\t\t\t<img src=\"https:\/\/bgaming.com\/wp-content\/uploads\/2025\/02\/left.webp\" loading=\"lazy\" decoding=\"async\" alt=\"\">\t\t\t\t\t\t\t<\/div>\n\t\t\t\t\t\t\t\t\t\t\t\t\t\t\t\t\t\t\t<div class=\"parallax-container main-image\">\n\t\t\t\t\t\t\t\t<img src=\"https:\/\/bgaming.com\/wp-content\/uploads\/2025\/02\/main.webp\" loading=\"lazy\" decoding=\"async\" alt=\"\">\t\t\t\t\t\t\t<\/div>\n\t\t\t\t\t\t\t\t\t\t\t\t\t\t\t\t\t\t\t<div class=\"parallax-container image-coin-right\">\n\t\t\t\t\t\t\t\t<img src=\"https:\/\/bgaming.com\/wp-content\/uploads\/2025\/02\/right.webp\" loading=\"lazy\" decoding=\"async\" alt=\"\">\t\t\t\t\t\t\t<\/div>\n\t\t\t\t\t\t\t\t\t\t\t<\/div>\n\t\t\t\t\t\t\t<\/div>\n\t\t<\/div>\n\t<\/div>\n<\/div>\n","protected":false},"excerpt":{"rendered":"","protected":false},"author":2,"featured_media":0,"parent":0,"menu_order":0,"comment_status":"closed","ping_status":"closed","template":"","meta":{"_sitemap_exclude":false,"_sitemap_priority":"","_sitemap_frequency":"","footnotes":""},"page-group":[],"class_list":["post-31604","page","type-page","status-publish","hentry"],"acf":[],"_links":{"self":[{"href":"https:\/\/bgaming.com\/pt-br\/wp-json\/wp\/v2\/pages\/31604","targetHints":{"allow":["GET"]}}],"collection":[{"href":"https:\/\/bgaming.com\/pt-br\/wp-json\/wp\/v2\/pages"}],"about":[{"href":"https:\/\/bgaming.com\/pt-br\/wp-json\/wp\/v2\/types\/page"}],"author":[{"embeddable":true,"href":"https:\/\/bgaming.com\/pt-br\/wp-json\/wp\/v2\/users\/2"}],"replies":[{"embeddable":true,"href":"https:\/\/bgaming.com\/pt-br\/wp-json\/wp\/v2\/comments?post=31604"}],"version-history":[{"count":22,"href":"https:\/\/bgaming.com\/pt-br\/wp-json\/wp\/v2\/pages\/31604\/revisions"}],"predecessor-version":[{"id":47785,"href":"https:\/\/bgaming.com\/pt-br\/wp-json\/wp\/v2\/pages\/31604\/revisions\/47785"}],"wp:attachment":[{"href":"https:\/\/bgaming.com\/pt-br\/wp-json\/wp\/v2\/media?parent=31604"}],"wp:term":[{"taxonomy":"page-group","embeddable":true,"href":"https:\/\/bgaming.com\/pt-br\/wp-json\/wp\/v2\/page-group?post=31604"}],"curies":[{"name":"wp","href":"https:\/\/api.w.org\/{rel}","templated":true}]}}