{"id":31624,"date":"2025-03-04T15:52:47","date_gmt":"2025-03-04T15:52:47","guid":{"rendered":"https:\/\/development-bgaming-players-hub.pantheonsite.io\/parceiros\/midia"},"modified":"2025-12-17T07:10:18","modified_gmt":"2025-12-17T07:10:18","slug":"media","status":"publish","type":"page","link":"https:\/\/bgaming.com\/pt-br\/partners\/media","title":{"rendered":"M\u00eddia"},"content":{"rendered":"\n<div class=\"hero-banner align wp-block-acf-hero-banner is-layout-flow wp-block-hero-banner-is-layout-flow\" id=\"hero-banner-acf-block-67abd84a1e2ed\">\n    <div class=\"acf-innerblocks-container\">\n\n<div class=\"wp-block-columns container is-layout-flex wp-container-core-columns-is-layout-28f84493 wp-block-columns-is-layout-flex\">\n<div class=\"wp-block-column hero-banner__wrapper has-yellow-background-color has-background is-layout-flow wp-block-column-is-layout-flow\" style=\"border-radius:0.75rem;padding-top:132px;padding-bottom:132px\">\n<div class=\"wp-block-group hero-banner__data is-vertical is-content-justification-center is-layout-flex wp-container-core-group-is-layout-ce155fab wp-block-group-is-layout-flex\">\n<h1 class=\"wp-block-heading hero-banner__data_heading has-black-color has-text-color\" style=\"text-transform:uppercase\">Parceiros de m\u00eddia<\/h1>\n\n\n\n<p class=\"has-text-align-center has-black-color has-text-color\">Trabalhamos com a m\u00eddia l\u00edder do setor para compartilhar nossas \u00faltimas not\u00edcias com o mundo do iGaming!<\/p>\n\n\n\n<div class=\"wp-block-buttons hero-banner__data_button is-layout-flex wp-block-buttons-is-layout-flex\">\n<div class=\"wp-block-button is-style-vite-outline-black-button\"><a class=\"wp-block-button__link wp-element-button\" href=\"https:\/\/bgaming.com\/pt-br\/contact-us\">torne-se nosso parceiro<\/a><\/div>\n<\/div>\n<\/div>\n<\/div>\n<\/div>\n\n<\/div>\n<\/div>\n\n\n<div class=\"partners partners-coluna align wp-block-acf-partners is-layout-flow wp-block-partners-is-layout-flow\" id=\"partners-acf-block-67c726a369e4f\">\n        <div class=\"container\">\n        <div class=\"partners__wrap \">\n            <div class=\"partners__text\">\n                                    <p class=\"h2 partners__title\">Quem est\u00e1 trabalhando conosco<\/p>\n                                            <\/div>\n                            <div class=\"partners__list\" id=\"partners-list\" data-total=\"25\"\n                     data-offset=\"25\">\n                                                                    <a href=\"\" id=\"6003\" class=\"partner-item hover-logo\"  rel=\"nofollow\">\n                            <img src=\"https:\/\/bgaming.com\/wp-content\/uploads\/2025\/04\/640df4c41e12af6f2f9adb4c_casino-bonus-1.svg\" loading=\"lazy\" decoding=\"async\" alt=\"CasinoBonuses Colourful\" class=\"icon\">                        <\/a>\n                                                                    <a href=\"https:\/\/casinoshunter.com\/online-casinos\/bgaming\/\" id=\"6023\" class=\"partner-item hover-logo\" rel=\"nofollow noopener\" target=\"_blank\">\n                            <img src=\"https:\/\/bgaming.com\/wp-content\/uploads\/2025\/04\/63f5c8c095d06081ead1dee4_casinos-hunter.svg\" loading=\"lazy\" decoding=\"async\" alt=\"Casinos Hunter Colourful\" class=\"icon\">                        <\/a>\n                                                                    <a href=\"https:\/\/slotbeats.com\/\" id=\"7114\" class=\"partner-item hover-logo\" rel=\"nofollow noopener\" target=\"_blank\">\n                            <img src=\"https:\/\/bgaming.com\/wp-content\/uploads\/2025\/04\/63fc5850a48b006f9d400f8b_slot-beats-1.svg\" loading=\"lazy\" decoding=\"async\" alt=\"SlotBeats Colourful\" class=\"icon\">                        <\/a>\n                                                                    <a href=\"https:\/\/lcb.org\/games\/slots\/bgaming\" id=\"6870\" class=\"partner-item hover-logo\" rel=\"nofollow noopener\" target=\"_blank\">\n                            <img src=\"https:\/\/bgaming.com\/wp-content\/uploads\/2025\/04\/63f5c9a569d36ae51d30b3bd_lcb.svg\" loading=\"lazy\" decoding=\"async\" alt=\"LCB Colourful\" class=\"icon\">                        <\/a>\n                                                                    <a href=\"https:\/\/www.pokcas.com\/\" id=\"7054\" class=\"partner-item hover-logo\" rel=\"nofollow noopener\" target=\"_blank\">\n                            <img src=\"https:\/\/bgaming.com\/wp-content\/uploads\/2025\/04\/63f5d1793d8634066de9b911_pokcas.svg\" loading=\"lazy\" decoding=\"async\" alt=\"PokCas Colourful\" class=\"icon\">                        <\/a>\n                                                                    <a href=\"https:\/\/igaming.news\/\" id=\"7680\" class=\"partner-item hover-logo\" rel=\"nofollow noopener\" target=\"_blank\">\n                            <img src=\"https:\/\/bgaming.com\/wp-content\/uploads\/2025\/04\/63fc5a83412223e1d7f0ebcb_igamingnews-1.svg\" loading=\"lazy\" decoding=\"async\" alt=\"iGaming.news Colourful\" class=\"icon\">                        <\/a>\n                                                                    <a href=\"https:\/\/www.intergameonline.com\/\" id=\"6828\" class=\"partner-item hover-logo\" rel=\"nofollow noopener\" target=\"_blank\">\n                            <img src=\"https:\/\/bgaming.com\/wp-content\/uploads\/2025\/04\/63f5d324e29c15fb4a382f9d_intergame.svg\" loading=\"lazy\" decoding=\"async\" alt=\"Intergame Colourful\" class=\"icon\">                        <\/a>\n                                                                    <a href=\"https:\/\/g3newswire.com\/\" id=\"6721\" class=\"partner-item hover-logo\" rel=\"nofollow noopener\" target=\"_blank\">\n                            <img src=\"https:\/\/bgaming.com\/wp-content\/uploads\/2025\/04\/63fc5ab1599a4e20db65213f_g3-newswire-1.svg\" loading=\"lazy\" decoding=\"async\" alt=\"G3 Newswire Colourful\" class=\"icon\">                        <\/a>\n                                                                    <a href=\"https:\/\/www.casinobeats.com\/\" id=\"5999\" class=\"partner-item hover-logo\" rel=\"nofollow noopener\" target=\"_blank\">\n                            <img src=\"https:\/\/bgaming.com\/wp-content\/uploads\/2025\/04\/63fc5af1a48b0072e942ddf6_casinobeats-1.svg\" loading=\"lazy\" decoding=\"async\" alt=\"CasinoBeats Colourful\" class=\"icon\">                        <\/a>\n                                                                    <a href=\"https:\/\/europeangaming.eu\/portal\/directory\/listing\/bgaming\" id=\"6697\" class=\"partner-item hover-logo\" rel=\"nofollow noopener\" target=\"_blank\">\n                            <img src=\"https:\/\/bgaming.com\/wp-content\/uploads\/2025\/04\/63fc5b08205bcb67e8444880_european-gaming-1.svg\" loading=\"lazy\" decoding=\"async\" alt=\"European Gaming Colourful\" class=\"icon\">                        <\/a>\n                                                                    <a href=\"https:\/\/gamblorium.se\/online-casinon\/bgaming\/\" id=\"6749\" class=\"partner-item hover-logo\" rel=\"nofollow noopener\" target=\"_blank\">\n                            <img src=\"https:\/\/bgaming.com\/wp-content\/uploads\/2025\/04\/63fc5b28412223dcf0f1a616_gamblorium-1.svg\" loading=\"lazy\" decoding=\"async\" alt=\"Gamblorium Colourful\" class=\"icon\">                        <\/a>\n                                                                    <a href=\"https:\/\/www.yogonet.com\/international\/search\/?buscar=bgaming&#038;pagina=\" id=\"7303\" class=\"partner-item hover-logo\" rel=\"nofollow noopener\" target=\"_blank\">\n                            <img src=\"https:\/\/bgaming.com\/wp-content\/uploads\/2025\/04\/63fc5b3e599a4e71cf65cc8b_yogonet-1.svg\" loading=\"lazy\" decoding=\"async\" alt=\"Yogonet Colourful\" class=\"icon\">                        <\/a>\n                                                                    <a href=\"https:\/\/www.gamblinginsider.com\/\" id=\"6737\" class=\"partner-item hover-logo\" rel=\"nofollow noopener\" target=\"_blank\">\n                            <img src=\"https:\/\/bgaming.com\/wp-content\/uploads\/2025\/04\/63fc5b60412223dae5f1e212_gamblinginsider-1.svg\" loading=\"lazy\" decoding=\"async\" alt=\"Gambling Insider Colourful\" class=\"icon\">                        <\/a>\n                                                                    <a href=\"https:\/\/www.askgamblers.com\/online-casinos\/software\/softswiss\/games\" id=\"5869\" class=\"partner-item hover-logo\" rel=\"nofollow noopener\" target=\"_blank\">\n                            <img src=\"https:\/\/bgaming.com\/wp-content\/uploads\/2025\/04\/63fc5e6943118435b6ab280b_askgamblers-1.svg\" loading=\"lazy\" decoding=\"async\" alt=\"Askgamblers Colourful\" class=\"icon\">                        <\/a>\n                                                                    <a href=\"https:\/\/5star.media\/\" id=\"5841\" class=\"partner-item hover-logo\" rel=\"nofollow noopener\" target=\"_blank\">\n                            <img src=\"https:\/\/bgaming.com\/wp-content\/uploads\/2025\/04\/63fc5faac51b00919ae34578_5-star-igaming-media-1.svg\" loading=\"lazy\" decoding=\"async\" alt=\"5star.media Colourful\" class=\"icon\">                        <\/a>\n                                                                    <a href=\"https:\/\/latestcasinobonuses.me\/\" id=\"5837\" class=\"partner-item hover-logo\" rel=\"nofollow noopener\" target=\"_blank\">\n                            <img src=\"https:\/\/bgaming.com\/wp-content\/uploads\/2025\/04\/640df3efe58e0b445bf60f3d_4luck-latest-casino-bonuses-1.svg\" loading=\"lazy\" decoding=\"async\" alt=\"4luck Colourful\" class=\"icon\">                        <\/a>\n                                                                    <a href=\"https:\/\/www.igblive.com\/\" id=\"6809\" class=\"partner-item hover-logo\" rel=\"nofollow noopener\" target=\"_blank\">\n                            <img src=\"https:\/\/bgaming.com\/wp-content\/uploads\/2025\/04\/63fc5bbd1451f56fe3171eea_igb-1.svg\" loading=\"lazy\" decoding=\"async\" alt=\"IGB Colourful\" class=\"icon\">                        <\/a>\n                                                                    <a href=\"https:\/\/sigma.world\/\" id=\"7110\" class=\"partner-item hover-logo\" rel=\"nofollow noopener\" target=\"_blank\">\n                            <img src=\"https:\/\/bgaming.com\/wp-content\/uploads\/2025\/04\/640df16e7c24cbb8cfe8a801_Sigma-1.svg\" loading=\"lazy\" decoding=\"async\" alt=\"Sigma Colourful\" class=\"icon\">                        <\/a>\n                                                                    <a href=\"https:\/\/igamingnext.com\/\" id=\"6816\" class=\"partner-item hover-logo\" rel=\"nofollow noopener\" target=\"_blank\">\n                            <img src=\"https:\/\/bgaming.com\/wp-content\/uploads\/2025\/04\/640df2ed7d0abe7ee0c29a14_Next-1.svg\" loading=\"lazy\" decoding=\"async\" alt=\"Igaming next Colourful\" class=\"icon\">                        <\/a>\n                                                                    <a href=\"https:\/\/www.gamblingnews.com\/\" id=\"6741\" class=\"partner-item hover-logo\" rel=\"nofollow noopener\" target=\"_blank\">\n                            <img src=\"https:\/\/bgaming.com\/wp-content\/uploads\/2025\/04\/640df38441912b049382ed09_Gambling-news-2.svg\" loading=\"lazy\" decoding=\"async\" alt=\"Gambling news Colourful\" class=\"icon\">                        <\/a>\n                                                                    <a href=\"https:\/\/casino.ru\/bgaming\/\" id=\"7437\" class=\"partner-item hover-logo\" rel=\"dofollow noopener\" target=\"_blank\">\n                            <img src=\"https:\/\/bgaming.com\/wp-content\/uploads\/2025\/04\/64ec6539334deb66c8fd3d67_Casino.ru-3.svg\" loading=\"lazy\" decoding=\"async\" alt=\"casino.ru Colourful\" class=\"icon\">                        <\/a>\n                                                                    <a href=\"https:\/\/www.thegamblest.com\/\" id=\"8011\" class=\"partner-item hover-logo\" rel=\"dofollow noopener\" target=\"_blank\">\n                            <img src=\"https:\/\/bgaming.com\/wp-content\/uploads\/2025\/04\/66f41e59f87418145ec879e2_The_Gamblest-2.svg\" loading=\"lazy\" decoding=\"async\" alt=\"thegamblest Colourful\" class=\"icon\">                        <\/a>\n                                                                    <a href=\"https:\/\/mr-gamble.com\/en\/online-casino\/software-providers\/bgaming\/\" id=\"7783\" class=\"partner-item hover-logo\" rel=\"dofollow noopener\" target=\"_blank\">\n                            <img src=\"https:\/\/bgaming.com\/wp-content\/uploads\/2025\/04\/673766c3524d7403ef7f5ffe_mr-gamble-2.svg\" loading=\"lazy\" decoding=\"async\" alt=\"mr-gamble Colourful\" class=\"icon\">                        <\/a>\n                                                                    <a href=\"https:\/\/firstlookgames.com\" id=\"29372\" class=\"partner-item hover-logo\" rel=\"nofollow noopener\" target=\"_blank\">\n                            <img src=\"https:\/\/bgaming.com\/wp-content\/uploads\/2025\/07\/First-look-game-colorfull.svg\" loading=\"lazy\" decoding=\"async\" alt=\"First look games Colourful\" class=\"icon\">                        <\/a>\n                                                                    <a href=\"https:\/\/www.allstarcasino.com\" id=\"29385\" class=\"partner-item hover-logo\" rel=\"nofollow noopener\" target=\"_blank\">\n                            <img src=\"https:\/\/bgaming.com\/wp-content\/uploads\/2025\/07\/all-star-colorfull.svg\" loading=\"lazy\" decoding=\"async\" alt=\"All star casino Colourful\" class=\"icon\">                        <\/a>\n                                    <\/div>\n                    <\/div>\n\n            <\/div>\n<\/div>\n\n\n\n<div class=\"partners-subscribe align wp-block-acf-partners-subscribe is-layout-flow wp-block-partners-subscribe-is-layout-flow\" id=\"partners-subscribe-acf-block-67c9839dc5773\">\n   <div class=\"container\">\n       <div class=\"partners-subscribe__wrap\" style=\"background-color: #7a1dff\">\n                          <div class=\"partners-subscribe__wrap-img\"><img decoding=\"async\" width=\"800\" height=\"750\" src=\"https:\/\/bgaming.com\/wp-content\/uploads\/2025\/03\/63c0734561f8ba59b84488b6_MediaPartners_subscribe-1-min-p-800.png\" class=\"attachment-large size-large\" alt=\"\" loading=\"lazy\" \/><\/div>\n                      <div class=\"partners-subscribe__wrap-content\">\n                                  <h2 class=\"partners-subscribe__wrap-content_title\">Assinar<\/h2>\n                                                   <div class=\"partners-subscribe__wrap-content_form\">\n                        \n<div class=\"wpcf7 no-js\" id=\"wpcf7-f30139-o1\" lang=\"pt-BR\" dir=\"ltr\" data-wpcf7-id=\"30139\">\n<div class=\"screen-reader-response\"><p role=\"status\" aria-live=\"polite\" aria-atomic=\"true\"><\/p> <ul><\/ul><\/div>\n<form action=\"\/pt-br\/wp-json\/wp\/v2\/pages\/31624#wpcf7-f30139-o1\" method=\"post\" class=\"wpcf7-form init formulario-nova-newsletter\" aria-label=\"Contact form\" novalidate=\"novalidate\" data-status=\"init\">\n<fieldset class=\"hidden-fields-container\"><input type=\"hidden\" name=\"_wpcf7\" value=\"30139\" \/><input type=\"hidden\" name=\"_wpcf7_version\" value=\"6.1.2\" \/><input type=\"hidden\" name=\"_wpcf7_locale\" value=\"pt_BR\" \/><input type=\"hidden\" name=\"_wpcf7_unit_tag\" value=\"wpcf7-f30139-o1\" \/><input type=\"hidden\" name=\"_wpcf7_container_post\" value=\"0\" \/><input type=\"hidden\" name=\"_wpcf7_posted_data_hash\" value=\"\" \/><input type=\"hidden\" name=\"_wpcf7_recaptcha_response\" value=\"\" \/>\n<\/fieldset>\n<div class=\"input-wrap partners-media\">\n <label class=\"partners-media-label\">Endere\u00e7o de E-mail <span class=\"wpcf7-form-control-wrap\" data-name=\"email\"><input size=\"40\" maxlength=\"400\" class=\"wpcf7-form-control wpcf7-email wpcf7-validates-as-required wpcf7-text wpcf7-validates-as-email\" aria-required=\"true\" aria-invalid=\"false\" placeholder=\"email@domain.com\" value=\"\" type=\"email\" name=\"email\" \/><\/span> <\/label>\n<input class=\"wpcf7-form-control wpcf7-submit has-spinner button black-hover\" type=\"submit\" value=\"Enviar\" \/>\n<span class=\"wpcf7-form-control-wrap\" data-name=\"agreement\"><span class=\"wpcf7-form-control wpcf7-acceptance\"><span class=\"wpcf7-list-item\"><label><input type=\"checkbox\" name=\"agreement\" value=\"1\" aria-invalid=\"false\" \/><span class=\"wpcf7-list-item-label\">Concordo com o tratamento dos meus dados pessoais<\/span><\/label><\/span><\/span><\/span> \n<\/div><div class=\"wpcf7-response-output\" aria-hidden=\"true\"><\/div>\n<\/form>\n<\/div>\n                        <div class=\"thx-message hidden\">\n                            Obrigado! Seu envio foi recebido!                        <\/div>\n                    <\/div>\n                \t                              <div class=\"partners-subscribe__wrap-content_social social\">\n\t\t\t                                      <a href=\"https:\/\/www.linkedin.com\/company\/bgamingofficial\/\" class=\"social__item w-40\" rel=\"nofollow noopener\" target=\"_blank\">\n\t\t\t\t\t           <img decoding=\"async\" width=\"1\" height=\"1\" src=\"https:\/\/bgaming.com\/wp-content\/uploads\/2025\/02\/linkedin.svg\" class=\"attachment-large size-large\" alt=\"\" loading=\"lazy\" \/>                           <\/a>\n\t\t\t                                      <a href=\"https:\/\/www.instagram.com\/bgaming.br\" class=\"social__item w-40\" rel=\"nofollow noopener\" target=\"_blank\">\n\t\t\t\t\t           <img decoding=\"async\" width=\"1\" height=\"1\" src=\"https:\/\/bgaming.com\/wp-content\/uploads\/2025\/02\/instagram.svg\" class=\"attachment-large size-large\" alt=\"\" loading=\"lazy\" \/>                           <\/a>\n\t\t\t                                      <a href=\"https:\/\/www.youtube.com\/@BGaming-official\" class=\"social__item w-40\" rel=\"nofollow noopener\" target=\"_blank\">\n\t\t\t\t\t           <img decoding=\"async\" width=\"1\" height=\"1\" src=\"https:\/\/bgaming.com\/wp-content\/uploads\/2025\/02\/youtube.svg\" class=\"attachment-large size-large\" alt=\"\" loading=\"lazy\" \/>                           <\/a>\n\t\t\t                                      <a href=\" https:\/\/x.com\/BGamingO\"  class=\"social__item w-40\">\n\t\t\t\t\t           <img decoding=\"async\" width=\"1\" height=\"1\" src=\"https:\/\/bgaming.com\/wp-content\/uploads\/2025\/02\/twitter.svg\" class=\"attachment-large size-large\" alt=\"\" loading=\"lazy\" \/>                           <\/a>\n\t\t\t                                      <a href=\"https:\/\/www.facebook.com\/bgamingofficial\/\" class=\"social__item w-40\" rel=\"nofollow noopener\" target=\"_blank\">\n\t\t\t\t\t           <img decoding=\"async\" width=\"1\" height=\"1\" src=\"https:\/\/bgaming.com\/wp-content\/uploads\/2025\/02\/facebook.svg\" class=\"attachment-large size-large\" alt=\"\" loading=\"lazy\" \/>                           <\/a>\n\t\t\t                              <\/div>\n\t                      <\/div>\n       <\/div>\n   <\/div>\n<\/div>\n\n\n\n<div \nclass=\"link-cards type- align wp-block-acf-link-cards has-background is-layout-flow wp-block-link-cards-is-layout-flow\" id=\"link-cards-acf-block-67b1f17784b21\">\n\t<div class=\"container\">\n\t\t<div class=\"link-cards__wrapper type-\">\n\t\t\t\t\t\t\t<div class=\"link-cards__heading\">\n\t\t\t\t\t<div class=\"margin-bottom margin-large\">\n<div class=\"max-width-medium\">\n<h2 class=\"heading-style-h3\">OUTROS PARCEIROS<\/h2>\n<\/div>\n<\/div>\n\t\t\t\t\t\n\t\t\t\t\t\t\t\t\t<\/div>\n\t\t\t\t\t\t\t\t<div class=\"link-cards__cards\">\n\t\t\t\t\t\t\t\t\t\t\t<a \n\t\t\t\t\t\t\t\t\t\t\t\t\thref=\"\/pt-br\/partners-clients\/\" class=\"link-cards__cards_card\">\n\t\t\t\t\t\t\t<div class=\"link-cards__cards_card_data\">\n\t\t\t\t\t\t\t\t\t\t\t\t\t\t\t\t\t<div class=\"link-cards__cards_card_data_img\"\n\t\t\t\t\t\t\t\t\t\t\t\t\t\t\t\t\t\t\t\t\tstyle=\"background-color: #f2e8ff;\"\n\t\t\t\t\t\t\t\t\t\t\t\t\t\t\t\t\t\t\t>\n\t\t\t\t\t\t\t\t\t\t<img decoding=\"async\" width=\"1\" height=\"1\" src=\"https:\/\/bgaming.com\/wp-content\/uploads\/2025\/02\/63b432fe196e183587c00f90_profile-2user.svg\" class=\"attachment-medium size-medium\" alt=\"\" loading=\"lazy\" \/>\t\t\t\t\t\t\t\t\t<\/div>\n\t\t\t\t\t\t\t\t\t\t\t\t\t\t\t\t\t\t<div class=\"link-cards__cards_card_data_title\">\n\t\t\t\t\t\t\t\t\t\t<h3>Clientes<\/h3>\n\t\t\t\t\t\t\t\t\t<\/div>\n\t\t\t\t\t\t\t\t\t\t\t\t\t\t\t\t\t\t<div class=\"link-cards__cards_card_data_description\">\n\t\t\t\t\t\t\t\t\t\t<p>Os cassinos Online j\u00e1 adicionaram t\u00edtulos da BGaming \u00e0 sua cole\u00e7\u00e3o.<\/p>\n\t\t\t\t\t\t\t\t\t<\/div>\n\t\t\t\t\t\t\t\t\t\t\t\t\t\t\t<\/div>\n\n\t\t\t\t\t\t\t\n\t\t\t\t\t\t\t\t<div class=\"link-cards__cards_card_button\"\n\t\t\t\t\t\t\t\t\t\t\t\t\t\t\t\t\t>\n\t\t\t\t\t\t\t\t\t\t\t\t\t\t\t\t\t\t\t<p>SAIBA MAIS<\/p>\n\t\t\t\t\t\t\t\t\t\t\t\t\t\t\t\t\t<\/div>\n\n\t\t\t\t\t\t\t\t\t\t\t\t\t<\/a>\n\t\t\t\t\t\t\t\t\t\t\t<a \n\t\t\t\t\t\t\t\t\t\t\t\t\thref=\"\/pt-br\/partners-studios\/\" class=\"link-cards__cards_card\">\n\t\t\t\t\t\t\t<div class=\"link-cards__cards_card_data\">\n\t\t\t\t\t\t\t\t\t\t\t\t\t\t\t\t\t<div class=\"link-cards__cards_card_data_img\"\n\t\t\t\t\t\t\t\t\t\t\t\t\t\t\t\t\t\t\t\t\tstyle=\"background-color: #f2e8ff;\"\n\t\t\t\t\t\t\t\t\t\t\t\t\t\t\t\t\t\t\t>\n\t\t\t\t\t\t\t\t\t\t\t\t\t\t\t\t\t\t\t<\/div>\n\t\t\t\t\t\t\t\t\t\t\t\t\t\t\t\t\t\t<div class=\"link-cards__cards_card_data_title\">\n\t\t\t\t\t\t\t\t\t\t<h3>Est\u00fadios<\/h3>\n\t\t\t\t\t\t\t\t\t<\/div>\n\t\t\t\t\t\t\t\t\t\t\t\t\t\t\t\t\t\t<div class=\"link-cards__cards_card_data_description\">\n\t\t\t\t\t\t\t\t\t\t<p>Jovens fornecedores promissores com quem a BGaming trabalha como editora.<\/p>\n\t\t\t\t\t\t\t\t\t<\/div>\n\t\t\t\t\t\t\t\t\t\t\t\t\t\t\t<\/div>\n\n\t\t\t\t\t\t\t\n\t\t\t\t\t\t\t\t<div class=\"link-cards__cards_card_button\"\n\t\t\t\t\t\t\t\t\t\t\t\t\t\t\t\t\t>\n\t\t\t\t\t\t\t\t\t\t\t\t\t\t\t\t\t\t\t<p>SAIBA MAIS<\/p>\n\t\t\t\t\t\t\t\t\t\t\t\t\t\t\t\t\t<\/div>\n\n\t\t\t\t\t\t\t\t\t\t\t\t\t<\/a>\n\t\t\t\t\t\t\t\t\t\t\t<a \n\t\t\t\t\t\t\t\t\t\t\t\t\thref=\"\/pt-br\/partners\/affiliates\" class=\"link-cards__cards_card\">\n\t\t\t\t\t\t\t<div class=\"link-cards__cards_card_data\">\n\t\t\t\t\t\t\t\t\t\t\t\t\t\t\t\t\t<div class=\"link-cards__cards_card_data_img\"\n\t\t\t\t\t\t\t\t\t\t\t\t\t\t\t\t\t\t\t\t\tstyle=\"background-color: #f2e8ff;\"\n\t\t\t\t\t\t\t\t\t\t\t\t\t\t\t\t\t\t\t>\n\t\t\t\t\t\t\t\t\t\t<img decoding=\"async\" width=\"1\" height=\"1\" src=\"https:\/\/bgaming.com\/wp-content\/uploads\/2025\/02\/63b432fe2ac12c5b9dd3341d_lovely.svg\" class=\"attachment-medium size-medium\" alt=\"\" loading=\"lazy\" \/>\t\t\t\t\t\t\t\t\t<\/div>\n\t\t\t\t\t\t\t\t\t\t\t\t\t\t\t\t\t\t<div class=\"link-cards__cards_card_data_title\">\n\t\t\t\t\t\t\t\t\t\t<h3>Filiados<\/h3>\n\t\t\t\t\t\t\t\t\t<\/div>\n\t\t\t\t\t\t\t\t\t\t\t\t\t\t\t\t\t\t<div class=\"link-cards__cards_card_data_description\">\n\t\t\t\t\t\t\t\t\t\t<p>Plataformas de afiliados de sucesso dedicadas \u00e0 ind\u00fastria de iGaming.<\/p>\n\t\t\t\t\t\t\t\t\t<\/div>\n\t\t\t\t\t\t\t\t\t\t\t\t\t\t\t<\/div>\n\n\t\t\t\t\t\t\t\n\t\t\t\t\t\t\t\t<div class=\"link-cards__cards_card_button\"\n\t\t\t\t\t\t\t\t\t\t\t\t\t\t\t\t\t>\n\t\t\t\t\t\t\t\t\t\t\t\t\t\t\t\t\t\t\t<p>SAIBA MAIS<\/p>\n\t\t\t\t\t\t\t\t\t\t\t\t\t\t\t\t\t<\/div>\n\n\t\t\t\t\t\t\t\t\t\t\t\t\t<\/a>\n\t\t\t\t\t\t\t\t\t<\/div>\n\t\t\t\n\t\t\t\n\t\t\t\t\t<\/div>\n\t<\/div>\n<\/div>\n\n\n<div\nclass=\"cta-banner align wp-block-acf-cta-banner is-layout-flow wp-block-cta-banner-is-layout-flow\" id=\"cta-banner-acf-block-67b3521e40a73\">\n\t<div class=\"cta-banner__bg-wrapper\" style=\"background-color: #ffcc29;background-image: url( https:\/\/bgaming.com\/wp-content\/uploads\/2025\/02\/bg.svg );\">\n\t\t<div class=\"container\">\n\t\t\t<div class=\"cta-banner__wrapper parallax-wrapper\">\n\t\t\t\t<div class=\"acf-innerblocks-container\">\n\n<div class=\"wp-block-columns cta-banner__data is-layout-flex wp-container-core-columns-is-layout-28f84493 wp-block-columns-is-layout-flex\">\n<div class=\"wp-block-column cta-banner__data_text is-layout-flow wp-block-column-is-layout-flow\">\n<p class=\"has-chinese-color has-text-color has-link-color has-cairo-font-family has-font-56-px-font-size wp-elements-e2de54e1c4df4865bbd865665c2dcc5d\" style=\"font-style:normal;font-weight:1000;line-height:1;text-transform:uppercase\">Vamos come\u00e7ar uma conversa<\/p>\n\n\n\n<p>Gostaria de iniciar uma conversa com a BGaming em qualquer \u00e1rea? Deixe-nos cair uma linha! <\/p>\n\n\n\n<div class=\"wp-block-buttons is-layout-flex wp-block-buttons-is-layout-flex\">\n<div class=\"wp-block-button is-style-vite-outline-black-button\"><a class=\"wp-block-button__link wp-element-button\" href=\"https:\/\/bgaming.com\/pt-br\/contact-us\">ContaCto<\/a><\/div>\n<\/div>\n<\/div>\n<\/div>\n\n<\/div>\n\n\t\t\t\t\t\t\t\t\t<div class=\"cta-banner__images parallax\">\n\t\t\t\t\t\t\t\t\t\t\t\t\t<div class=\"parallax-container image-coin-left\">\n\t\t\t\t\t\t\t\t<img src=\"https:\/\/bgaming.com\/wp-content\/uploads\/2025\/02\/left.webp\" loading=\"lazy\" decoding=\"async\" alt=\"\">\t\t\t\t\t\t\t<\/div>\n\t\t\t\t\t\t\t\t\t\t\t\t\t\t\t\t\t\t\t<div class=\"parallax-container main-image\">\n\t\t\t\t\t\t\t\t<img src=\"https:\/\/bgaming.com\/wp-content\/uploads\/2025\/02\/main.webp\" loading=\"lazy\" decoding=\"async\" alt=\"\">\t\t\t\t\t\t\t<\/div>\n\t\t\t\t\t\t\t\t\t\t\t\t\t\t\t\t\t\t\t<div class=\"parallax-container image-coin-right\">\n\t\t\t\t\t\t\t\t<img src=\"https:\/\/bgaming.com\/wp-content\/uploads\/2025\/02\/right.webp\" loading=\"lazy\" decoding=\"async\" alt=\"\">\t\t\t\t\t\t\t<\/div>\n\t\t\t\t\t\t\t\t\t\t\t<\/div>\n\t\t\t\t\t\t\t<\/div>\n\t\t<\/div>\n\t<\/div>\n<\/div>\n","protected":false},"excerpt":{"rendered":"","protected":false},"author":2,"featured_media":54849,"parent":31617,"menu_order":0,"comment_status":"closed","ping_status":"closed","template":"","meta":{"_sitemap_exclude":false,"_sitemap_priority":"","_sitemap_frequency":"","footnotes":""},"page-group":[],"class_list":["post-31624","page","type-page","status-publish","has-post-thumbnail","hentry"],"acf":[],"_links":{"self":[{"href":"https:\/\/bgaming.com\/pt-br\/wp-json\/wp\/v2\/pages\/31624","targetHints":{"allow":["GET"]}}],"collection":[{"href":"https:\/\/bgaming.com\/pt-br\/wp-json\/wp\/v2\/pages"}],"about":[{"href":"https:\/\/bgaming.com\/pt-br\/wp-json\/wp\/v2\/types\/page"}],"author":[{"embeddable":true,"href":"https:\/\/bgaming.com\/pt-br\/wp-json\/wp\/v2\/users\/2"}],"replies":[{"embeddable":true,"href":"https:\/\/bgaming.com\/pt-br\/wp-json\/wp\/v2\/comments?post=31624"}],"version-history":[{"count":30,"href":"https:\/\/bgaming.com\/pt-br\/wp-json\/wp\/v2\/pages\/31624\/revisions"}],"predecessor-version":[{"id":58512,"href":"https:\/\/bgaming.com\/pt-br\/wp-json\/wp\/v2\/pages\/31624\/revisions\/58512"}],"up":[{"embeddable":true,"href":"https:\/\/bgaming.com\/pt-br\/wp-json\/wp\/v2\/pages\/31617"}],"wp:featuredmedia":[{"embeddable":true,"href":"https:\/\/bgaming.com\/pt-br\/wp-json\/wp\/v2\/media\/54849"}],"wp:attachment":[{"href":"https:\/\/bgaming.com\/pt-br\/wp-json\/wp\/v2\/media?parent=31624"}],"wp:term":[{"taxonomy":"page-group","embeddable":true,"href":"https:\/\/bgaming.com\/pt-br\/wp-json\/wp\/v2\/page-group?post=31624"}],"curies":[{"name":"wp","href":"https:\/\/api.w.org\/{rel}","templated":true}]}}