{"id":48254,"date":"2025-09-24T15:35:05","date_gmt":"2025-09-24T15:35:05","guid":{"rendered":"https:\/\/bgaming.com\/cookies-policy"},"modified":"2026-04-10T06:07:30","modified_gmt":"2026-04-10T06:07:30","slug":"cookies-policy","status":"publish","type":"page","link":"https:\/\/bgaming.com\/pt-br\/cookies-policy","title":{"rendered":"Pol\u00edtica de Cookies"},"content":{"rendered":"\n<div class=\"hero-banner align wp-block-acf-hero-banner is-layout-flow wp-block-hero-banner-is-layout-flow\" id=\"hero-banner-acf-block-67abd84a1e2ed\">\n    <div class=\"acf-innerblocks-container\">\n\n<div class=\"wp-block-columns container is-layout-flex wp-container-core-columns-is-layout-28f84493 wp-block-columns-is-layout-flex\">\n<div class=\"wp-block-column hero-banner__wrapper has-violet-background-color has-background is-layout-flow wp-block-column-is-layout-flow\" style=\"border-radius:0.75rem;padding-top:132px;padding-bottom:132px\">\n<div class=\"wp-block-group hero-banner__data is-vertical is-content-justification-center is-layout-flex wp-container-core-group-is-layout-ce155fab wp-block-group-is-layout-flex\">\n<h1 class=\"wp-block-heading hero-banner__data_heading has-white-color has-text-color\" style=\"text-transform:uppercase\"><strong>Pol\u00edtica de Cookies<\/strong><\/h1>\n\n\n\n<p class=\"has-text-align-center has-white-color has-text-color\">Caso tenha alguma d\u00favida ou sugest\u00e3o sobre esta Pol\u00edtica de Cookies, por favor contacto.<\/p>\n\n\n\n<div class=\"wp-block-buttons hero-banner__data_button is-layout-flex wp-block-buttons-is-layout-flex\">\n<div class=\"wp-block-button is-style-vite-outline-yellow-button\"><a class=\"wp-block-button__link wp-element-button\" href=\"https:\/\/bgaming.com\/pt-br\/contact-us\">ContaCTO<\/a><\/div>\n<\/div>\n<\/div>\n<\/div>\n<\/div>\n\n<\/div>\n<\/div>\n\n<div class=\"text-navigation align wp-block-acf-text-navigation is-layout-flow wp-block-text-navigation-is-layout-flow\" id=\"text-navigation-acf-block-681c74301fbb9\">\n    <div class=\"header-nav-current container\">\n        <span class=\"open-nav-mobile\"><\/span>\n            <\/div>\n\n    <div class=\"container\">\n        <div class=\"wrapper\">\n\t                        <div class=\"navigation\">\n                    <div class=\"mobile-quick-list\">\n                        Links R\u00e1pidos                        <span class=\"closed-nav\">\n                            <svg width=\"16\" height=\"16\" viewBox=\"0 0 16 16\" fill=\"none\" xmlns=\"http:\/\/www.w3.org\/2000\/svg\">\n                                <path d=\"M3.33398 3.33398L12.6667 12.6667\" stroke=\"#292D32\" stroke-width=\"1.5\" stroke-linecap=\"round\" stroke-linejoin=\"round\"\/>\n                                <path d=\"M3.33331 12.6667L12.666 3.33398\" stroke=\"#292D32\" stroke-width=\"1.5\" stroke-linecap=\"round\" stroke-linejoin=\"round\"\/>\n                            <\/svg>\n                        <\/span>\n                    <\/div>\n\t\t\t                                <div class=\"navigation-item\">\n\t\t\t\t\t                                        <div class=\"navigation-title\">\n\t\t\t\t\t\t\t        Quick links                                <\/div>\n\t\t\t\t\t        \t\t\t\t\t                                        <div class=\"navigation-list\">\n\t\t\t\t\t\t\t                                                <a href=\"#what-are-cookies\">O que s\u00e3o cookies?<\/a>\n\t\t\t\t\t\t\t                                                <a href=\"#why-do-we-use-cookies\">Por que raz\u00e3o usamos cookies?<\/a>\n\t\t\t\t\t\t\t                                                <a href=\"#types-of-cookies-we-use\">Tipos de cookies que utilizamos<\/a>\n\t\t\t\t\t\t\t                                                <a href=\"#how-can-you-control-cookies\">Como pode controlar os cookies?<\/a>\n\t\t\t\t\t\t\t                                                <a href=\"#consequences-of-refusing-cookies\">Consequ\u00eancias da Recusa\u00e7\u00e3o de Cookies<\/a>\n\t\t\t\t\t\t\t                                                <a href=\"#children\">Crian\u00e7as<\/a>\n\t\t\t\t\t\t\t                                                <a href=\"#changes-to-this-cookies-policy\">Altera\u00e7\u00f5es a esta Pol\u00edtica de Cookies<\/a>\n\t\t\t\t\t\t\t                                                <a href=\"#contact-us\">Contacto<\/a>\n\t\t\t\t\t\t\t                                        <\/div>\n\t\t\t\t\t                                <\/div>\n\t\t\t        \t                                <\/div>\n\t        \t                        <div class=\"content\">\n\t\t\t        \n\t<div \n\t class=\"content-block text-block\">\n\t\t<p>Esta Pol\u00edtica de Cookies explica como a BGaming, operada pela Stable Games Ltd (&#8220;n\u00f3s&#8221;, &#8220;nos&#8221; ou &#8220;nosso&#8221;), utiliza cookies e tecnologias semelhantes para o reconhecer quando visita o nosso website <a href=\"https:\/\/bgaming.com\/\"><span style=\"font-weight: 400;\">bgaming.com<\/span><\/a> (&#8220;Website&#8221;). Ela explica o que s\u00e3o estas tecnologias, porque as utilizamos e os seus direitos de controlar a nossa utiliza\u00e7\u00e3o das mesmas. Deve ser lida em conjunto com a nossa <strong>Pol\u00edtica de Privacidade<\/strong>.<\/p>\n<p>Ao continuar a navegar ou a utilizar o nosso Site ap\u00f3s visualizar o banner de cookies, concorda com a utiliza\u00e7\u00e3o de cookies conforme descrito nesta Pol\u00edtica, a menos que ajuste as suas defini\u00e7\u00f5es em conformidade.<\/p>\n\n\t\t\t<\/div>\n\n\t<div \n\t\t\tid=\"what-are-cookies\" class=\"content-block text-block\">\n\t\t<h2><strong>1. O que s\u00e3o cookies?<\/strong><\/h2>\n<p>Os cookies s\u00e3o pequenos ficheiros de dados que s\u00e3o armazenados no seu dispositivo (computador, smartphone, tablet ou outro) quando visita um website. Os cookies s\u00e3o amplamente utilizados para fazer os sites funcionarem, melhorar a experi\u00eancia do utilizador e fornecer informa\u00e7\u00f5es aos propriet\u00e1rios dos sites.<\/p>\n<p>Existem v\u00e1rios tipos de cookies. Os cookies definidos pelo propriet\u00e1rio do website (neste caso, a BGaming) s\u00e3o denominados &#8220;cookies prim\u00e1rios&#8221;. Os cookies definidos por terceiros s\u00e3o denominados &#8220;cookies de terceiros&#8221;. Estes cookies de terceiros permitem que sejam fornecidas caracter\u00edsticas ou funcionalidades de terceiros no website ou atrav\u00e9s do mesmo (por exemplo, publicidade, an\u00e1lises e conte\u00fado interativo).<\/p>\n\n\t\t\t<\/div>\n\n\t<div \n\t\t\tid=\"why-do-we-use-cookies\" class=\"content-block text-block\">\n\t\t<h2>2. Por que raz\u00e3o usamos cookies?<\/h2>\n<p>Utilizamos cookies por v\u00e1rios motivos.<\/p>\n<p>Cookies estritamente necess\u00e1rios: necess\u00e1rios ao bom funcionamento do Site. A nossa base legal para estes \u00e9 o nosso interesse leg\u00edtimo em fornecer um Site seguro e funcional. Estes n\u00e3o requerem o seu consentimento. Para todos os outros cookies, dependemos do seu consentimento, que obtemos atrav\u00e9s do nosso banner de cookies.<\/p>\n<p>Todos os outros cookies: utilizados para recordar as suas prefer\u00eancias, analisar a forma como o Site \u00e9 acedido e utilizado, personalizar o conte\u00fado e fornecer marketing\/publicidade. A nossa base legal para estes \u00e9 o seu consentimento, que obtemos atrav\u00e9s do nosso banner de cookies. Pode aceitar todos os cookies ou personalizar as suas prefer\u00eancias atrav\u00e9s do banner de cookies.<\/p>\n<p>Tamb\u00e9m utilizamos cookies fornecidos pela CookieYes para gerir as prefer\u00eancias de consentimento em conformidade com as leis de prote\u00e7\u00e3o de dados aplic\u00e1veis.<\/p>\n<p>Em conformidade com as nossas obriga\u00e7\u00f5es de licenciamento e compromissos com o jogo respons\u00e1vel, n\u00e3o utilizamos cookies para criar perfis de jogadores vulner\u00e1veis \u200b\u200bsem consentimento expl\u00edcito.<\/p>\n\n\t\t\t<\/div>\n\n\t<div \n\t\t\tid=\"types-of-cookies-we-use\" class=\"content-block text-block\">\n\t\t<h2>3. Tipos de cookies que utilizamos<\/h2>\n<p>Os seguintes tipos de cookies est\u00e3o a ser processados \u200b\u200bno Site:<\/p>\n<table>\n<tbody>\n<tr>\n<td><strong>Tipo de Cookie<\/strong><\/td>\n<td><strong>Finalidade<\/strong><\/td>\n<\/tr>\n<tr>\n<td valign=\"top\">Cookies estritamente necess\u00e1rios<\/td>\n<td>S\u00e3o essenciais para fornecer os servi\u00e7os dispon\u00edveis no nosso Site e para utilizar alguns dos seus recursos. Uma vez que ativam as funcionalidades principais do Site (por exemplo, navega\u00e7\u00e3o na p\u00e1gina, sess\u00e3o ou seguran\u00e7a), estes cookies n\u00e3o podem ser desativados atrav\u00e9s do banner.<\/p>\n<p>&nbsp;<\/td>\n<\/tr>\n<tr>\n<td valign=\"top\">Cookies funcionais<\/td>\n<td>Estes cookies permitem que o site se lembre das suas prefer\u00eancias para melhorar a sua experi\u00eancia de utilizador.<\/p>\n<p>&nbsp;<\/td>\n<\/tr>\n<tr>\n<td valign=\"top\">Cookies anal\u00edticos<\/td>\n<td>Estes cookies s\u00e3o utilizados para rastrear a intera\u00e7\u00e3o do utilizador e permitir o armazenamento do hist\u00f3rico de visitas ao site com a finalidade de melhorar a sua funcionalidade.<\/p>\n<p>&nbsp;<\/td>\n<\/tr>\n<tr>\n<td valign=\"top\">Cookies de desempenho<\/td>\n<td>Estes cookies s\u00e3o utilizados para recolher informa\u00e7\u00f5es sobre a utiliza\u00e7\u00e3o do site para melhorar o seu desempenho.<\/p>\n<p>&nbsp;<\/td>\n<\/tr>\n<tr>\n<td valign=\"top\">Cookies de marketing\/publicidade<\/td>\n<td>Estes cookies s\u00e3o utilizados para exibir an\u00fancios e rastrear o desempenho dos an\u00fancios em sites.<\/p>\n<p>&nbsp;<\/td>\n<\/tr>\n<\/tbody>\n<\/table>\n<p>Uma lista detalhada dos cookies atualmente em uso pode ser encontrada no widget CookieYes dispon\u00edvel no nosso website.<\/p>\n<p>Alguns cookies de terceiros podem resultar na transfer\u00eancia dos seus dados pessoais para fora do Espa\u00e7o Econ\u00f3mico Europeu (EEE). Quando tal ocorre, implementamos salvaguardas, como as Cl\u00e1usulas Contratuais Padr\u00e3o (CCPs) da Comiss\u00e3o Europeia ou medidas equivalentes, para garantir que os seus dados se mant\u00eam protegidos.<\/p>\n\n\t\t\t<\/div>\n\n\t<div \n\t\t\tid=\"how-can-you-control-cookies\" class=\"content-block text-block\">\n\t\t<h2>4. Como pode controlar os cookies?<\/h2>\n<p>Tem o direito de decidir se aceita ou rejeita cookies. Na sua primeira visita, ver\u00e1 o nosso banner de cookies, onde poder\u00e1 &#8220;Aceitar todos&#8221; ou &#8220;Personalizar&#8221;. Se escolher &#8220;Personalizar&#8221;, pode ativar\/desativar algumas categorias de cookies (exceto os estritamente necess\u00e1rios).<\/p>\n<p>Pode retirar ou alterar o seu consentimento a qualquer momento clicando no widget CookieYes ou limpando os cookies no seu navegador (ver abaixo). Note que a retirada do seu consentimento n\u00e3o afeta a legalidade do tratamento com base no consentimento antes da sua retirada. Mantemos registos das suas escolhas de consentimento, conforme exigido por lei.<\/p>\n<p>Alguns navegadores permitem visitar sites no modo &#8220;an\u00f3nimo&#8221; para limitar a quantidade de informa\u00e7\u00e3o armazenada no seu dispositivo e eliminar automaticamente alguns cookies de sess\u00e3o. A maioria dos navegadores tamb\u00e9m permite algum controlo de cookies atrav\u00e9s das defini\u00e7\u00f5es do navegador. Consulte a sec\u00e7\u00e3o de ajuda do seu navegador para obter instru\u00e7\u00f5es sobre como gerir as suas prefer\u00eancias de cookies.<\/p>\n<p><strong>Note que a desativa\u00e7\u00e3o de determinados cookies pode afetar a funcionalidade e o desempenho do nosso website.<\/strong><\/p>\n\n\t\t\t<\/div>\n\n\t<div \n\t class=\"content-block text-block\">\n\t\t<h2>5. Consequ\u00eancias da Recusa\u00e7\u00e3o de Cookies<\/h2>\n<p>Se recusar cookies n\u00e3o essenciais, poder\u00e1 continuar a utilizar o nosso Site, mas determinadas funcionalidades (como a personaliza\u00e7\u00e3o, as prefer\u00eancias guardadas e algumas integra\u00e7\u00f5es) poder\u00e3o n\u00e3o funcionar corretamente.<\/p>\n<p>Al\u00e9m disso, a recolha de dados anal\u00edticos ser\u00e1 limitada, o que poder\u00e1 reduzir a nossa capacidade de melhorar a funcionalidade do Site.<\/p>\n\n\t\t\t<\/div>\n\n\t<div \n\t\t\tid=\"children\" class=\"content-block text-block\">\n\t\t<h2>6. Crian\u00e7as<\/h2>\n<p>O nosso site n\u00e3o se destina a menores de 18 anos, em conformidade com os nossos compromissos de jogo respons\u00e1vel. Tamb\u00e9m n\u00e3o instalamos cookies nem processamos intencionalmente dados pessoais de indiv\u00edduos abaixo da idade de consentimento digital, tal como definido pela legisla\u00e7\u00e3o aplic\u00e1vel (normalmente 16 anos, mas idade inferior em alguns Estados-Membros da UE). Se uma crian\u00e7a tiver dado o seu consentimento, o pai\/respons\u00e1vel dever\u00e1 contactar-nos para o revogar.<\/p>\n\n\t\t\t<\/div>\n\n\t<div \n\t\t\tid=\"changes-to-this-cookies-policy\" class=\"content-block text-block\">\n\t\t<h2>7. Altera\u00e7\u00f5es a esta Pol\u00edtica de Cookies<\/h2>\n<p>Poderemos atualizar esta Pol\u00edtica de Cookies para refletir altera\u00e7\u00f5es na tecnologia, requisitos legais ou nos nossos servi\u00e7os. A &#8220;Data de Entrada em Vigor&#8221; na parte superior indica a vers\u00e3o mais recente. Reveja esta Pol\u00edtica de Cookies regularmente para se manter informado sobre o uso de cookies.<\/p>\n\n\t\t\t<\/div>\n\n\t<div \n\t class=\"content-block text-block\">\n\t\t<h2>8. Contacto<\/h2>\n<p>Caso tenha alguma d\u00favida sobre esta Pol\u00edtica de Cookies, por favor contacte:<\/p>\n<p>Stable Games Lda<br \/>\nE-mail: <a href=\"mailto:info@bgaming.com\"><span style=\"font-weight: 400;\">info@bgaming.com<\/span><\/a><br \/>\nMorada: 206, Wisely House, Old Bakery Street, Valletta, VLT 1451, Malta<\/p>\n<p>Pode tamb\u00e9m contactar o nosso Encarregado da Prote\u00e7\u00e3o de Dados pelo e-mail <a href=\"mailto:legal@bgaming.com\"><span style=\"font-weight: 400;\">legal@bgaming.com<\/span><\/a>.<\/p>\n\n\t\t\t<\/div>\n                <\/div>\n\t                <\/div>\n    <\/div>\n\n<\/div>\n\n\n<div\nclass=\"cta-banner align wp-block-acf-cta-banner is-layout-flow wp-block-cta-banner-is-layout-flow\" id=\"cta-banner-acf-block-67b3521e40a73\">\n\t<div class=\"cta-banner__bg-wrapper\" style=\"background-color: #ffcc29;background-image: url( https:\/\/bgaming.com\/wp-content\/uploads\/2025\/02\/bg.svg );\">\n\t\t<div class=\"container\">\n\t\t\t<div class=\"cta-banner__wrapper parallax-wrapper\">\n\t\t\t\t<div class=\"acf-innerblocks-container\">\n\n<div class=\"wp-block-columns cta-banner__data is-layout-flex wp-container-core-columns-is-layout-28f84493 wp-block-columns-is-layout-flex\">\n<div class=\"wp-block-column cta-banner__data_text is-layout-flow wp-block-column-is-layout-flow\">\n<h2 class=\"wp-block-heading\" style=\"text-transform:uppercase\">Vamos iniciar uma conversa<\/h2>\n\n\n\n<p>Gostaria de falar com a BGaming em qualquer \u00e1rea? Envie-nos uma mensagem!<\/p>\n\n\n\n<div class=\"wp-block-buttons is-layout-flex wp-block-buttons-is-layout-flex\">\n<div class=\"wp-block-button is-style-vite-outline-black-button\"><a class=\"wp-block-button__link wp-element-button\">ContaCTO<\/a><\/div>\n<\/div>\n<\/div>\n<\/div>\n\n<\/div>\n\n\t\t\t\t\t\t\t\t\t<div class=\"cta-banner__images parallax\">\n\t\t\t\t\t\t\t\t\t\t\t\t\t<div class=\"parallax-container image-coin-left\">\n\t\t\t\t\t\t\t\t<img src=\"https:\/\/bgaming.com\/wp-content\/uploads\/2025\/02\/left.webp\" loading=\"lazy\" decoding=\"async\" alt=\"\">\t\t\t\t\t\t\t<\/div>\n\t\t\t\t\t\t\t\t\t\t\t\t\t\t\t\t\t\t\t<div class=\"parallax-container main-image\">\n\t\t\t\t\t\t\t\t<img src=\"https:\/\/bgaming.com\/wp-content\/uploads\/2025\/02\/main.webp\" loading=\"lazy\" decoding=\"async\" alt=\"\">\t\t\t\t\t\t\t<\/div>\n\t\t\t\t\t\t\t\t\t\t\t\t\t\t\t\t\t\t\t<div class=\"parallax-container image-coin-right\">\n\t\t\t\t\t\t\t\t<img src=\"https:\/\/bgaming.com\/wp-content\/uploads\/2025\/02\/right.webp\" loading=\"lazy\" decoding=\"async\" alt=\"\">\t\t\t\t\t\t\t<\/div>\n\t\t\t\t\t\t\t\t\t\t\t<\/div>\n\t\t\t\t\t\t\t<\/div>\n\t\t<\/div>\n\t<\/div>\n<\/div>\n","protected":false},"excerpt":{"rendered":"","protected":false},"author":11,"featured_media":0,"parent":0,"menu_order":0,"comment_status":"closed","ping_status":"closed","template":"","meta":{"_sitemap_exclude":false,"_sitemap_priority":"","_sitemap_frequency":"","footnotes":""},"page-group":[],"class_list":["post-48254","page","type-page","status-publish","hentry"],"acf":[],"_links":{"self":[{"href":"https:\/\/bgaming.com\/pt-br\/wp-json\/wp\/v2\/pages\/48254","targetHints":{"allow":["GET"]}}],"collection":[{"href":"https:\/\/bgaming.com\/pt-br\/wp-json\/wp\/v2\/pages"}],"about":[{"href":"https:\/\/bgaming.com\/pt-br\/wp-json\/wp\/v2\/types\/page"}],"author":[{"embeddable":true,"href":"https:\/\/bgaming.com\/pt-br\/wp-json\/wp\/v2\/users\/11"}],"replies":[{"embeddable":true,"href":"https:\/\/bgaming.com\/pt-br\/wp-json\/wp\/v2\/comments?post=48254"}],"version-history":[{"count":21,"href":"https:\/\/bgaming.com\/pt-br\/wp-json\/wp\/v2\/pages\/48254\/revisions"}],"predecessor-version":[{"id":69682,"href":"https:\/\/bgaming.com\/pt-br\/wp-json\/wp\/v2\/pages\/48254\/revisions\/69682"}],"wp:attachment":[{"href":"https:\/\/bgaming.com\/pt-br\/wp-json\/wp\/v2\/media?parent=48254"}],"wp:term":[{"taxonomy":"page-group","embeddable":true,"href":"https:\/\/bgaming.com\/pt-br\/wp-json\/wp\/v2\/page-group?post=48254"}],"curies":[{"name":"wp","href":"https:\/\/api.w.org\/{rel}","templated":true}]}}