{"id":55335,"date":"2025-11-10T09:25:34","date_gmt":"2025-11-10T09:25:34","guid":{"rendered":"https:\/\/bgaming.com\/glossario"},"modified":"2025-11-27T08:00:37","modified_gmt":"2025-11-27T08:00:37","slug":"glossary","status":"publish","type":"page","link":"https:\/\/bgaming.com\/pt-br\/glossary","title":{"rendered":"Gloss\u00e1rio"},"content":{"rendered":"<div class=\"cta-top-banner is-layout-flow wp-block-glossary-is-layout-flow\" style=\"background-image:url(https:\/\/bgaming.com\/wp-content\/uploads\/2025\/11\/bg.png)\">\n\t<div class=\"container\">\n\t\t<div class=\"left\">\n\t\t\t<h1>Gloss\u00e1rio de iGaming<\/h1>\n\t\t\t<div class=\"text\"><p>Navegar no mundo do iGaming \u00e9 mais f\u00e1cil quando voc\u00ea conhece os termos corretos. Este gloss\u00e1rio de jogos de azar apresenta a voc\u00ea os termos e a terminologia comuns de jogos de azar, fornecendo defini\u00e7\u00f5es claras que o ajudam a entender os jogos, as estrat\u00e9gias e as op\u00e7\u00f5es de apostas. Explore a lista e aumente seu vocabul\u00e1rio de jogos de azar.  <\/p>\n<\/div>\n\t\t<\/div>\n\t\t<div class=\"right\">\n\t\t\t<div class=\"tags\">\n\t\t\t\t\t\t\t\t\t<span class=\"tag\">GGR<\/span>\n\t\t\t\t\t\t\t\t\t<span class=\"tag\">PROVEDOR<\/span>\n\t\t\t\t\t\t\t\t\t<span class=\"tag\">PLATAFORMA<\/span>\n\t\t\t\t\t\t\t\t\t<span class=\"tag\">VOLATILIDADE<\/span>\n\t\t\t\t\t\t\t\t\t<span class=\"tag\">RTP<\/span>\n\t\t\t\t\t\t\t\t\t<span class=\"tag\">OPERADORA<\/span>\n\t\t\t\t\t\t\t\t\t<span class=\"tag\">APOSTAS<\/span>\n\t\t\t\t\t\t\t\t\t<span class=\"tag\">SOLU\u00c7\u00d5ES DE MARCA BRANCA<\/span>\n\t\t\t\t\t\t\t<\/div>\n\t\t<\/div>\n\t<\/div>\n<\/div>\n\n<div>\n\t<div class=\"filters\">\n\t\t<div class=\"container\">\n\t\t\t<div class=\"upper-filters\">\n\t\t\t\t<div class=\"search\">\n\t\t\t\t\t<div class=\"catalog-search\">\n\t\t\t\t\t\t<input\n\t\t\t\t\t\t\ttype=\"search\"\n\t\t\t\t\t\t\tid=\"glossary-search\"\n\t\t\t\t\t\t\tclass=\"glossary-search-input\"\n\t\t\t\t\t\t\tplaceholder=\"Pesquisar\"\n\t\t\t\t\t\t\tautocomplete=\"off\"\n\t\t\t\t\t\t\taria-label=\"Pesquisar\"\n\t\t\t\t\t\t\/>\n\t\t\t\t\t\t<span class=\"catalog-icon\" aria-hidden=\"true\">\n\t\t\t\t\t\t<svg xmlns=\"http:\/\/www.w3.org\/2000\/svg\" width=\"16\" height=\"16\" viewBox=\"0 0 16 16\" fill=\"none\">\n\t\t\t\t\t\t\t<path fill-rule=\"evenodd\" clip-rule=\"evenodd\" d=\"M3.33333 7.33333C3.33333 5.12733 5.12733 3.33333 7.33333 3.33333C9.53933 3.33333 11.3333 5.12733 11.3333 7.33333C11.3333 9.53933 9.53933 11.3333 7.33333 11.3333C5.12733 11.3333 3.33333 9.53933 3.33333 7.33333ZM13.8047 12.862L11.5413 10.598C12.2433 9.69533 12.6667 8.564 12.6667 7.33333C12.6667 4.39267 10.274 2 7.33333 2C4.39267 2 2 4.39267 2 7.33333C2 10.274 4.39267 12.6667 7.33333 12.6667C8.564 12.6667 9.69533 12.2433 10.598 11.5413L12.862 13.8047C12.992 13.9347 13.1627 14 13.3333 14C13.504 14 13.6747 13.9347 13.8047 13.8047C14.0653 13.544 14.0653 13.1227 13.8047 12.862Z\" fill=\"#B2AEBD\"\/>\n\t\t\t\t\t\t<\/svg>\n\t\t\t\t\t<\/span>\n\t\t\t\t\t<\/div>\n\t\t\t\t<\/div>\n\n\t\t\t\t<div class=\"categories\">\n\t\t\t\t\t\t\t\t\t\t\t\t\t\t\t\t<button type=\"button\" class=\"cat-filter__clear\" data-action=\"clear\" hidden>\n\t\t\t\t\t\t\tClear\t\t\t\t\t\t\t<svg width=\"11\" height=\"11\" viewBox=\"0 0 11 11\" fill=\"none\" xmlns=\"http:\/\/www.w3.org\/2000\/svg\">\n\t\t\t\t\t\t\t\t<path d=\"M0.75 0.75L10.0827 10.0827\" stroke=\"#17161C\" stroke-width=\"1.5\" stroke-linecap=\"round\" stroke-linejoin=\"round\"\/>\n\t\t\t\t\t\t\t\t<path d=\"M0.749325 10.0827L10.082 0.75\" stroke=\"#17161C\" stroke-width=\"1.5\" stroke-linecap=\"round\" stroke-linejoin=\"round\"\/>\n\t\t\t\t\t\t\t<\/svg>\n\t\t\t\t\t\t<\/button>\n\n\t\t\t\t\t\t<div class=\"cat-filter\">\n\t\t\t\t\t\t\t<button type=\"button\" class=\"cat-filter__toggle\" aria-haspopup=\"true\" aria-expanded=\"false\">\n\t\t\t\t\t\t\t\t<span class=\"cat-filter__label\">Categorias<\/span>\n\t\t\t\t\t\t\t\t<span class=\"cat-filter__badge\" hidden>0<\/span>\n\t\t\t\t\t\t\t<\/button>\n\t\t\t\t\t\t\t<div class=\"cat-filter__menu\" role=\"menu\" aria-hidden=\"true\">\n\t\t\t\t\t\t\t\t<div class=\"cat-filter__list\">\n\t\t\t\t\t\t\t\t\t<div class=\"cat-filter__item\">\n\t\t\t\t\t\t\t\t\t\t<label class=\"cat-filter__option\">\n\t\t\t\t\t\t\t\t\t\t\t<input type=\"checkbox\" class=\"cat-filter__checkbox\" value=\"__all__\"\/>\n\t\t\t\t\t\t\t\t\t\t\t<span class=\"cat-filter__check\"><\/span>\n\t\t\t\t\t\t\t\t\t\t\t<span class=\"cat-filter__text\">Todas As Categorias<\/span>\n\t\t\t\t\t\t\t\t\t\t<\/label>\n\t\t\t\t\t\t\t\t\t<\/div>\n\t\t\t\t\t\t\t\t\t\t\t\t\t\t\t\t\t\t\t<div class=\"cat-filter__item\">\n\t\t\t\t\t\t\t\t\t\t\t<label class=\"cat-filter__option\">\n\t\t\t\t\t\t\t\t\t\t\t\t<input type=\"checkbox\" class=\"cat-filter__checkbox\" value=\"basics-of-igaming-and-business-models\" data-term-id=\"3592\"\/>\n\t\t\t\t\t\t\t\t\t\t\t\t<span class=\"cat-filter__check\"><\/span>\n\t\t\t\t\t\t\t\t\t\t\t\t<span class=\"cat-filter__text\">No\u00e7\u00f5es b\u00e1sicas de IGaming e modelos de neg\u00f3cios<\/span>\n\t\t\t\t\t\t\t\t\t\t\t<\/label>\n\t\t\t\t\t\t\t\t\t\t<\/div>\n\t\t\t\t\t\t\t\t\t\t\t\t\t\t\t\t\t\t\t<div class=\"cat-filter__item\">\n\t\t\t\t\t\t\t\t\t\t\t<label class=\"cat-filter__option\">\n\t\t\t\t\t\t\t\t\t\t\t\t<input type=\"checkbox\" class=\"cat-filter__checkbox\" value=\"jogos-e-mecanica\" data-term-id=\"3595\"\/>\n\t\t\t\t\t\t\t\t\t\t\t\t<span class=\"cat-filter__check\"><\/span>\n\t\t\t\t\t\t\t\t\t\t\t\t<span class=\"cat-filter__text\">Jogos e mec\u00e2nica<\/span>\n\t\t\t\t\t\t\t\t\t\t\t<\/label>\n\t\t\t\t\t\t\t\t\t\t<\/div>\n\t\t\t\t\t\t\t\t\t\t\t\t\t\t\t\t\t\t\t<div class=\"cat-filter__item\">\n\t\t\t\t\t\t\t\t\t\t\t<label class=\"cat-filter__option\">\n\t\t\t\t\t\t\t\t\t\t\t\t<input type=\"checkbox\" class=\"cat-filter__checkbox\" value=\"pagamentos-e-seguranca\" data-term-id=\"3599\"\/>\n\t\t\t\t\t\t\t\t\t\t\t\t<span class=\"cat-filter__check\"><\/span>\n\t\t\t\t\t\t\t\t\t\t\t\t<span class=\"cat-filter__text\">Pagamentos e seguran\u00e7a<\/span>\n\t\t\t\t\t\t\t\t\t\t\t<\/label>\n\t\t\t\t\t\t\t\t\t\t<\/div>\n\t\t\t\t\t\t\t\t\t\t\t\t\t\t\t\t\t\t\t<div class=\"cat-filter__item\">\n\t\t\t\t\t\t\t\t\t\t\t<label class=\"cat-filter__option\">\n\t\t\t\t\t\t\t\t\t\t\t\t<input type=\"checkbox\" class=\"cat-filter__checkbox\" value=\"termos-financeiros-e-metricas\" data-term-id=\"3603\"\/>\n\t\t\t\t\t\t\t\t\t\t\t\t<span class=\"cat-filter__check\"><\/span>\n\t\t\t\t\t\t\t\t\t\t\t\t<span class=\"cat-filter__text\">Termos financeiros e m\u00e9tricas<\/span>\n\t\t\t\t\t\t\t\t\t\t\t<\/label>\n\t\t\t\t\t\t\t\t\t\t<\/div>\n\t\t\t\t\t\t\t\t\t\t\t\t\t\t\t\t\t\t\t<div class=\"cat-filter__item\">\n\t\t\t\t\t\t\t\t\t\t\t<label class=\"cat-filter__option\">\n\t\t\t\t\t\t\t\t\t\t\t\t<input type=\"checkbox\" class=\"cat-filter__checkbox\" value=\"apostas-em-esportes\" data-term-id=\"3605\"\/>\n\t\t\t\t\t\t\t\t\t\t\t\t<span class=\"cat-filter__check\"><\/span>\n\t\t\t\t\t\t\t\t\t\t\t\t<span class=\"cat-filter__text\">Apostas em esportes<\/span>\n\t\t\t\t\t\t\t\t\t\t\t<\/label>\n\t\t\t\t\t\t\t\t\t\t<\/div>\n\t\t\t\t\t\t\t\t\t\t\t\t\t\t\t\t\t\t\t<div class=\"cat-filter__item\">\n\t\t\t\t\t\t\t\t\t\t\t<label class=\"cat-filter__option\">\n\t\t\t\t\t\t\t\t\t\t\t\t<input type=\"checkbox\" class=\"cat-filter__checkbox\" value=\"bonus-e-promocoes\" data-term-id=\"3613\"\/>\n\t\t\t\t\t\t\t\t\t\t\t\t<span class=\"cat-filter__check\"><\/span>\n\t\t\t\t\t\t\t\t\t\t\t\t<span class=\"cat-filter__text\">B\u00f4nus e promo\u00e7\u00f5es<\/span>\n\t\t\t\t\t\t\t\t\t\t\t<\/label>\n\t\t\t\t\t\t\t\t\t\t<\/div>\n\t\t\t\t\t\t\t\t\t\t\t\t\t\t\t\t\t\t\t<div class=\"cat-filter__item\">\n\t\t\t\t\t\t\t\t\t\t\t<label class=\"cat-filter__option\">\n\t\t\t\t\t\t\t\t\t\t\t\t<input type=\"checkbox\" class=\"cat-filter__checkbox\" value=\"marketing-e-retencao\" data-term-id=\"3617\"\/>\n\t\t\t\t\t\t\t\t\t\t\t\t<span class=\"cat-filter__check\"><\/span>\n\t\t\t\t\t\t\t\t\t\t\t\t<span class=\"cat-filter__text\">Marketing e reten\u00e7\u00e3o<\/span>\n\t\t\t\t\t\t\t\t\t\t\t<\/label>\n\t\t\t\t\t\t\t\t\t\t<\/div>\n\t\t\t\t\t\t\t\t\t\t\t\t\t\t\t\t\t\t\t<div class=\"cat-filter__item\">\n\t\t\t\t\t\t\t\t\t\t\t<label class=\"cat-filter__option\">\n\t\t\t\t\t\t\t\t\t\t\t\t<input type=\"checkbox\" class=\"cat-filter__checkbox\" value=\"jogadores-e-seu-comportamento\" data-term-id=\"3620\"\/>\n\t\t\t\t\t\t\t\t\t\t\t\t<span class=\"cat-filter__check\"><\/span>\n\t\t\t\t\t\t\t\t\t\t\t\t<span class=\"cat-filter__text\">Jogadores e seu comportamento<\/span>\n\t\t\t\t\t\t\t\t\t\t\t<\/label>\n\t\t\t\t\t\t\t\t\t\t<\/div>\n\t\t\t\t\t\t\t\t\t\t\t\t\t\t\t\t\t<\/div>\n\t\t\t\t\t\t\t<\/div>\n\t\t\t\t\t\t<\/div>\n\t\t\t\t\t\t\t\t\t<\/div>\n\t\t\t<\/div>\n\n\t\t\t<div class=\"letters-filter\">\n\t\t\t\t<div class=\"letters-list\"><span class=\"letter show-all active\" data-id=\"all\" data-slug=\"all\">Tudos<\/span><span class=\"letter\" data-id=\"3625\" data-slug=\"a\">A<\/span><span class=\"letter\" data-id=\"3639\" data-slug=\"b\">B<\/span><span class=\"letter\" data-id=\"3640\" data-slug=\"c\">C<\/span><span class=\"letter\" data-id=\"3642\" data-slug=\"d\">D<\/span><span class=\"letter\" data-id=\"3636\" data-slug=\"e\">E<\/span><span class=\"letter\" data-id=\"3644\" data-slug=\"f\">F<\/span><span class=\"letter\" data-id=\"3646\" data-slug=\"g\">G<\/span><span class=\"letter\" data-id=\"3621\" data-slug=\"h\">H<\/span><span class=\"letter\" data-id=\"3637\" data-slug=\"i\">I<\/span><span class=\"letter\" data-id=\"3648\" data-slug=\"j\">J<\/span><span class=\"letter\" data-id=\"3651\" data-slug=\"k\">K<\/span><span class=\"letter\" data-id=\"3632\" data-slug=\"l\">L<\/span><span class=\"letter\" data-id=\"3630\" data-slug=\"m\">M<\/span><span class=\"letter\" data-id=\"3627\" data-slug=\"n\">N<\/span><span class=\"letter\" data-id=\"3628\" data-slug=\"o\">O<\/span><span class=\"letter\" data-id=\"3618\" data-slug=\"p\">P<\/span><span class=\"letter\" data-id=\"3615\" data-slug=\"q\">Q<\/span><span class=\"letter\" data-id=\"3611\" data-slug=\"r\">R<\/span><span class=\"letter\" data-id=\"3608\" data-slug=\"s\">S<\/span><span class=\"letter\" data-id=\"3635\" data-slug=\"t\">T<\/span><span class=\"letter\" data-id=\"3602\" data-slug=\"v\">V<\/span><span class=\"letter\" data-id=\"3593\" data-slug=\"w\">W<\/span><\/div>\t\t\t<\/div>\n\t\t<\/div>\n\t<\/div>\n\n\t<div class=\"result\" aria-live=\"polite\">\n\t\t<div class=\"container\">\n\t\t\t\t\t\t\t<div class=\"glossary-index\">\n\t\t\t\t\t\t\t\t\t\t\t<div class=\"glossary-group\" id=\"glossary-t\">\n\t\t\t\t\t\t\t<p class=\"glossary-term-title \">T<\/p>\n\t\t\t\t\t\t\t<div class=\"glossary-posts\">\n\t\t\t\t\t\t\t\t\t\t\t\t\t\t\t\t\t<article class=\"glossary-post \">\n\t\t\t\t\t\t\t\t\t\t<div class=\"glossary-post__title__tax\">\n\t\t\t\t\t\t\t\t\t\t\t<p class=\"glossary-post__title\">\n\t\t\t\t\t\t\t\t\t\t\t\t<a href=\"https:\/\/bgaming.com\/pt-br\/glossary\/telegram-gambling\">\n\t\t\t\t\t\t\t\t\t\t\t\t\tJogos de azar por telegrama\t\t\t\t\t\t\t\t\t\t\t\t<\/a>\n\t\t\t\t\t\t\t\t\t\t\t<\/p>\n\t\t\t\t\t\t\t\t\t\t\t<span class=\"glossary-post__tax\">Jogos e mec\u00e2nica<\/span>\t\t\t\t\t\t\t\t\t\t<\/div>\n\t\t\t\t\t\t\t\t\t\t<p class=\"glossary-post__more\">\n\t\t\t\t\t\t\t\t\t\t\t<a class=\"btn--learn-more\" href=\"https:\/\/bgaming.com\/pt-br\/glossary\/telegram-gambling\">\n\t\t\t\t\t\t\t\t\t\t\t\tSaiba mais\t\t\t\t\t\t\t\t\t\t\t<\/a>\n\t\t\t\t\t\t\t\t\t\t<\/p>\n\t\t\t\t\t\t\t\t\t<\/article>\n\t\t\t\t\t\t\t\t\t\t\t\t\t\t\t\t\t\t<article class=\"glossary-post \">\n\t\t\t\t\t\t\t\t\t\t<div class=\"glossary-post__title__tax\">\n\t\t\t\t\t\t\t\t\t\t\t<p class=\"glossary-post__title\">\n\t\t\t\t\t\t\t\t\t\t\t\t<a href=\"https:\/\/bgaming.com\/pt-br\/glossary\/table-games\">\n\t\t\t\t\t\t\t\t\t\t\t\t\tJogos de mesa\t\t\t\t\t\t\t\t\t\t\t\t<\/a>\n\t\t\t\t\t\t\t\t\t\t\t<\/p>\n\t\t\t\t\t\t\t\t\t\t\t<span class=\"glossary-post__tax\">Jogos e mec\u00e2nica<\/span>\t\t\t\t\t\t\t\t\t\t<\/div>\n\t\t\t\t\t\t\t\t\t\t<p class=\"glossary-post__more\">\n\t\t\t\t\t\t\t\t\t\t\t<a class=\"btn--learn-more\" href=\"https:\/\/bgaming.com\/pt-br\/glossary\/table-games\">\n\t\t\t\t\t\t\t\t\t\t\t\tSaiba mais\t\t\t\t\t\t\t\t\t\t\t<\/a>\n\t\t\t\t\t\t\t\t\t\t<\/p>\n\t\t\t\t\t\t\t\t\t<\/article>\n\t\t\t\t\t\t\t\t\t\t\t\t\t\t\t\t\t\t<article class=\"glossary-post \">\n\t\t\t\t\t\t\t\t\t\t<div class=\"glossary-post__title__tax\">\n\t\t\t\t\t\t\t\t\t\t\t<p class=\"glossary-post__title\">\n\t\t\t\t\t\t\t\t\t\t\t\t<a href=\"https:\/\/bgaming.com\/pt-br\/glossary\/turnkey-gambling-solution\">\n\t\t\t\t\t\t\t\t\t\t\t\t\tSolu\u00e7\u00e3o de jogo pronta para uso\t\t\t\t\t\t\t\t\t\t\t\t<\/a>\n\t\t\t\t\t\t\t\t\t\t\t<\/p>\n\t\t\t\t\t\t\t\t\t\t\t<span class=\"glossary-post__tax\">No\u00e7\u00f5es b\u00e1sicas de IGaming e modelos de neg\u00f3cios<\/span>\t\t\t\t\t\t\t\t\t\t<\/div>\n\t\t\t\t\t\t\t\t\t\t<p class=\"glossary-post__more\">\n\t\t\t\t\t\t\t\t\t\t\t<a class=\"btn--learn-more\" href=\"https:\/\/bgaming.com\/pt-br\/glossary\/turnkey-gambling-solution\">\n\t\t\t\t\t\t\t\t\t\t\t\tSaiba mais\t\t\t\t\t\t\t\t\t\t\t<\/a>\n\t\t\t\t\t\t\t\t\t\t<\/p>\n\t\t\t\t\t\t\t\t\t<\/article>\n\t\t\t\t\t\t\t\t\t\t\t\t\t\t\t\t\t\t<article class=\"glossary-post \">\n\t\t\t\t\t\t\t\t\t\t<div class=\"glossary-post__title__tax\">\n\t\t\t\t\t\t\t\t\t\t\t<p class=\"glossary-post__title\">\n\t\t\t\t\t\t\t\t\t\t\t\t<a href=\"https:\/\/bgaming.com\/pt-br\/glossary\/total-win\">\n\t\t\t\t\t\t\t\t\t\t\t\t\tVit\u00f3ria total\t\t\t\t\t\t\t\t\t\t\t\t<\/a>\n\t\t\t\t\t\t\t\t\t\t\t<\/p>\n\t\t\t\t\t\t\t\t\t\t\t<span class=\"glossary-post__tax\">Termos financeiros e m\u00e9tricas<\/span>\t\t\t\t\t\t\t\t\t\t<\/div>\n\t\t\t\t\t\t\t\t\t\t<p class=\"glossary-post__more\">\n\t\t\t\t\t\t\t\t\t\t\t<a class=\"btn--learn-more\" href=\"https:\/\/bgaming.com\/pt-br\/glossary\/total-win\">\n\t\t\t\t\t\t\t\t\t\t\t\tSaiba mais\t\t\t\t\t\t\t\t\t\t\t<\/a>\n\t\t\t\t\t\t\t\t\t\t<\/p>\n\t\t\t\t\t\t\t\t\t<\/article>\n\t\t\t\t\t\t\t\t\t\t\t\t\t\t\t\t<\/div>\n\t\t\t\t\t\t\t\t\t\t\t\t\t<\/div>\n\t\t\t\t\t\t\t\t\t\t\t<div class=\"glossary-group\" id=\"glossary-e\">\n\t\t\t\t\t\t\t<p class=\"glossary-term-title \">E<\/p>\n\t\t\t\t\t\t\t<div class=\"glossary-posts\">\n\t\t\t\t\t\t\t\t\t\t\t\t\t\t\t\t\t<article class=\"glossary-post \">\n\t\t\t\t\t\t\t\t\t\t<div class=\"glossary-post__title__tax\">\n\t\t\t\t\t\t\t\t\t\t\t<p class=\"glossary-post__title\">\n\t\t\t\t\t\t\t\t\t\t\t\t<a href=\"https:\/\/bgaming.com\/pt-br\/glossary\/esports\">\n\t\t\t\t\t\t\t\t\t\t\t\t\teSports\t\t\t\t\t\t\t\t\t\t\t\t<\/a>\n\t\t\t\t\t\t\t\t\t\t\t<\/p>\n\t\t\t\t\t\t\t\t\t\t\t<span class=\"glossary-post__tax\">Apostas em esportes<\/span>\t\t\t\t\t\t\t\t\t\t<\/div>\n\t\t\t\t\t\t\t\t\t\t<p class=\"glossary-post__more\">\n\t\t\t\t\t\t\t\t\t\t\t<a class=\"btn--learn-more\" href=\"https:\/\/bgaming.com\/pt-br\/glossary\/esports\">\n\t\t\t\t\t\t\t\t\t\t\t\tSaiba mais\t\t\t\t\t\t\t\t\t\t\t<\/a>\n\t\t\t\t\t\t\t\t\t\t<\/p>\n\t\t\t\t\t\t\t\t\t<\/article>\n\t\t\t\t\t\t\t\t\t\t\t\t\t\t\t\t<\/div>\n\t\t\t\t\t\t\t\t\t\t\t\t\t<\/div>\n\t\t\t\t\t\t\t\t\t\t\t<div class=\"glossary-group\" id=\"glossary-i\">\n\t\t\t\t\t\t\t<p class=\"glossary-term-title \">I<\/p>\n\t\t\t\t\t\t\t<div class=\"glossary-posts\">\n\t\t\t\t\t\t\t\t\t\t\t\t\t\t\t\t\t<article class=\"glossary-post \">\n\t\t\t\t\t\t\t\t\t\t<div class=\"glossary-post__title__tax\">\n\t\t\t\t\t\t\t\t\t\t\t<p class=\"glossary-post__title\">\n\t\t\t\t\t\t\t\t\t\t\t\t<a href=\"https:\/\/bgaming.com\/pt-br\/glossary\/igaming\">\n\t\t\t\t\t\t\t\t\t\t\t\t\tiGaming\t\t\t\t\t\t\t\t\t\t\t\t<\/a>\n\t\t\t\t\t\t\t\t\t\t\t<\/p>\n\t\t\t\t\t\t\t\t\t\t\t<span class=\"glossary-post__tax\">No\u00e7\u00f5es b\u00e1sicas de IGaming e modelos de neg\u00f3cios<\/span>\t\t\t\t\t\t\t\t\t\t<\/div>\n\t\t\t\t\t\t\t\t\t\t<p class=\"glossary-post__more\">\n\t\t\t\t\t\t\t\t\t\t\t<a class=\"btn--learn-more\" href=\"https:\/\/bgaming.com\/pt-br\/glossary\/igaming\">\n\t\t\t\t\t\t\t\t\t\t\t\tSaiba mais\t\t\t\t\t\t\t\t\t\t\t<\/a>\n\t\t\t\t\t\t\t\t\t\t<\/p>\n\t\t\t\t\t\t\t\t\t<\/article>\n\t\t\t\t\t\t\t\t\t\t\t\t\t\t\t\t<\/div>\n\t\t\t\t\t\t\t\t\t\t\t\t\t<\/div>\n\t\t\t\t\t\t\t\t\t\t\t<div class=\"glossary-group\" id=\"glossary-b\">\n\t\t\t\t\t\t\t<p class=\"glossary-term-title \">B<\/p>\n\t\t\t\t\t\t\t<div class=\"glossary-posts\">\n\t\t\t\t\t\t\t\t\t\t\t\t\t\t\t\t\t<article class=\"glossary-post \">\n\t\t\t\t\t\t\t\t\t\t<div class=\"glossary-post__title__tax\">\n\t\t\t\t\t\t\t\t\t\t\t<p class=\"glossary-post__title\">\n\t\t\t\t\t\t\t\t\t\t\t\t<a href=\"https:\/\/bgaming.com\/pt-br\/glossary\/bonus-abuse\">\n\t\t\t\t\t\t\t\t\t\t\t\t\tAbuso de b\u00f4nus\t\t\t\t\t\t\t\t\t\t\t\t<\/a>\n\t\t\t\t\t\t\t\t\t\t\t<\/p>\n\t\t\t\t\t\t\t\t\t\t\t<span class=\"glossary-post__tax\">Pagamentos e seguran\u00e7a<\/span>\t\t\t\t\t\t\t\t\t\t<\/div>\n\t\t\t\t\t\t\t\t\t\t<p class=\"glossary-post__more\">\n\t\t\t\t\t\t\t\t\t\t\t<a class=\"btn--learn-more\" href=\"https:\/\/bgaming.com\/pt-br\/glossary\/bonus-abuse\">\n\t\t\t\t\t\t\t\t\t\t\t\tSaiba mais\t\t\t\t\t\t\t\t\t\t\t<\/a>\n\t\t\t\t\t\t\t\t\t\t<\/p>\n\t\t\t\t\t\t\t\t\t<\/article>\n\t\t\t\t\t\t\t\t\t\t\t\t\t\t\t\t\t\t<article class=\"glossary-post \">\n\t\t\t\t\t\t\t\t\t\t<div class=\"glossary-post__title__tax\">\n\t\t\t\t\t\t\t\t\t\t\t<p class=\"glossary-post__title\">\n\t\t\t\t\t\t\t\t\t\t\t\t<a href=\"https:\/\/bgaming.com\/pt-br\/glossary\/baccarat\">\n\t\t\t\t\t\t\t\t\t\t\t\t\tBacar\u00e1\t\t\t\t\t\t\t\t\t\t\t\t<\/a>\n\t\t\t\t\t\t\t\t\t\t\t<\/p>\n\t\t\t\t\t\t\t\t\t\t\t<span class=\"glossary-post__tax\">Jogos e mec\u00e2nica<\/span>\t\t\t\t\t\t\t\t\t\t<\/div>\n\t\t\t\t\t\t\t\t\t\t<p class=\"glossary-post__more\">\n\t\t\t\t\t\t\t\t\t\t\t<a class=\"btn--learn-more\" href=\"https:\/\/bgaming.com\/pt-br\/glossary\/baccarat\">\n\t\t\t\t\t\t\t\t\t\t\t\tSaiba mais\t\t\t\t\t\t\t\t\t\t\t<\/a>\n\t\t\t\t\t\t\t\t\t\t<\/p>\n\t\t\t\t\t\t\t\t\t<\/article>\n\t\t\t\t\t\t\t\t\t\t\t\t\t\t\t\t\t\t<article class=\"glossary-post \">\n\t\t\t\t\t\t\t\t\t\t<div class=\"glossary-post__title__tax\">\n\t\t\t\t\t\t\t\t\t\t\t<p class=\"glossary-post__title\">\n\t\t\t\t\t\t\t\t\t\t\t\t<a href=\"https:\/\/bgaming.com\/pt-br\/glossary\/bingo\">\n\t\t\t\t\t\t\t\t\t\t\t\t\tBingo\t\t\t\t\t\t\t\t\t\t\t\t<\/a>\n\t\t\t\t\t\t\t\t\t\t\t<\/p>\n\t\t\t\t\t\t\t\t\t\t\t<span class=\"glossary-post__tax\">Jogos e mec\u00e2nica<\/span>\t\t\t\t\t\t\t\t\t\t<\/div>\n\t\t\t\t\t\t\t\t\t\t<p class=\"glossary-post__more\">\n\t\t\t\t\t\t\t\t\t\t\t<a class=\"btn--learn-more\" href=\"https:\/\/bgaming.com\/pt-br\/glossary\/bingo\">\n\t\t\t\t\t\t\t\t\t\t\t\tSaiba mais\t\t\t\t\t\t\t\t\t\t\t<\/a>\n\t\t\t\t\t\t\t\t\t\t<\/p>\n\t\t\t\t\t\t\t\t\t<\/article>\n\t\t\t\t\t\t\t\t\t\t\t\t\t\t\t\t\t\t<article class=\"glossary-post \">\n\t\t\t\t\t\t\t\t\t\t<div class=\"glossary-post__title__tax\">\n\t\t\t\t\t\t\t\t\t\t\t<p class=\"glossary-post__title\">\n\t\t\t\t\t\t\t\t\t\t\t\t<a href=\"https:\/\/bgaming.com\/pt-br\/glossary\/blackjack\">\n\t\t\t\t\t\t\t\t\t\t\t\t\tBlackjack\t\t\t\t\t\t\t\t\t\t\t\t<\/a>\n\t\t\t\t\t\t\t\t\t\t\t<\/p>\n\t\t\t\t\t\t\t\t\t\t\t<span class=\"glossary-post__tax\">Jogos e mec\u00e2nica<\/span>\t\t\t\t\t\t\t\t\t\t<\/div>\n\t\t\t\t\t\t\t\t\t\t<p class=\"glossary-post__more\">\n\t\t\t\t\t\t\t\t\t\t\t<a class=\"btn--learn-more\" href=\"https:\/\/bgaming.com\/pt-br\/glossary\/blackjack\">\n\t\t\t\t\t\t\t\t\t\t\t\tSaiba mais\t\t\t\t\t\t\t\t\t\t\t<\/a>\n\t\t\t\t\t\t\t\t\t\t<\/p>\n\t\t\t\t\t\t\t\t\t<\/article>\n\t\t\t\t\t\t\t\t\t\t\t\t\t\t\t\t\t\t<article class=\"glossary-post \">\n\t\t\t\t\t\t\t\t\t\t<div class=\"glossary-post__title__tax\">\n\t\t\t\t\t\t\t\t\t\t\t<p class=\"glossary-post__title\">\n\t\t\t\t\t\t\t\t\t\t\t\t<a href=\"https:\/\/bgaming.com\/pt-br\/glossary\/bookmaker-or-bookie\">\n\t\t\t\t\t\t\t\t\t\t\t\t\tBookmaker (ou Bookie)\t\t\t\t\t\t\t\t\t\t\t\t<\/a>\n\t\t\t\t\t\t\t\t\t\t\t<\/p>\n\t\t\t\t\t\t\t\t\t\t\t<span class=\"glossary-post__tax\">Apostas em esportes<\/span>\t\t\t\t\t\t\t\t\t\t<\/div>\n\t\t\t\t\t\t\t\t\t\t<p class=\"glossary-post__more\">\n\t\t\t\t\t\t\t\t\t\t\t<a class=\"btn--learn-more\" href=\"https:\/\/bgaming.com\/pt-br\/glossary\/bookmaker-or-bookie\">\n\t\t\t\t\t\t\t\t\t\t\t\tSaiba mais\t\t\t\t\t\t\t\t\t\t\t<\/a>\n\t\t\t\t\t\t\t\t\t\t<\/p>\n\t\t\t\t\t\t\t\t\t<\/article>\n\t\t\t\t\t\t\t\t\t\t\t\t\t\t\t\t\t\t<article class=\"glossary-post \">\n\t\t\t\t\t\t\t\t\t\t<div class=\"glossary-post__title__tax\">\n\t\t\t\t\t\t\t\t\t\t\t<p class=\"glossary-post__title\">\n\t\t\t\t\t\t\t\t\t\t\t\t<a href=\"https:\/\/bgaming.com\/pt-br\/glossary\/bitcoin-casino\">\n\t\t\t\t\t\t\t\t\t\t\t\t\tCassino de Bitcoin\t\t\t\t\t\t\t\t\t\t\t\t<\/a>\n\t\t\t\t\t\t\t\t\t\t\t<\/p>\n\t\t\t\t\t\t\t\t\t\t\t<span class=\"glossary-post__tax\">No\u00e7\u00f5es b\u00e1sicas de IGaming e modelos de neg\u00f3cios<\/span>\t\t\t\t\t\t\t\t\t\t<\/div>\n\t\t\t\t\t\t\t\t\t\t<p class=\"glossary-post__more\">\n\t\t\t\t\t\t\t\t\t\t\t<a class=\"btn--learn-more\" href=\"https:\/\/bgaming.com\/pt-br\/glossary\/bitcoin-casino\">\n\t\t\t\t\t\t\t\t\t\t\t\tSaiba mais\t\t\t\t\t\t\t\t\t\t\t<\/a>\n\t\t\t\t\t\t\t\t\t\t<\/p>\n\t\t\t\t\t\t\t\t\t<\/article>\n\t\t\t\t\t\t\t\t\t\t\t\t\t\t\t\t\t\t<article class=\"glossary-post \">\n\t\t\t\t\t\t\t\t\t\t<div class=\"glossary-post__title__tax\">\n\t\t\t\t\t\t\t\t\t\t\t<p class=\"glossary-post__title\">\n\t\t\t\t\t\t\t\t\t\t\t\t<a href=\"https:\/\/bgaming.com\/pt-br\/glossary\/bonus-system\">\n\t\t\t\t\t\t\t\t\t\t\t\t\tSistema de b\u00f4nus\t\t\t\t\t\t\t\t\t\t\t\t<\/a>\n\t\t\t\t\t\t\t\t\t\t\t<\/p>\n\t\t\t\t\t\t\t\t\t\t\t<span class=\"glossary-post__tax\">Marketing e reten\u00e7\u00e3o<\/span>\t\t\t\t\t\t\t\t\t\t<\/div>\n\t\t\t\t\t\t\t\t\t\t<p class=\"glossary-post__more\">\n\t\t\t\t\t\t\t\t\t\t\t<a class=\"btn--learn-more\" href=\"https:\/\/bgaming.com\/pt-br\/glossary\/bonus-system\">\n\t\t\t\t\t\t\t\t\t\t\t\tSaiba mais\t\t\t\t\t\t\t\t\t\t\t<\/a>\n\t\t\t\t\t\t\t\t\t\t<\/p>\n\t\t\t\t\t\t\t\t\t<\/article>\n\t\t\t\t\t\t\t\t\t\t\t\t\t\t\t\t<\/div>\n\t\t\t\t\t\t\t\t\t\t\t\t\t<\/div>\n\t\t\t\t\t\n\t\t\t\t\t\t\t\t\t\t\t<button class=\"load-more-groups-btn\"\n\t\t\t\t\t\t\t\tdata-total=\"22\"\n\t\t\t\t\t\t\t\tdata-offset=\"4\">\n\t\t\t\t\t\t\tMostrar mais\t\t\t\t\t\t<\/button>\n\t\t\t\t\t\t\t\t\t<\/div>\n\n\t\t\t\t\t<\/div>\n\t<\/div>\n<\/div>\n<div\nclass=\"cta-banner align wp-block-acf-cta-banner is-layout-flow wp-block-cta-banner-is-layout-flow\" id=\"cta-banner-acf-block-67b82bb2ddb06\">\n\t<div class=\"cta-banner__bg-wrapper\" style=\"background-color: #ffcc29;background-image: url( https:\/\/bgaming.com\/wp-content\/uploads\/2025\/02\/bg.svg );\">\n\t\t<div class=\"container\">\n\t\t\t<div class=\"cta-banner__wrapper parallax-wrapper\">\n\t\t\t\t<div class=\"acf-innerblocks-container\">\n\n<div class=\"wp-block-columns cta-banner__data is-layout-flex wp-container-core-columns-is-layout-28f84493 wp-block-columns-is-layout-flex\">\n<div class=\"wp-block-column cta-banner__data_text is-layout-flow wp-block-column-is-layout-flow\">\n<p class=\"has-cairo-font-family has-font-56-px-font-size\" style=\"font-style:normal;font-weight:1000;line-height:1;text-transform:uppercase\">Vamos iniciar uma conversa<\/p>\n\n\n\n<p><\/p>\n\n\n\n<p>Voc\u00ea gostaria de iniciar uma conversa com a BGaming em qualquer \u00e1rea? Entre em contato conosco! <\/p>\n\n\n\n<div class=\"wp-block-buttons is-layout-flex wp-block-buttons-is-layout-flex\">\n<div class=\"wp-block-button is-style-vite-outline-black-button\"><a class=\"wp-block-button__link wp-element-button\" href=\"https:\/\/bgaming.com\/pt-br\/contact-us\">Entre em contato conosco<\/a><\/div>\n<\/div>\n<\/div>\n<\/div>\n\n<\/div>\n\n\t\t\t\t\t\t\t\t\t<div class=\"cta-banner__images parallax\">\n\t\t\t\t\t\t\t\t\t\t\t\t\t<div class=\"parallax-container image-coin-left\">\n\t\t\t\t\t\t\t\t<img src=\"https:\/\/bgaming.com\/wp-content\/uploads\/2025\/02\/left.webp\" loading=\"lazy\" decoding=\"async\" alt=\"\">\t\t\t\t\t\t\t<\/div>\n\t\t\t\t\t\t\t\t\t\t\t\t\t\t\t\t\t\t\t<div class=\"parallax-container main-image\">\n\t\t\t\t\t\t\t\t<img src=\"https:\/\/bgaming.com\/wp-content\/uploads\/2025\/02\/main.webp\" loading=\"lazy\" decoding=\"async\" alt=\"\">\t\t\t\t\t\t\t<\/div>\n\t\t\t\t\t\t\t\t\t\t\t\t\t\t\t\t\t\t\t<div class=\"parallax-container image-coin-right\">\n\t\t\t\t\t\t\t\t<img src=\"https:\/\/bgaming.com\/wp-content\/uploads\/2025\/02\/right.webp\" loading=\"lazy\" decoding=\"async\" alt=\"\">\t\t\t\t\t\t\t<\/div>\n\t\t\t\t\t\t\t\t\t\t\t<\/div>\n\t\t\t\t\t\t\t<\/div>\n\t\t<\/div>\n\t<\/div>\n<\/div>\n","protected":false},"excerpt":{"rendered":"","protected":false},"author":2,"featured_media":54857,"parent":0,"menu_order":0,"comment_status":"closed","ping_status":"closed","template":"","meta":{"_sitemap_exclude":false,"_sitemap_priority":"","_sitemap_frequency":"","footnotes":""},"page-group":[],"class_list":["post-55335","page","type-page","status-publish","has-post-thumbnail","hentry"],"acf":[],"_links":{"self":[{"href":"https:\/\/bgaming.com\/pt-br\/wp-json\/wp\/v2\/pages\/55335","targetHints":{"allow":["GET"]}}],"collection":[{"href":"https:\/\/bgaming.com\/pt-br\/wp-json\/wp\/v2\/pages"}],"about":[{"href":"https:\/\/bgaming.com\/pt-br\/wp-json\/wp\/v2\/types\/page"}],"author":[{"embeddable":true,"href":"https:\/\/bgaming.com\/pt-br\/wp-json\/wp\/v2\/users\/2"}],"replies":[{"embeddable":true,"href":"https:\/\/bgaming.com\/pt-br\/wp-json\/wp\/v2\/comments?post=55335"}],"version-history":[{"count":2,"href":"https:\/\/bgaming.com\/pt-br\/wp-json\/wp\/v2\/pages\/55335\/revisions"}],"predecessor-version":[{"id":55339,"href":"https:\/\/bgaming.com\/pt-br\/wp-json\/wp\/v2\/pages\/55335\/revisions\/55339"}],"wp:featuredmedia":[{"embeddable":true,"href":"https:\/\/bgaming.com\/pt-br\/wp-json\/wp\/v2\/media\/54857"}],"wp:attachment":[{"href":"https:\/\/bgaming.com\/pt-br\/wp-json\/wp\/v2\/media?parent=55335"}],"wp:term":[{"taxonomy":"page-group","embeddable":true,"href":"https:\/\/bgaming.com\/pt-br\/wp-json\/wp\/v2\/page-group?post=55335"}],"curies":[{"name":"wp","href":"https:\/\/api.w.org\/{rel}","templated":true}]}}